{"id":113,"date":"2017-03-23T12:17:16","date_gmt":"2017-03-23T11:17:16","guid":{"rendered":"http:\/\/www.fazioli.com\/profil\/"},"modified":"2026-03-17T11:24:23","modified_gmt":"2026-03-17T10:24:23","slug":"profil","status":"publish","type":"page","link":"https:\/\/www.fazioli.com\/de\/profil\/","title":{"rendered":"Profil"},"content":{"rendered":"\n<p>FAZIOLI stellt seit 1981, der Gr\u00fcndung der Firma durch den Pianisten und Ingenieur Paolo Fazioli, Fl\u00fcgel und Konzertfl\u00fcgel her. Leidenschaft f\u00fcr Musik, wissenschaftliche Kompetenz, gro\u00dfes handwerkliches Geschick, st\u00e4ndige technologische Forschung und sorgf\u00e4ltige Auswahl der Materialien sind die notwendigen Voraussetzungen, um einen Fazioli-Fl\u00fcgel herzustellen.<\/p>\n\n\n\n<p>FAZIOLI lehnt jegliches industrielle Produktionsverfahren ab und verfolgt das Ziel einer kompromisslosen Qualit\u00e4t. Die Fabrik befindet sich in Sacile, in der Provinz von Pordenone (60 Km nord\u00f6stlich von Venedig), in einer Gegend, die eine antike und bedeutende Tradition in der Kunst der Holzverarbeitung vorweisen kann.<\/p>\n\n\n\n<h2 class=\"wp-block-heading titolo-interno\">GESCHICHTE<\/h2>\n\n\n\n<figure class=\"wp-block-image size-full\"><img loading=\"lazy\" decoding=\"async\" width=\"2000\" height=\"700\" src=\"https:\/\/www.fazioli.com\/wp-content\/uploads\/2017\/03\/img-storia.jpg\" alt=\"la storia\" class=\"wp-image-47\" srcset=\"https:\/\/www.fazioli.com\/wp-content\/uploads\/2017\/03\/img-storia.jpg 2000w, https:\/\/www.fazioli.com\/wp-content\/uploads\/2017\/03\/img-storia-300x105.jpg 300w, https:\/\/www.fazioli.com\/wp-content\/uploads\/2017\/03\/img-storia-1024x358.jpg 1024w, https:\/\/www.fazioli.com\/wp-content\/uploads\/2017\/03\/img-storia-768x269.jpg 768w, https:\/\/www.fazioli.com\/wp-content\/uploads\/2017\/03\/img-storia-1536x538.jpg 1536w\" sizes=\"auto, (max-width: 2000px) 100vw, 2000px\" \/><\/figure>\n\n\n\n<p>Die Firmengeschichte ist von einem Crescendo an Erfolgen gepr\u00e4gt, von den ersten internationalen Ausstellungen zu der Akquisition von wichtigen H\u00e4ndlern, von den Verk\u00e4ufen an den weltrenommiertesten Theatern zu der immer engeren Zusammenarbeit mit ber\u00fchmten K\u00fcnstlern, die f\u00fcr ihre Auff\u00fchrungen aussschlie\u00dflich Fazioli-Fl\u00fcgel anfordern, unter ihnen der wunderbaren Pianistin Angela Hewitt und dem legend\u00e4ren Jazzmusiker Herbie Hancock.<br>[<a href=\"https:\/\/www.fazioli.com\/wp-content\/uploads\/2024\/06\/2024_06_11_storia_ENG.pdf\" data-type=\"attachment\" data-id=\"14124\" target=\"_blank\" rel=\"noreferrer noopener\">FAZIOLI: Die Geschichte \u2013 PDF herunterladen<\/a>]<\/p>\n\n\n\n<h2 class=\"wp-block-heading titolo-interno\">PRODUKTION<\/h2>\n\n\n\n<figure class=\"wp-block-image size-full\"><img loading=\"lazy\" decoding=\"async\" width=\"2000\" height=\"700\" src=\"https:\/\/www.fazioli.com\/wp-content\/uploads\/2017\/03\/img-produzione.jpg\" alt=\"Fazioli \/ produzione\" class=\"wp-image-61\" srcset=\"https:\/\/www.fazioli.com\/wp-content\/uploads\/2017\/03\/img-produzione.jpg 2000w, https:\/\/www.fazioli.com\/wp-content\/uploads\/2017\/03\/img-produzione-300x105.jpg 300w, https:\/\/www.fazioli.com\/wp-content\/uploads\/2017\/03\/img-produzione-1024x358.jpg 1024w, https:\/\/www.fazioli.com\/wp-content\/uploads\/2017\/03\/img-produzione-768x269.jpg 768w, https:\/\/www.fazioli.com\/wp-content\/uploads\/2017\/03\/img-produzione-1536x538.jpg 1536w\" sizes=\"auto, (max-width: 2000px) 100vw, 2000px\" \/><\/figure>\n\n\n\n<p>Die Produktion liegt bei etwa 150 Fl\u00fcgeln pro-Jahr, die die unterschiedlichsten M\u00e4rkte erreichen: Neben dem europ\u00e4ischen und dem amerikanischen Markt, auch China, Fernost, S\u00fcdamerika und verschiedene Schwellenl\u00e4nder. Die Kollektion besteht aus sieben Fl\u00fcgelmodellen unterschiedlicher L\u00e4ngen, vom Stutzfl\u00fcgel F156 bis hin zu den Konzertfl\u00fcgeln F278 und F308. Jegliche Art von \u00e4sthetischer Variante kann zu den Standardmodellen angewandt werden (\u201eArt Case&amp; Home Design Kollektionen\u201c). Derzeit besch\u00e4ftigt die Firma 50 Angestellten. Die FAZIOLI-Techniker bilden ein hochspezialisiertes Team, das mit Leidenschaft und Kompetenz arbeitet, in dem Bewusstsein, dass sie zur Schaffung eines einzigartigen, wertvollen und f\u00fcr die Kunstwelt bestimmten Instruments beitragen. Das ganze Produktionsverfahren, von der Geh\u00e4usegestaltung bis zum Endprodukt, dauert zwei Jahre und erfordert technologische Qualifikation, gro\u00dfes handwerkliches Geschick, strenge Auswahl der Materialien und stete wissenschaftliche Forschung, wie wir gerne immer wieder betonen. All diese Aspekte, die eine kompromisslose Qualit\u00e4t anstreben und daher viel wichtiger sind als eine blo\u00dfe \u201etraditionsreiche Vergangenheit\u201f, h\u00e4ngen mit der kompromisslosen Ausarbeitung eines jeden Details zusammen und sind die Unterscheidungsmerkmale unserer Fl\u00fcgel.<\/p>\n\n\n\n<h2 class=\"wp-block-heading titolo-interno\">INSTITUTIONEN<\/h2>\n\n\n\n<figure class=\"wp-block-image size-full\"><img loading=\"lazy\" decoding=\"async\" width=\"2000\" height=\"700\" src=\"https:\/\/www.fazioli.com\/wp-content\/uploads\/2017\/03\/img-istituzioni.jpg\" alt=\"Fazioli \/ istituzioni\" class=\"wp-image-68\" srcset=\"https:\/\/www.fazioli.com\/wp-content\/uploads\/2017\/03\/img-istituzioni.jpg 2000w, https:\/\/www.fazioli.com\/wp-content\/uploads\/2017\/03\/img-istituzioni-300x105.jpg 300w, https:\/\/www.fazioli.com\/wp-content\/uploads\/2017\/03\/img-istituzioni-1024x358.jpg 1024w, https:\/\/www.fazioli.com\/wp-content\/uploads\/2017\/03\/img-istituzioni-768x269.jpg 768w, https:\/\/www.fazioli.com\/wp-content\/uploads\/2017\/03\/img-istituzioni-1536x538.jpg 1536w\" sizes=\"auto, (max-width: 2000px) 100vw, 2000px\" \/><\/figure>\n\n\n\n<p>Die Anwesenheit von FAZIOLI-Fl\u00fcgeln in den weltbekanntesten Musikhochschulen zur Klavierausbildung liefert einen unwiderlegbaren Nachweis f\u00fcr den Erfolg eines Markenzeichens, das heute nicht mehr nur als authentisches \u201eMade in Italy\u201f, sondern auch als \u201eBrand\u201f im weiteren Sinne betrachtet wird. Neulich hat die ber\u00fchmte Juilliard School in New York einen FAZIOLI-Konzertfl\u00fcgel erworben und dadurch ein Monopol gebrochen, aufgrund dessen die Schule \u00fcber 80 Jahre lang beim Kauf von Musikinstrumenten an eine andere historische Marke gebunden war.<\/p>\n\n\n\n<p>Die FAZIOLI-Fl\u00fcgel gl\u00e4nzen auch auf den B\u00fchnen vom Teatro La Fenice in Venedig, vom Palast der K\u00fcnste in Budapest, vom National Grand Theatre in Peking und von der Colburn-Schule in Los Angeles, sowie in den R\u00e4umen des Pariser Konservatoriums und der Universit\u00e4ten in Wien, Graz und Salzburg: Damit seien nur einige der Hunderten von Institutionen weltweit genannt, die FAZIOLI-Fl\u00fcgel besitzen.<\/p>\n\n\n\n<h2 class=\"wp-block-heading titolo-interno\">WETTBEWERBE<\/h2>\n\n\n\n<figure class=\"wp-block-image size-full\"><img loading=\"lazy\" decoding=\"async\" width=\"2000\" height=\"700\" src=\"https:\/\/www.fazioli.com\/wp-content\/uploads\/2017\/03\/img-concorsi.jpg\" alt=\"Fazioli \/ concorsi\" class=\"wp-image-75\" srcset=\"https:\/\/www.fazioli.com\/wp-content\/uploads\/2017\/03\/img-concorsi.jpg 2000w, https:\/\/www.fazioli.com\/wp-content\/uploads\/2017\/03\/img-concorsi-300x105.jpg 300w, https:\/\/www.fazioli.com\/wp-content\/uploads\/2017\/03\/img-concorsi-1024x358.jpg 1024w, https:\/\/www.fazioli.com\/wp-content\/uploads\/2017\/03\/img-concorsi-768x269.jpg 768w, https:\/\/www.fazioli.com\/wp-content\/uploads\/2017\/03\/img-concorsi-1536x538.jpg 1536w\" sizes=\"auto, (max-width: 2000px) 100vw, 2000px\" \/><\/figure>\n\n\n\n<p>Neben den vielen Wettbewerben, bei denen ausschlie\u00dflich FAZIOLI-Fl\u00fcgel angefordert werden, sollten die wichtigen internationalen Veranstaltungen erw\u00e4hnt werden, die den Kandidaten die Wahl zwischen verschiedenen Fl\u00fcgelmarken anbieten: Der FAZIOLI-Konzertfl\u00fcgel ist beim Fryderyk Chopin Wettbewerb in Warschau, beim Franz Liszt Wettbewerb in Utrecht, beim Arthur Rubinstein Piano Master Wettbewerb in Tel Aviv und beim Sydney International Piano Wettbewerb zu finden.<\/p>\n\n\n\n<p>Zu den j\u00fcngsten Erfolgen geh\u00f6rt der Warschauer Chopin-Wettbewerb im Oktober 2021, bei dem vier verschiedene Fl\u00fcgelmarken zur Verf\u00fcgung standen. Unter den Pianisten, die sich f\u00fcr den Fazioli F278 entschieden, wurden drei zum Finale zugelassen und alle erhielten einen Preis: Bruce (Xiaoyu) Liu gewann den ersten, Martin G\u00e1rcia G\u00e1rcia sowohl den dritten als auch den Sonderpreis f\u00fcr die beste Konzertleistung, Leonora Armellini den f\u00fcnften Preis.<\/p>\n\n\n\n<p>Gem\u00e4\u00df den Regeln des Franz Liszt Wettbewerbs 2022 in Utrecht hatten die drei Finalisten vier verschiedenen Fl\u00fcgel-Marken zur Auswahl. Yukine Kuroki, Gewinner des ersten Preises, und Derek Wang, Gewinner des zweiten Preises, haben sich entschieden, auf einem FAZIOLI-F308 zu spielen.<\/p>\n\n\n\n<h2 class=\"wp-block-heading titolo-interno\">ETHIK UND ZERTIFIZIERUNG<\/h2>\n\n\n\n<figure class=\"wp-block-image size-full\"><img loading=\"lazy\" decoding=\"async\" width=\"1200\" height=\"420\" src=\"https:\/\/www.fazioli.com\/wp-content\/uploads\/2017\/03\/img-etica.jpg\" alt=\"Fazioli \/ etica e certificazioni\" class=\"wp-image-82\" srcset=\"https:\/\/www.fazioli.com\/wp-content\/uploads\/2017\/03\/img-etica.jpg 1200w, https:\/\/www.fazioli.com\/wp-content\/uploads\/2017\/03\/img-etica-300x105.jpg 300w, https:\/\/www.fazioli.com\/wp-content\/uploads\/2017\/03\/img-etica-1024x358.jpg 1024w, https:\/\/www.fazioli.com\/wp-content\/uploads\/2017\/03\/img-etica-768x269.jpg 768w\" sizes=\"auto, (max-width: 1200px) 100vw, 1200px\" \/><\/figure>\n\n\n\n<p>Die Firma FAZIOLI hat auch eine \u201egr\u00fcne\u201f Seele. Schon seit 2011 erzeugt die auf dem Dach der Produktionsst\u00e4tte errichtete Photovoltaikanlage ein Drittel des Energiebedarfs der Firma. Dadurch kann eine Tonne CO2 f\u00fcr jeden hergestellten Fl\u00fcgel gespart werden. In allen Fertigungsstufen werden Schadstoffemissionen st\u00e4ndig \u00fcberpr\u00fcft. Die f\u00fcr die Instrumentenherstellung verwendeten H\u00f6lzer kommen ausschlie\u00dflich aus zertifizierten Lieferanten, die eine ethische Waldbehandlung garantieren. Die Firma verf\u00fcgt \u00fcber die Internationale Qualit\u00e4tszertifizierung ISO-9001.<\/p>\n\n\n\n<h2 class=\"wp-block-heading titolo-interno\">DER FL\u00dcGEL DER ZUKUNFT<\/h2>\n\n\n\n<figure class=\"wp-block-image size-full\"><img loading=\"lazy\" decoding=\"async\" width=\"2000\" height=\"700\" src=\"https:\/\/www.fazioli.com\/wp-content\/uploads\/2017\/03\/img-futuro.jpg\" alt=\"\" class=\"wp-image-89\" srcset=\"https:\/\/www.fazioli.com\/wp-content\/uploads\/2017\/03\/img-futuro.jpg 2000w, https:\/\/www.fazioli.com\/wp-content\/uploads\/2017\/03\/img-futuro-300x105.jpg 300w, https:\/\/www.fazioli.com\/wp-content\/uploads\/2017\/03\/img-futuro-1024x358.jpg 1024w, https:\/\/www.fazioli.com\/wp-content\/uploads\/2017\/03\/img-futuro-768x269.jpg 768w, https:\/\/www.fazioli.com\/wp-content\/uploads\/2017\/03\/img-futuro-1536x538.jpg 1536w\" sizes=\"auto, (max-width: 2000px) 100vw, 2000px\" \/><\/figure>\n\n\n\n<p>Seit jeher auf die technologischen, produktiven und kreativen Aspekte konzentriert, wie \u201eThe Economist\u201f berichtete, gilt heute die Firma, die bis vor 40 Jahren nicht einmal existierte, als virtuoses Beispiel dank ihrem Engagement in der Forschung, in der Innovation und in der Aufwertung ihres Produktes: eines stets zukunftsorientierten Fl\u00fcgels! Jeden Tag betrachtet FAZIOLI jegliche neue Herausforderung als Entwicklungschance und als Gelegenheit, einen weiteren Kapitel der Klaviergeschichte zu schreiben, was keineswegs als \u201eVerrat\u201f verstanden werden soll, sondern als Fortf\u00fchrung mit Neugier und Einfallsreichtum.<\/p>\n","protected":false},"excerpt":{"rendered":"<p>FAZIOLI stellt seit 1981, der Gr\u00fcndung der Firma durch den Pianisten und Ingenieur Paolo Fazioli, Fl\u00fcgel und Konzertfl\u00fcgel her. Leidenschaft [&hellip;]<\/p>\n","protected":false},"author":1,"featured_media":43,"parent":0,"menu_order":0,"comment_status":"closed","ping_status":"closed","template":"","meta":{"_acf_changed":false,"inline_featured_image":false,"footnotes":""},"class_list":["post-113","page","type-page","status-publish","has-post-thumbnail","hentry"],"acf":[],"_links":{"self":[{"href":"https:\/\/www.fazioli.com\/de\/wp-json\/wp\/v2\/pages\/113","targetHints":{"allow":["GET"]}}],"collection":[{"href":"https:\/\/www.fazioli.com\/de\/wp-json\/wp\/v2\/pages"}],"about":[{"href":"https:\/\/www.fazioli.com\/de\/wp-json\/wp\/v2\/types\/page"}],"author":[{"embeddable":true,"href":"https:\/\/www.fazioli.com\/de\/wp-json\/wp\/v2\/users\/1"}],"replies":[{"embeddable":true,"href":"https:\/\/www.fazioli.com\/de\/wp-json\/wp\/v2\/comments?post=113"}],"version-history":[{"count":14,"href":"https:\/\/www.fazioli.com\/de\/wp-json\/wp\/v2\/pages\/113\/revisions"}],"predecessor-version":[{"id":16924,"href":"https:\/\/www.fazioli.com\/de\/wp-json\/wp\/v2\/pages\/113\/revisions\/16924"}],"wp:featuredmedia":[{"embeddable":true,"href":"https:\/\/www.fazioli.com\/de\/wp-json\/wp\/v2\/media\/43"}],"wp:attachment":[{"href":"https:\/\/www.fazioli.com\/de\/wp-json\/wp\/v2\/media?parent=113"}],"curies":[{"name":"wp","href":"https:\/\/api.w.org\/{rel}","templated":true}]}}