{"id":117,"date":"2017-03-23T12:41:56","date_gmt":"2017-03-23T11:41:56","guid":{"rendered":"http:\/\/www.fazioli.com\/mission-vision-2\/"},"modified":"2026-03-17T11:42:35","modified_gmt":"2026-03-17T10:42:35","slug":"mission-vision-2","status":"publish","type":"page","link":"https:\/\/www.fazioli.com\/de\/mission-vision","title":{"rendered":"Mission &#038; Vision"},"content":{"rendered":"\n<p>Die Firma FAZIOLI ist aus einer Herausforderung entstanden: Sie wollte beweisen, dass der Fl\u00fcgel kein passiv und unaufl\u00f6sbar in der Tradition verankertes Instrument ist. Ganz im Gegenteil ist man davon ausgegangen, dass der Fl\u00fcgel, wie jedes andere Werk des menschlichen Geistes, wissenschaftlicher und technischer Entwicklung unterliegen kann und muss, und dadurch wird die glorreiche Vergangenheit, die seine Geschichte gepr\u00e4gt hat, \u00fcberhaupt nicht verraten.<\/p>\n\n\n\n<p>Seit ihrer Gr\u00fcndung hat die Firma FAZIOLI ihre eigene Philosophie konsequent fortgef\u00fchrt. Diese kann in wenigen aber wichtigen Punkten zusammengefasst werden:<\/p>\n\n\n\n<ul class=\"wp-block-list\">\n<li>Das Herstellen von ausschlie\u00dflich f\u00fcr den professionellen Markt bestimmten Fl\u00fcgeln und Konzertfl\u00fcgeln.<\/li>\n\n\n\n<li>Das Ausschlie\u00dfen jegliches Imitationsverfahrens und das Verfolgen der Idee eines vom italienischen \u201eBel Canto\u201f inspirierten FAZIOLI-Klanges.<\/li>\n\n\n\n<li>Das individuelle Gestalten jedes Instruments (gerade deswegen ist jeder FAZIOLI-Fl\u00fcgel einzigartig) und die Ablehnung jegliches industriellen Produktionsverfahrens.<\/li>\n\n\n\n<li>Die ausschlie\u00dfliche Verwendung von den besten Materialien und die Anwendung von den modernsten Konstruktionsmethoden.<\/li>\n\n\n\n<li>Das unaufh\u00f6rliche Voranbringen von wissenschaftlichen Forschungen dank einer internen Abteilung f\u00fcr \u201eResearch &amp; Development\u201f und der Zusammenarbeit mit externen privaten und universit\u00e4ren Forschungseinrichtungen.<\/li>\n\n\n\n<li>Der Versuch, den Anfragen derjenigen entgegenzukommen, die ein einzigartiges und v\u00f6llig personalisiertes Instrument (\u201eArt Case &amp; Home Design Kollektionen\u201c) erwerben m\u00f6chten.<\/li>\n<\/ul>\n\n\n\n<p>Nach 40 Jahren ist FAZIOLI davon \u00fcberzeugt, diese Mission konsequent fortgef\u00fchrt und positive Impulse in den ganzen Sektor der Herstellung von akustischen Fl\u00fcgeln gebracht zu haben.<\/p>\n\n\n\n<p><\/p>\n","protected":false},"excerpt":{"rendered":"<p>Die Firma FAZIOLI ist aus einer Herausforderung entstanden: Sie wollte beweisen, dass der Fl\u00fcgel kein passiv und unaufl\u00f6sbar in der [&hellip;]<\/p>\n","protected":false},"author":1,"featured_media":0,"parent":0,"menu_order":0,"comment_status":"closed","ping_status":"closed","template":"","meta":{"_acf_changed":false,"inline_featured_image":false,"footnotes":""},"class_list":["post-117","page","type-page","status-publish","hentry"],"acf":[],"_links":{"self":[{"href":"https:\/\/www.fazioli.com\/de\/wp-json\/wp\/v2\/pages\/117","targetHints":{"allow":["GET"]}}],"collection":[{"href":"https:\/\/www.fazioli.com\/de\/wp-json\/wp\/v2\/pages"}],"about":[{"href":"https:\/\/www.fazioli.com\/de\/wp-json\/wp\/v2\/types\/page"}],"author":[{"embeddable":true,"href":"https:\/\/www.fazioli.com\/de\/wp-json\/wp\/v2\/users\/1"}],"replies":[{"embeddable":true,"href":"https:\/\/www.fazioli.com\/de\/wp-json\/wp\/v2\/comments?post=117"}],"version-history":[{"count":2,"href":"https:\/\/www.fazioli.com\/de\/wp-json\/wp\/v2\/pages\/117\/revisions"}],"predecessor-version":[{"id":16928,"href":"https:\/\/www.fazioli.com\/de\/wp-json\/wp\/v2\/pages\/117\/revisions\/16928"}],"wp:attachment":[{"href":"https:\/\/www.fazioli.com\/de\/wp-json\/wp\/v2\/media?parent=117"}],"curies":[{"name":"wp","href":"https:\/\/api.w.org\/{rel}","templated":true}]}}