{"id":229,"date":"2018-01-22T15:00:22","date_gmt":"2018-01-22T14:00:22","guid":{"rendered":"http:\/\/www.fazioli.com\/wartung\/"},"modified":"2022-08-26T16:37:20","modified_gmt":"2022-08-26T14:37:20","slug":"wartung","status":"publish","type":"page","link":"https:\/\/www.fazioli.com\/de\/wartung\/","title":{"rendered":"Wartung"},"content":{"rendered":"\n<h2 class=\"titolo-interno wp-block-heading\">Empfohlene Raumbedingungen<\/h2>\n\n\n\n<figure class=\"wp-block-image\"><img loading=\"lazy\" decoding=\"async\" width=\"1200\" height=\"420\" src=\"https:\/\/www.fazioli.com\/wp-content\/uploads\/2017\/06\/img-condizioni-ambientali.jpg\" alt=\"Fazioli \/ Condizioni ambientali consigliate\" class=\"wp-image-159\" srcset=\"https:\/\/www.fazioli.com\/wp-content\/uploads\/2017\/06\/img-condizioni-ambientali.jpg 1200w, https:\/\/www.fazioli.com\/wp-content\/uploads\/2017\/06\/img-condizioni-ambientali-300x105.jpg 300w, https:\/\/www.fazioli.com\/wp-content\/uploads\/2017\/06\/img-condizioni-ambientali-1024x358.jpg 1024w, https:\/\/www.fazioli.com\/wp-content\/uploads\/2017\/06\/img-condizioni-ambientali-768x269.jpg 768w\" sizes=\"auto, (max-width: 1200px) 100vw, 1200px\" \/><\/figure>\n\n\n\n<p>Holz ist ein nat\u00fcrliches und lebendiges Material und leidet deshalb unter den st\u00e4ndigen Temperatur- und Feuchtigkeitsschwankungen des Fl\u00fcgelumfelds.<br>Da der Fl\u00fcgel haupts\u00e4chlich aus Holz besteht, sollte man ihn in R\u00e4ume stellen, wo die Temperatur und die relative Luftfeuchtigkeit st\u00e4ndig kontrolliert werden und keinen starken Temperaturschwankungen unterliegen.<br>Falls die relative Luftfeuchtigkeit die empfohlenen Werte \u00fcberschreitet, wie es in feuchten Gebieten und insbesondere w\u00e4hrend der \u00dcberg\u00e4nge zwischen den Jahreszeiten und im Sommer vorkommen kann, ist es m\u00f6glich, sie durch \u00fcberall im Handel erh\u00e4ltliche Entfeuchter zu verringern. Die ihren Fl\u00fcgel umgebende relative Luftfeuchtigkeit sollte nicht unter 30% und nicht \u00fcber 70% liegen.<br>Ist die relative Luftfeuchtigkeit zu niedrig, wie es im Winter aufgrund der Heizungsanlagen vorkommt, kann sie erh\u00f6ht werden, indem man im Handel einfach erh\u00e4ltliche Luftbefeuchtungssysteme verwendet. Das Instrument sollte jedenfalls nie in einem zu trockenen Raum gestellt werden.<br>Es empfiehlt sich den Fl\u00fcgel nicht in die N\u00e4he von Au\u00dfenw\u00e4nden und Fenstern zu stellen, da sie auf diese Weise die Schwankungen der Au\u00dfentemperatur st\u00e4rker zu sp\u00fcren bekommen. Au\u00dferdem sollte vermieden werden, dass Sonnenstrahlen direkt auf die Oberfl\u00e4chen des Fl\u00fcgels treffen und auf diese Weise Hitzeansammlungen erzeugen, die zu lokalem Temperaturanstieg und somit Gefahr von Spannungen bzw. eventuellen Rissen im Lack oder im Holz f\u00fchren k\u00f6nnen.<br>Um eventuelle st\u00f6rende Vibrationen zu vermeiden, ist davon abzuraten, auf dem Fl\u00fcgel Gegenst\u00e4nde jeglicher Art abzustellen, namentlich Flaschen und Gl\u00e4ser, da das eventuelle Versch\u00fctten von deren Inhalt dem Instrument gravierende Sch\u00e4den zuf\u00fcgen k\u00f6nnte.<\/p>\n\n\n\n<h2 class=\"titolo-interno wp-block-heading\">Wartung<\/h2>\n\n\n\n<figure class=\"wp-block-image\"><img loading=\"lazy\" decoding=\"async\" width=\"1200\" height=\"420\" src=\"https:\/\/www.fazioli.com\/wp-content\/uploads\/2017\/06\/img-manutenzione.jpg\" alt=\"Fazioli \/ Manutenzione del pianoforte\" class=\"wp-image-166\" srcset=\"https:\/\/www.fazioli.com\/wp-content\/uploads\/2017\/06\/img-manutenzione.jpg 1200w, https:\/\/www.fazioli.com\/wp-content\/uploads\/2017\/06\/img-manutenzione-300x105.jpg 300w, https:\/\/www.fazioli.com\/wp-content\/uploads\/2017\/06\/img-manutenzione-1024x358.jpg 1024w, https:\/\/www.fazioli.com\/wp-content\/uploads\/2017\/06\/img-manutenzione-768x269.jpg 768w\" sizes=\"auto, (max-width: 1200px) 100vw, 1200px\" \/><\/figure>\n\n\n\n<p>Der Erwerb eines Fl\u00fcgels stellt eine langfristige Investition dar; aus diesem Grund spielt dessen optimale Instandhaltung eine entscheidende Rolle. Die Lebensdauer h\u00e4ngt zum Gro\u00dfteil von der Wartungsqualit\u00e4t ab. Diese muss einem Fachmann anvertraut werden, dessen Qualifikation offiziell bescheinigt sein muss.<br>Die akustische und funktionelle Qualit\u00e4t eines Fl\u00fcgels h\u00e4ngt von folgenden Faktoren ab:<\/p>\n\n\n\n<ul class=\"wp-block-list\"><li>Stimmung<\/li><li>Regulierung der Mechanik<\/li><li>Intonation<\/li><\/ul>\n\n\n\n<h2 class=\"titolo-interno wp-block-heading\">Stimmung<\/h2>\n\n\n\n<figure class=\"wp-block-image\"><img loading=\"lazy\" decoding=\"async\" width=\"1200\" height=\"420\" src=\"https:\/\/www.fazioli.com\/wp-content\/uploads\/2017\/06\/img-accordatura.jpg\" alt=\"Fazioli \/ Accordatura\" class=\"wp-image-173\" srcset=\"https:\/\/www.fazioli.com\/wp-content\/uploads\/2017\/06\/img-accordatura.jpg 1200w, https:\/\/www.fazioli.com\/wp-content\/uploads\/2017\/06\/img-accordatura-300x105.jpg 300w, https:\/\/www.fazioli.com\/wp-content\/uploads\/2017\/06\/img-accordatura-1024x358.jpg 1024w, https:\/\/www.fazioli.com\/wp-content\/uploads\/2017\/06\/img-accordatura-768x269.jpg 768w\" sizes=\"auto, (max-width: 1200px) 100vw, 1200px\" \/><\/figure>\n\n\n\n<p>Unser Geh\u00f6r passt sich ver\u00e4nderten Bedingungen derma\u00dfen schnell an, dass man es oft nicht merkt, wenn ein Instrument verstimmt ist. Ein Fl\u00fcgel verstimmt sich nicht in kurzer Zeit. Die Stimmung ver\u00e4ndert sich in einem langsamen Vorgang, w\u00e4hrenddessen sich das Geh\u00f6r an die Stimmungsabweichungen gew\u00f6hnt. Tats\u00e4chlich ist das menschliche Geh\u00f6r nicht in der Lage geringf\u00fcgige Frequenzver\u00e4nderungen wahrzunehmen, falls diese Ver\u00e4nderung mehr oder weniger gleichf\u00f6rmig in allen Noten der Klaviatur erfolgt. Wird die Stimmung nicht regelm\u00e4\u00dfig ausgef\u00fchrt, wirkt sich das sowohl auf die Erziehung des Geh\u00f6rs als auch auf den Zustand des Instruments aus. Die H\u00e4ufigkeit der Fl\u00fcgelstimmung h\u00e4ngt von der Verwendung ab, sowohl in Bezug auf die Zeit als auch auf die Intensit\u00e4t.<\/p>\n\n\n\n<h2 class=\"titolo-interno wp-block-heading\">Regulierung der Mechanik<\/h2>\n\n\n\n<figure class=\"wp-block-image\"><img loading=\"lazy\" decoding=\"async\" width=\"1200\" height=\"420\" src=\"https:\/\/www.fazioli.com\/wp-content\/uploads\/2017\/06\/img-regolazione.jpg\" alt=\"Fazioli \/ Regolazione della meccanica\" class=\"wp-image-180\" srcset=\"https:\/\/www.fazioli.com\/wp-content\/uploads\/2017\/06\/img-regolazione.jpg 1200w, https:\/\/www.fazioli.com\/wp-content\/uploads\/2017\/06\/img-regolazione-300x105.jpg 300w, https:\/\/www.fazioli.com\/wp-content\/uploads\/2017\/06\/img-regolazione-1024x358.jpg 1024w, https:\/\/www.fazioli.com\/wp-content\/uploads\/2017\/06\/img-regolazione-768x269.jpg 768w\" sizes=\"auto, (max-width: 1200px) 100vw, 1200px\" \/><\/figure>\n\n\n\n<p>Auch die Klaviatur und die Mechanik eines Fl\u00fcgels bestehen aus verschiedenen Holzkomponenten und neigen deshalb zu geringen Registrations\u00e4nderungen, die Ver\u00e4nderungen in der Reaktionsf\u00e4higkeit der Klaviatur hervorrufen. Eine gute Regulierung der Mechanik und der Klaviatur ist grundlegend f\u00fcr die Zuverl\u00e4ssigkeit des Spielens. Es ist also empfehlenswert, den eigenen Techniker zu bitten, eine Regulierung der Mechanik zumindest einmal im Jahr auszuf\u00fchren, um die kleinsten Ver\u00e4nderungen in der Reaktionsf\u00e4higkeit der Klaviatur aufzul\u00f6sen.<\/p>\n\n\n\n<h2 class=\"titolo-interno wp-block-heading\">Intonation<\/h2>\n\n\n\n<figure class=\"wp-block-image\"><img loading=\"lazy\" decoding=\"async\" width=\"1200\" height=\"420\" src=\"https:\/\/www.fazioli.com\/wp-content\/uploads\/2017\/06\/img-intonazione.jpg\" alt=\"Fazioli \/ Intonazione\" class=\"wp-image-187\" srcset=\"https:\/\/www.fazioli.com\/wp-content\/uploads\/2017\/06\/img-intonazione.jpg 1200w, https:\/\/www.fazioli.com\/wp-content\/uploads\/2017\/06\/img-intonazione-300x105.jpg 300w, https:\/\/www.fazioli.com\/wp-content\/uploads\/2017\/06\/img-intonazione-1024x358.jpg 1024w, https:\/\/www.fazioli.com\/wp-content\/uploads\/2017\/06\/img-intonazione-768x269.jpg 768w\" sizes=\"auto, (max-width: 1200px) 100vw, 1200px\" \/><\/figure>\n\n\n\n<p>Bei der Intonation ver\u00e4ndert ein Fachmann, dank eines speziellen mit drei Nadeln versehenen Werkzeugs namens Intoniernadel, die Dichte des den Hammerkopf bedeckenden Filzes, von der die Klangfarbe des Fl\u00fcgels abh\u00e4ngt. In der Tat, neigt der Hammerfilz dazu, sich durch die klimatischen Ver\u00e4nderungen und mit der Zeit ungleich zu verh\u00e4rten: es ist dem Geschick des Fachmanns \u00fcberlassen, die Gleichheit und die Sch\u00f6nheit der Klangfarbe wiederhervorzurufen, indem er mit der Intoniernadel den Hammerfilz sticht. Auch wenn das Instrument wenig benutzt wird, empfiehlt es sich:<\/p>\n\n\n\n<ul class=\"wp-block-list\"><li>Den Fl\u00fcgel mindestens zweimal j\u00e4hrlich zu stimmen<\/li><li>Die Mechanik und die Intonation mindestens einmal im Jahr \u00fcberpr\u00fcfen zu lassen<\/li><li>Sich immer einem beruflich qualifizierten Fachmann anzuvertrauen.<\/li><\/ul>\n\n\n\n<h2 class=\"titolo-interno wp-block-heading\">Pflege des Fl\u00fcgels<\/h2>\n\n\n\n<figure class=\"wp-block-image\"><img loading=\"lazy\" decoding=\"async\" width=\"1200\" height=\"420\" src=\"https:\/\/www.fazioli.com\/wp-content\/uploads\/2017\/06\/img-cura-pianoforte.jpg\" alt=\"Fazioli \/ Cura del pianoforte\" class=\"wp-image-194\" srcset=\"https:\/\/www.fazioli.com\/wp-content\/uploads\/2017\/06\/img-cura-pianoforte.jpg 1200w, https:\/\/www.fazioli.com\/wp-content\/uploads\/2017\/06\/img-cura-pianoforte-300x105.jpg 300w, https:\/\/www.fazioli.com\/wp-content\/uploads\/2017\/06\/img-cura-pianoforte-1024x358.jpg 1024w, https:\/\/www.fazioli.com\/wp-content\/uploads\/2017\/06\/img-cura-pianoforte-768x269.jpg 768w\" sizes=\"auto, (max-width: 1200px) 100vw, 1200px\" \/><\/figure>\n\n\n\n<p>Die Bestandteile des Fl\u00fcgels k\u00f6nnen Verarbeitungen und Oberfl\u00e4chenbehandlungen verschiedener Art aufweisen. Die Pflege der Oberfl\u00e4chen muss deshalb von Fall zu Fall unterschiedlich und mit gro\u00dfer Achtsamkeit angegangen werden. F\u00fcr die Reinigung der satinierten Oberfl\u00e4chen empfehlen wir, ein leicht mit milder Reinigungsfl\u00fcssigkeit (ohne jegliches L\u00f6sungsmittel) angefeuchtetes weiches Tuch zu verwenden und es mit Kreisbewegungen und ohne Druck \u00fcber die Oberfl\u00e4chen zu f\u00fchren.<br>F\u00fcr die Reinigung der Hochglanzoberfl\u00e4chen empfehlen wir, den Staub mit einem weichen, leicht mit milder Reinigungsfl\u00fcssigkeit angefeuchteten Tuchs zu entfernen. Auf keinen Fall d\u00fcrfen Produkte verwendet werden, die Schleifmittel enthalten. Auch die Metallteile bed\u00fcrfen Pflege und Aufmerksamkeit. Auf die vergoldeten Scharniere, Verarbeitungen und Schrauben legt sich n\u00e4mlich mit der Zeit eine Staubschicht ab, die mit einem leicht mit milder Reinigungsfl\u00fcssigkeit angefeuchteten Tuch entfernt werden kann. Um die Oxydation zu entfernen, die sich auf dem aus Messingschloss und -Logos bildet, kann man Metallpolituren verwenden, die \u00fcberall im Handel erh\u00e4ltlich sind (Sidol oder \u00e4hnliche Produkte). F\u00fcr die Reinigung der Klaviatur empfehlen wir, ein weiches Tuch mit milder Reinigungsfl\u00fcssigkeit zu verwenden. Es ist wichtig, jegliches Befeuchten der seitlichen Tastenoberfl\u00e4che zu vermeiden.<br>Weitere Informationen f\u00fcr di Reinigung und Desinfizierung der Klaviertastatur finden <a href=\"http:\/\/www.fazioli.com\/de\/news-events\/how-clean-and-sanitize-keyboard-fazioli-pianos\">Sie hier<\/a>.<\/p>\n\n\n\n<h2 class=\"titolo-interno wp-block-heading\">Umz\u00fcge und Umstellungen des Instruments<\/h2>\n\n\n\n<figure class=\"wp-block-image\"><img loading=\"lazy\" decoding=\"async\" width=\"1200\" height=\"420\" src=\"https:\/\/www.fazioli.com\/wp-content\/uploads\/2017\/06\/img-trasloco.jpg\" alt=\"Fazioli \/ Traslochi\" class=\"wp-image-201\" srcset=\"https:\/\/www.fazioli.com\/wp-content\/uploads\/2017\/06\/img-trasloco.jpg 1200w, https:\/\/www.fazioli.com\/wp-content\/uploads\/2017\/06\/img-trasloco-300x105.jpg 300w, https:\/\/www.fazioli.com\/wp-content\/uploads\/2017\/06\/img-trasloco-1024x358.jpg 1024w, https:\/\/www.fazioli.com\/wp-content\/uploads\/2017\/06\/img-trasloco-768x269.jpg 768w\" sizes=\"auto, (max-width: 1200px) 100vw, 1200px\" \/><\/figure>\n\n\n\n<p>Soll der Fl\u00fcgel transportiert oder woanders hingestellt werden m\u00fcssen, sollte man sich an spezialisierte und referenzierte Unternehmen wenden; unqualifiziertes Personal kann dem Fl\u00fcgel bei solchen Arbeiten gravierende Sch\u00e4den zuf\u00fcgen.<\/p>\n","protected":false},"excerpt":{"rendered":"<p>Empfohlene Raumbedingungen Holz ist ein nat\u00fcrliches und lebendiges Material und leidet deshalb unter den st\u00e4ndigen Temperatur- und Feuchtigkeitsschwankungen des Fl\u00fcgelumfelds.Da [&hellip;]<\/p>\n","protected":false},"author":1,"featured_media":155,"parent":0,"menu_order":0,"comment_status":"closed","ping_status":"closed","template":"","meta":{"_acf_changed":false,"inline_featured_image":false,"footnotes":""},"class_list":["post-229","page","type-page","status-publish","has-post-thumbnail","hentry"],"acf":[],"_links":{"self":[{"href":"https:\/\/www.fazioli.com\/de\/wp-json\/wp\/v2\/pages\/229","targetHints":{"allow":["GET"]}}],"collection":[{"href":"https:\/\/www.fazioli.com\/de\/wp-json\/wp\/v2\/pages"}],"about":[{"href":"https:\/\/www.fazioli.com\/de\/wp-json\/wp\/v2\/types\/page"}],"author":[{"embeddable":true,"href":"https:\/\/www.fazioli.com\/de\/wp-json\/wp\/v2\/users\/1"}],"replies":[{"embeddable":true,"href":"https:\/\/www.fazioli.com\/de\/wp-json\/wp\/v2\/comments?post=229"}],"version-history":[{"count":1,"href":"https:\/\/www.fazioli.com\/de\/wp-json\/wp\/v2\/pages\/229\/revisions"}],"predecessor-version":[{"id":11631,"href":"https:\/\/www.fazioli.com\/de\/wp-json\/wp\/v2\/pages\/229\/revisions\/11631"}],"wp:featuredmedia":[{"embeddable":true,"href":"https:\/\/www.fazioli.com\/de\/wp-json\/wp\/v2\/media\/155"}],"wp:attachment":[{"href":"https:\/\/www.fazioli.com\/de\/wp-json\/wp\/v2\/media?parent=229"}],"curies":[{"name":"wp","href":"https:\/\/api.w.org\/{rel}","templated":true}]}}