{"id":234,"date":"2018-01-30T10:22:19","date_gmt":"2018-01-30T09:22:19","guid":{"rendered":"http:\/\/www.fazioli.com\/art-case-aesthetische-varianten\/"},"modified":"2022-08-26T16:43:42","modified_gmt":"2022-08-26T14:43:42","slug":"art-case-aesthetische-varianten","status":"publish","type":"page","link":"https:\/\/www.fazioli.com\/de\/art-case-aesthetische-varianten\/","title":{"rendered":"ART CASE &#8211; \u00e4sthetische Varianten"},"content":{"rendered":"\n<p>Dank einer weisen Kombination von herk\u00f6mmlichen Verarbeitungen und avantgardistischen Technologien, ist FAZIOLI in der Lage jegliche \u00e4sthetische Variante (nach Pr\u00e4ferenz oder urspr\u00fcnglichem Projekt des Kunden) an den Fl\u00fcgel anzubringen.<br>Die sich in dieser Webseite befindenden Fl\u00fcgel stellen nur eine Auswahl dar, von den vielen bislang gebauten Sondermodellen (\u201eArt Case\u201c).<\/p>\n\n\n\n<p>Die Sonderanforderungen des K\u00e4ufers k\u00f6nnen drei Interventionsbereiche betreffen:<\/p>\n\n\n\n<ul class=\"wp-block-list\"><li><a href=\"#Die Form\">Die Form<\/a><\/li><li><a href=\"#Die Oberfl\u00e4che\">Die Oberfl\u00e4che<\/a><\/li><li><a href=\"#Die Dekoration\">Die Dekoration<\/a>*<\/li><\/ul>\n\n\n\n<p><em>* Die Ausf\u00fchrung von verschiedenen \u00e4u\u00dferen Formen und besonderen Bearbeitungen beeintr\u00e4chtigt in keiner Weise die akustischen Eigenschaften des Instruments. <\/em><\/p>\n\n\n\n<h2 class=\"titolo-interno wp-block-heading\"><a name=\"Die Form\"><\/a>Die Form<\/h2>\n\n\n\n<figure class=\"wp-block-image\"><img loading=\"lazy\" decoding=\"async\" width=\"1200\" height=\"420\" src=\"http:\/\/www.fazioli.com\/wp-content\/uploads\/2017\/07\/img-laforma.jpg\" alt=\"La forma\" class=\"wp-image-209\" srcset=\"https:\/\/www.fazioli.com\/wp-content\/uploads\/2017\/07\/img-laforma.jpg 1200w, https:\/\/www.fazioli.com\/wp-content\/uploads\/2017\/07\/img-laforma-300x105.jpg 300w, https:\/\/www.fazioli.com\/wp-content\/uploads\/2017\/07\/img-laforma-1024x358.jpg 1024w, https:\/\/www.fazioli.com\/wp-content\/uploads\/2017\/07\/img-laforma-768x269.jpg 768w\" sizes=\"auto, (max-width: 1200px) 100vw, 1200px\" \/><\/figure>\n\n\n\n<p>Eingriffe auf die externe Form des Instrumenten, F\u00fc\u00dfe, Lyrakasten, Notenpultleiste, k\u00f6nnen sich an verschiedene Stilen anlehnen: klassisch, traditionell, modern und avantgardistisch.<\/p>\n\n\n\n<h2 class=\"titolo-interno wp-block-heading\"><a name=\"Die Oberfl\u00e4che\"><\/a>Die Oberfl\u00e4che<\/h2>\n\n\n\n<figure class=\"wp-block-image\"><img loading=\"lazy\" decoding=\"async\" width=\"1200\" height=\"420\" src=\"http:\/\/www.fazioli.com\/wp-content\/uploads\/2017\/07\/img-lesuperfici.jpg\" alt=\"Le superfici\" class=\"wp-image-216\" srcset=\"https:\/\/www.fazioli.com\/wp-content\/uploads\/2017\/07\/img-lesuperfici.jpg 1200w, https:\/\/www.fazioli.com\/wp-content\/uploads\/2017\/07\/img-lesuperfici-300x105.jpg 300w, https:\/\/www.fazioli.com\/wp-content\/uploads\/2017\/07\/img-lesuperfici-1024x358.jpg 1024w, https:\/\/www.fazioli.com\/wp-content\/uploads\/2017\/07\/img-lesuperfici-768x269.jpg 768w\" sizes=\"auto, (max-width: 1200px) 100vw, 1200px\" \/><\/figure>\n\n\n\n<p>Anstelle von der traditionellen Hochglanz- oder Mattschwarzlackierung, ist es m\u00f6glich das Instrument in jeglicher beliebigen Farbe zu haben.<br>F\u00fcr die Oberfl\u00e4chen stehen die verschiedensten Holzfurniere zur Auswahl. Davon gibt es wiederum zahlreiche Sorten bis hin zu den kostbaren aus dem Stamm des Baumes erhaltenen Wurzelh\u00f6lzern. Auch hier ist die Auswahl sehr umfangreich und einige H\u00f6lzer sind besonders exklusiv und rar. Die Oberfl\u00e4chen k\u00f6nnen mit einem Hochglanz- oder Mattpolyesterlack \u00fcberzogen werden, sowie mit durchsichtigen Lacken, die die Porosit\u00e4t des Holzes durchsehen lassen, oder mit der alten ausschlie\u00dflich von Hand gef\u00fchrten Polierungsmethode.<\/p>\n\n\n\n<h2 class=\"titolo-interno wp-block-heading\"><a name=\"Die Dekoration\"><\/a>Die Dekoration<\/h2>\n\n\n\n<figure class=\"wp-block-image\"><img loading=\"lazy\" decoding=\"async\" width=\"1200\" height=\"420\" src=\"http:\/\/www.fazioli.com\/wp-content\/uploads\/2017\/07\/img-ledecorazioni.jpg\" alt=\"Le decorazioni\" class=\"wp-image-223\" srcset=\"https:\/\/www.fazioli.com\/wp-content\/uploads\/2017\/07\/img-ledecorazioni.jpg 1200w, https:\/\/www.fazioli.com\/wp-content\/uploads\/2017\/07\/img-ledecorazioni-300x105.jpg 300w, https:\/\/www.fazioli.com\/wp-content\/uploads\/2017\/07\/img-ledecorazioni-1024x358.jpg 1024w, https:\/\/www.fazioli.com\/wp-content\/uploads\/2017\/07\/img-ledecorazioni-768x269.jpg 768w\" sizes=\"auto, (max-width: 1200px) 100vw, 1200px\" \/><\/figure>\n\n\n\n<p>Die wichtigsten Merkmale der Art-Case Fl\u00fcgel sind die Intarsien aus vielerlei H\u00f6lzern, Perlmutt, Halbedelsteinen und Metalleinlagen und von geschnitzten und anschlie\u00dfend aufgeleimten Zierelemente. M\u00f6glich ist auch die Vorbereitung von neutralen Oberfl\u00e4chen, die anschlie\u00dfend je nach Wunsch dekoriert oder bemalt werden k\u00f6nnen.<\/p>\n","protected":false},"excerpt":{"rendered":"<p>Dank einer weisen Kombination von herk\u00f6mmlichen Verarbeitungen und avantgardistischen Technologien, ist FAZIOLI in der Lage jegliche \u00e4sthetische Variante (nach Pr\u00e4ferenz [&hellip;]<\/p>\n","protected":false},"author":1,"featured_media":205,"parent":0,"menu_order":0,"comment_status":"closed","ping_status":"closed","template":"","meta":{"_acf_changed":false,"inline_featured_image":false,"footnotes":""},"class_list":["post-234","page","type-page","status-publish","has-post-thumbnail","hentry"],"acf":[],"_links":{"self":[{"href":"https:\/\/www.fazioli.com\/de\/wp-json\/wp\/v2\/pages\/234","targetHints":{"allow":["GET"]}}],"collection":[{"href":"https:\/\/www.fazioli.com\/de\/wp-json\/wp\/v2\/pages"}],"about":[{"href":"https:\/\/www.fazioli.com\/de\/wp-json\/wp\/v2\/types\/page"}],"author":[{"embeddable":true,"href":"https:\/\/www.fazioli.com\/de\/wp-json\/wp\/v2\/users\/1"}],"replies":[{"embeddable":true,"href":"https:\/\/www.fazioli.com\/de\/wp-json\/wp\/v2\/comments?post=234"}],"version-history":[{"count":1,"href":"https:\/\/www.fazioli.com\/de\/wp-json\/wp\/v2\/pages\/234\/revisions"}],"predecessor-version":[{"id":11638,"href":"https:\/\/www.fazioli.com\/de\/wp-json\/wp\/v2\/pages\/234\/revisions\/11638"}],"wp:featuredmedia":[{"embeddable":true,"href":"https:\/\/www.fazioli.com\/de\/wp-json\/wp\/v2\/media\/205"}],"wp:attachment":[{"href":"https:\/\/www.fazioli.com\/de\/wp-json\/wp\/v2\/media?parent=234"}],"curies":[{"name":"wp","href":"https:\/\/api.w.org\/{rel}","templated":true}]}}