{"id":11792,"date":"2022-08-29T15:54:49","date_gmt":"2022-08-29T13:54:49","guid":{"rendered":"http:\/\/www.fazioli.com\/?page_id=11792"},"modified":"2022-08-29T15:54:49","modified_gmt":"2022-08-29T13:54:49","slug":"season","status":"publish","type":"page","link":"https:\/\/www.fazioli.com\/en\/season\/","title":{"rendered":"Season"},"content":{"rendered":"<div class=\"pt-cv-wrapper\"><div class=\"pt-cv-view pt-cv-grid pt-cv-colsys stagione-concerthall\" id=\"pt-cv-view-0bcbe0cikf\"><div data-id=\"pt-cv-page-1\" class=\"pt-cv-page\" data-cvc=\"3\"><div class=\"col-md-4 col-sm-6 col-xs-12 pt-cv-content-item pt-cv-1-col\"  data-pid=\"16321\"><div class='pt-cv-ifield'><a href=\"https:\/\/www.fazioli.com\/en\/concerto_ch\/marc-andre-hamelin\/\" class=\"_self pt-cv-href-thumbnail pt-cv-thumb-default cvplbd\" target=\"_self\" ><img loading=\"lazy\" decoding=\"async\" width=\"1520\" height=\"1144\" src=\"https:\/\/www.fazioli.com\/wp-content\/uploads\/2025\/09\/Foto_858x1140_Fazioli_20252.jpg\" class=\"pt-cv-thumbnail img-none\" alt=\"MARC-ANDR\u00c9 HAMELIN\" srcset=\"https:\/\/www.fazioli.com\/wp-content\/uploads\/2025\/09\/Foto_858x1140_Fazioli_20252.jpg 1520w, https:\/\/www.fazioli.com\/wp-content\/uploads\/2025\/09\/Foto_858x1140_Fazioli_20252-300x226.jpg 300w, https:\/\/www.fazioli.com\/wp-content\/uploads\/2025\/09\/Foto_858x1140_Fazioli_20252-1024x771.jpg 1024w, https:\/\/www.fazioli.com\/wp-content\/uploads\/2025\/09\/Foto_858x1140_Fazioli_20252-768x578.jpg 768w\" sizes=\"auto, (max-width: 1520px) 100vw, 1520px\" \/><\/a>\n<h4 class=\"pt-cv-title\"><a href=\"https:\/\/www.fazioli.com\/en\/concerto_ch\/marc-andre-hamelin\/\" class=\"_self cvplbd\" target=\"_self\" >MARC-ANDR\u00c9 HAMELIN<\/a><\/h4>\n<div class=\"pt-cv-ctf-list\" data-cvc=\"1\"><div class=\"col-md-12 pt-cv-ctf-column\"><div class=\"pt-cv-custom-fields pt-cv-ctf-data_concerto\"><div class=\"pt-cv-ctf-value\">Friday, 14 November 2025 - 19:30<\/div><\/div><\/div><\/div><\/div><\/div>\n<div class=\"col-md-4 col-sm-6 col-xs-12 pt-cv-content-item pt-cv-1-col\"  data-pid=\"16337\"><div class='pt-cv-ifield'><a href=\"https:\/\/www.fazioli.com\/en\/concerto_ch\/roberto-plano\/\" class=\"_self pt-cv-href-thumbnail pt-cv-thumb-default cvplbd\" target=\"_self\" ><img loading=\"lazy\" decoding=\"async\" width=\"1520\" height=\"1144\" src=\"https:\/\/www.fazioli.com\/wp-content\/uploads\/2025\/09\/Foto_858x1140_Fazioli_2025.jpg\" class=\"pt-cv-thumbnail img-none\" alt=\"ROBERTO PLANO\" srcset=\"https:\/\/www.fazioli.com\/wp-content\/uploads\/2025\/09\/Foto_858x1140_Fazioli_2025.jpg 1520w, https:\/\/www.fazioli.com\/wp-content\/uploads\/2025\/09\/Foto_858x1140_Fazioli_2025-300x226.jpg 300w, https:\/\/www.fazioli.com\/wp-content\/uploads\/2025\/09\/Foto_858x1140_Fazioli_2025-1024x771.jpg 1024w, https:\/\/www.fazioli.com\/wp-content\/uploads\/2025\/09\/Foto_858x1140_Fazioli_2025-768x578.jpg 768w\" sizes=\"auto, (max-width: 1520px) 100vw, 1520px\" \/><\/a>\n<h4 class=\"pt-cv-title\"><a href=\"https:\/\/www.fazioli.com\/en\/concerto_ch\/roberto-plano\/\" class=\"_self cvplbd\" target=\"_self\" >ROBERTO PLANO<\/a><\/h4>\n<div class=\"pt-cv-ctf-list\" data-cvc=\"1\"><div class=\"col-md-12 pt-cv-ctf-column\"><div class=\"pt-cv-custom-fields pt-cv-ctf-data_concerto\"><div class=\"pt-cv-ctf-value\">Friday, 28 November 2025 - 19:30<\/div><\/div><\/div><\/div><\/div><\/div>\n<div class=\"col-md-4 col-sm-6 col-xs-12 pt-cv-content-item pt-cv-1-col\"  data-pid=\"16351\"><div class='pt-cv-ifield'><a href=\"https:\/\/www.fazioli.com\/en\/concerto_ch\/arsenii-moon\/\" class=\"_self pt-cv-href-thumbnail pt-cv-thumb-default cvplbd\" target=\"_self\" ><img loading=\"lazy\" decoding=\"async\" width=\"1520\" height=\"1144\" src=\"https:\/\/www.fazioli.com\/wp-content\/uploads\/2025\/09\/Foto_858x1140_Fazioli_20253.jpg\" class=\"pt-cv-thumbnail img-none\" alt=\"ARSENII MOON\" srcset=\"https:\/\/www.fazioli.com\/wp-content\/uploads\/2025\/09\/Foto_858x1140_Fazioli_20253.jpg 1520w, https:\/\/www.fazioli.com\/wp-content\/uploads\/2025\/09\/Foto_858x1140_Fazioli_20253-300x226.jpg 300w, https:\/\/www.fazioli.com\/wp-content\/uploads\/2025\/09\/Foto_858x1140_Fazioli_20253-1024x771.jpg 1024w, https:\/\/www.fazioli.com\/wp-content\/uploads\/2025\/09\/Foto_858x1140_Fazioli_20253-768x578.jpg 768w\" sizes=\"auto, (max-width: 1520px) 100vw, 1520px\" \/><\/a>\n<h4 class=\"pt-cv-title\"><a href=\"https:\/\/www.fazioli.com\/en\/concerto_ch\/arsenii-moon\/\" class=\"_self cvplbd\" target=\"_self\" >ARSENII MOON<\/a><\/h4>\n<div class=\"pt-cv-ctf-list\" data-cvc=\"1\"><div class=\"col-md-12 pt-cv-ctf-column\"><div class=\"pt-cv-custom-fields pt-cv-ctf-data_concerto\"><div class=\"pt-cv-ctf-value\">Friday, 12 December 2025 - 19:30<\/div><\/div><\/div><\/div><\/div><\/div>\n<div class=\"col-md-4 col-sm-6 col-xs-12 pt-cv-content-item pt-cv-1-col\"  data-pid=\"16365\"><div class='pt-cv-ifield'><a href=\"https:\/\/www.fazioli.com\/en\/concerto_ch\/kate-liu\/\" class=\"_self pt-cv-href-thumbnail pt-cv-thumb-default cvplbd\" target=\"_self\" ><img loading=\"lazy\" decoding=\"async\" width=\"1520\" height=\"1144\" src=\"https:\/\/www.fazioli.com\/wp-content\/uploads\/2025\/09\/Foto_858x1140_Fazioli_202510.jpg\" class=\"pt-cv-thumbnail img-none\" alt=\"KATE LIU\" srcset=\"https:\/\/www.fazioli.com\/wp-content\/uploads\/2025\/09\/Foto_858x1140_Fazioli_202510.jpg 1520w, https:\/\/www.fazioli.com\/wp-content\/uploads\/2025\/09\/Foto_858x1140_Fazioli_202510-300x226.jpg 300w, https:\/\/www.fazioli.com\/wp-content\/uploads\/2025\/09\/Foto_858x1140_Fazioli_202510-1024x771.jpg 1024w, https:\/\/www.fazioli.com\/wp-content\/uploads\/2025\/09\/Foto_858x1140_Fazioli_202510-768x578.jpg 768w\" sizes=\"auto, (max-width: 1520px) 100vw, 1520px\" \/><\/a>\n<h4 class=\"pt-cv-title\"><a href=\"https:\/\/www.fazioli.com\/en\/concerto_ch\/kate-liu\/\" class=\"_self cvplbd\" target=\"_self\" >KATE LIU<\/a><\/h4>\n<div class=\"pt-cv-ctf-list\" data-cvc=\"1\"><div class=\"col-md-12 pt-cv-ctf-column\"><div class=\"pt-cv-custom-fields pt-cv-ctf-data_concerto\"><div class=\"pt-cv-ctf-value\">Friday, 09 January 2026 - 19:30<\/div><\/div><\/div><\/div><\/div><\/div>\n<div class=\"col-md-4 col-sm-6 col-xs-12 pt-cv-content-item pt-cv-1-col\"  data-pid=\"16379\"><div class='pt-cv-ifield'><a href=\"https:\/\/www.fazioli.com\/en\/concerto_ch\/inna-faliks\/\" class=\"_self pt-cv-href-thumbnail pt-cv-thumb-default cvplbd\" target=\"_self\" ><img loading=\"lazy\" decoding=\"async\" width=\"1140\" height=\"858\" src=\"https:\/\/www.fazioli.com\/wp-content\/uploads\/2025\/09\/Foto_858x1140_Fazioli_20255.jpg\" class=\"pt-cv-thumbnail img-none\" alt=\"INNA FALIKS\" srcset=\"https:\/\/www.fazioli.com\/wp-content\/uploads\/2025\/09\/Foto_858x1140_Fazioli_20255.jpg 1140w, https:\/\/www.fazioli.com\/wp-content\/uploads\/2025\/09\/Foto_858x1140_Fazioli_20255-300x226.jpg 300w, https:\/\/www.fazioli.com\/wp-content\/uploads\/2025\/09\/Foto_858x1140_Fazioli_20255-1024x771.jpg 1024w, https:\/\/www.fazioli.com\/wp-content\/uploads\/2025\/09\/Foto_858x1140_Fazioli_20255-768x578.jpg 768w\" sizes=\"auto, (max-width: 1140px) 100vw, 1140px\" \/><\/a>\n<h4 class=\"pt-cv-title\"><a href=\"https:\/\/www.fazioli.com\/en\/concerto_ch\/inna-faliks\/\" class=\"_self cvplbd\" target=\"_self\" >INNA FALIKS<\/a><\/h4>\n<div class=\"pt-cv-ctf-list\" data-cvc=\"1\"><div class=\"col-md-12 pt-cv-ctf-column\"><div class=\"pt-cv-custom-fields pt-cv-ctf-data_concerto\"><div class=\"pt-cv-ctf-value\">Friday, 30 January 2026 - 19:30<\/div><\/div><\/div><\/div><\/div><\/div>\n<div class=\"col-md-4 col-sm-6 col-xs-12 pt-cv-content-item pt-cv-1-col\"  data-pid=\"16393\"><div class='pt-cv-ifield'><a href=\"https:\/\/www.fazioli.com\/en\/concerto_ch\/boris-giltburg-3\/\" class=\"_self pt-cv-href-thumbnail pt-cv-thumb-default cvplbd\" target=\"_self\" ><img loading=\"lazy\" decoding=\"async\" width=\"1520\" height=\"1144\" src=\"https:\/\/www.fazioli.com\/wp-content\/uploads\/2025\/09\/Foto_858x1140_Fazioli_20256.jpg\" class=\"pt-cv-thumbnail img-none\" alt=\"BORIS GILTBURG\" srcset=\"https:\/\/www.fazioli.com\/wp-content\/uploads\/2025\/09\/Foto_858x1140_Fazioli_20256.jpg 1520w, https:\/\/www.fazioli.com\/wp-content\/uploads\/2025\/09\/Foto_858x1140_Fazioli_20256-300x226.jpg 300w, https:\/\/www.fazioli.com\/wp-content\/uploads\/2025\/09\/Foto_858x1140_Fazioli_20256-1024x771.jpg 1024w, https:\/\/www.fazioli.com\/wp-content\/uploads\/2025\/09\/Foto_858x1140_Fazioli_20256-768x578.jpg 768w\" sizes=\"auto, (max-width: 1520px) 100vw, 1520px\" \/><\/a>\n<h4 class=\"pt-cv-title\"><a href=\"https:\/\/www.fazioli.com\/en\/concerto_ch\/boris-giltburg-3\/\" class=\"_self cvplbd\" target=\"_self\" >BORIS GILTBURG<\/a><\/h4>\n<div class=\"pt-cv-ctf-list\" data-cvc=\"1\"><div class=\"col-md-12 pt-cv-ctf-column\"><div class=\"pt-cv-custom-fields pt-cv-ctf-data_concerto\"><div class=\"pt-cv-ctf-value\">Friday, 13 February 2026 - 19:30<\/div><\/div><\/div><\/div><\/div><\/div>\n<div class=\"col-md-4 col-sm-6 col-xs-12 pt-cv-content-item pt-cv-1-col\"  data-pid=\"16408\"><div class='pt-cv-ifield'><a href=\"https:\/\/www.fazioli.com\/en\/concerto_ch\/martin-garcia-garcia\/\" class=\"_self pt-cv-href-thumbnail pt-cv-thumb-default cvplbd\" target=\"_self\" ><img loading=\"lazy\" decoding=\"async\" width=\"1520\" height=\"1144\" src=\"https:\/\/www.fazioli.com\/wp-content\/uploads\/2025\/09\/Foto_858x1140_Fazioli_20257.jpg\" class=\"pt-cv-thumbnail img-none\" alt=\"MART\u00cdN GARC\u00cdA GARC\u00cdA\" srcset=\"https:\/\/www.fazioli.com\/wp-content\/uploads\/2025\/09\/Foto_858x1140_Fazioli_20257.jpg 1520w, https:\/\/www.fazioli.com\/wp-content\/uploads\/2025\/09\/Foto_858x1140_Fazioli_20257-300x226.jpg 300w, https:\/\/www.fazioli.com\/wp-content\/uploads\/2025\/09\/Foto_858x1140_Fazioli_20257-1024x771.jpg 1024w, https:\/\/www.fazioli.com\/wp-content\/uploads\/2025\/09\/Foto_858x1140_Fazioli_20257-768x578.jpg 768w\" sizes=\"auto, (max-width: 1520px) 100vw, 1520px\" \/><\/a>\n<h4 class=\"pt-cv-title\"><a href=\"https:\/\/www.fazioli.com\/en\/concerto_ch\/martin-garcia-garcia\/\" class=\"_self cvplbd\" target=\"_self\" >MART\u00cdN GARC\u00cdA GARC\u00cdA<\/a><\/h4>\n<div class=\"pt-cv-ctf-list\" data-cvc=\"1\"><div class=\"col-md-12 pt-cv-ctf-column\"><div class=\"pt-cv-custom-fields pt-cv-ctf-data_concerto\"><div class=\"pt-cv-ctf-value\">Friday, 27 February 2026 - 19:30<\/div><\/div><\/div><\/div><\/div><\/div>\n<div class=\"col-md-4 col-sm-6 col-xs-12 pt-cv-content-item pt-cv-1-col\"  data-pid=\"16422\"><div class='pt-cv-ifield'><a href=\"https:\/\/www.fazioli.com\/en\/concerto_ch\/fazil-say\/\" class=\"_self pt-cv-href-thumbnail pt-cv-thumb-default cvplbd\" target=\"_self\" ><img loading=\"lazy\" decoding=\"async\" width=\"1520\" height=\"1144\" src=\"https:\/\/www.fazioli.com\/wp-content\/uploads\/2025\/09\/Foto_858x1140_Fazioli_20259.jpg\" class=\"pt-cv-thumbnail img-none\" alt=\"FAZIL SAY\" srcset=\"https:\/\/www.fazioli.com\/wp-content\/uploads\/2025\/09\/Foto_858x1140_Fazioli_20259.jpg 1520w, https:\/\/www.fazioli.com\/wp-content\/uploads\/2025\/09\/Foto_858x1140_Fazioli_20259-300x226.jpg 300w, https:\/\/www.fazioli.com\/wp-content\/uploads\/2025\/09\/Foto_858x1140_Fazioli_20259-1024x771.jpg 1024w, https:\/\/www.fazioli.com\/wp-content\/uploads\/2025\/09\/Foto_858x1140_Fazioli_20259-768x578.jpg 768w\" sizes=\"auto, (max-width: 1520px) 100vw, 1520px\" \/><\/a>\n<h4 class=\"pt-cv-title\"><a href=\"https:\/\/www.fazioli.com\/en\/concerto_ch\/fazil-say\/\" class=\"_self cvplbd\" target=\"_self\" >FAZIL SAY<\/a><\/h4>\n<div class=\"pt-cv-ctf-list\" data-cvc=\"1\"><div class=\"col-md-12 pt-cv-ctf-column\"><div class=\"pt-cv-custom-fields pt-cv-ctf-data_concerto\"><div class=\"pt-cv-ctf-value\">Friday, 13 March 2026 - 19:30<\/div><\/div><\/div><\/div><\/div><\/div>\n<div class=\"col-md-4 col-sm-6 col-xs-12 pt-cv-content-item pt-cv-1-col\"  data-pid=\"16437\"><div class='pt-cv-ifield'><a href=\"https:\/\/www.fazioli.com\/en\/concerto_ch\/dang-thai-son\/\" class=\"_self pt-cv-href-thumbnail pt-cv-thumb-default cvplbd\" target=\"_self\" ><img loading=\"lazy\" decoding=\"async\" width=\"1520\" height=\"1144\" src=\"https:\/\/www.fazioli.com\/wp-content\/uploads\/2025\/09\/Foto_858x1140_Fazioli_20258.jpg\" class=\"pt-cv-thumbnail img-none\" alt=\"DANG THAI SON\" srcset=\"https:\/\/www.fazioli.com\/wp-content\/uploads\/2025\/09\/Foto_858x1140_Fazioli_20258.jpg 1520w, https:\/\/www.fazioli.com\/wp-content\/uploads\/2025\/09\/Foto_858x1140_Fazioli_20258-300x226.jpg 300w, https:\/\/www.fazioli.com\/wp-content\/uploads\/2025\/09\/Foto_858x1140_Fazioli_20258-1024x771.jpg 1024w, https:\/\/www.fazioli.com\/wp-content\/uploads\/2025\/09\/Foto_858x1140_Fazioli_20258-768x578.jpg 768w\" sizes=\"auto, (max-width: 1520px) 100vw, 1520px\" \/><\/a>\n<h4 class=\"pt-cv-title\"><a href=\"https:\/\/www.fazioli.com\/en\/concerto_ch\/dang-thai-son\/\" class=\"_self cvplbd\" target=\"_self\" >DANG THAI SON<\/a><\/h4>\n<div class=\"pt-cv-ctf-list\" data-cvc=\"1\"><div class=\"col-md-12 pt-cv-ctf-column\"><div class=\"pt-cv-custom-fields pt-cv-ctf-data_concerto\"><div class=\"pt-cv-ctf-value\">Friday, 27 March 2026 - 19:30<\/div><\/div><\/div><\/div><\/div><\/div><\/div><\/div><\/div>\t\t\t<style type=\"text\/css\" id=\"pt-cv-inline-style-2c946d7c3q\">#pt-cv-view-0bcbe0cikf .pt-cv-title a, #pt-cv-view-0bcbe0cikf  .panel-title { display: block !important; text-align: center !important; clear: both !important; }\n#pt-cv-view-0bcbe0cikf .pt-cv-custom-fields * { margin-left: auto !important; margin-right: auto !important; display: block !important; text-align: center !important; clear: both !important; }\n#pt-cv-view-0bcbe0cikf .pt-cv-readmore  { color: #ffffff !important; background-color: #00aeef !important; }\n#pt-cv-view-0bcbe0cikf .pt-cv-readmore:hover  { color: #ffffff !important; background-color: #00aeef !important; }<\/style>\r\n\t\t\t\n","protected":false},"excerpt":{"rendered":"","protected":false},"author":1,"featured_media":0,"parent":0,"menu_order":0,"comment_status":"closed","ping_status":"closed","template":"","meta":{"_acf_changed":false,"inline_featured_image":false,"footnotes":""},"class_list":["post-11792","page","type-page","status-publish","hentry"],"acf":[],"_links":{"self":[{"href":"https:\/\/www.fazioli.com\/en\/wp-json\/wp\/v2\/pages\/11792","targetHints":{"allow":["GET"]}}],"collection":[{"href":"https:\/\/www.fazioli.com\/en\/wp-json\/wp\/v2\/pages"}],"about":[{"href":"https:\/\/www.fazioli.com\/en\/wp-json\/wp\/v2\/types\/page"}],"author":[{"embeddable":true,"href":"https:\/\/www.fazioli.com\/en\/wp-json\/wp\/v2\/users\/1"}],"replies":[{"embeddable":true,"href":"https:\/\/www.fazioli.com\/en\/wp-json\/wp\/v2\/comments?post=11792"}],"version-history":[{"count":1,"href":"https:\/\/www.fazioli.com\/en\/wp-json\/wp\/v2\/pages\/11792\/revisions"}],"predecessor-version":[{"id":11793,"href":"https:\/\/www.fazioli.com\/en\/wp-json\/wp\/v2\/pages\/11792\/revisions\/11793"}],"wp:attachment":[{"href":"https:\/\/www.fazioli.com\/en\/wp-json\/wp\/v2\/media?parent=11792"}],"curies":[{"name":"wp","href":"https:\/\/api.w.org\/{rel}","templated":true}]}}