{"id":114,"date":"2017-03-23T12:18:57","date_gmt":"2017-03-23T11:18:57","guid":{"rendered":"http:\/\/www.fazioli.com\/perfil\/"},"modified":"2024-11-29T12:24:39","modified_gmt":"2024-11-29T11:24:39","slug":"perfil","status":"publish","type":"page","link":"https:\/\/www.fazioli.com\/es\/perfil\/","title":{"rendered":"Perfil"},"content":{"rendered":"\n<p>Fazioli Pianoforti produce pianos de cola y de concierto desde 1981, a\u00f1o de fundaci\u00f3n de la empresa a iniciativa de Paolo Fazioli, ingeniero y pianista. Pasi\u00f3n por la m\u00fasica y competencia cient\u00edfica, gran habilidad artesanal, continua investigaci\u00f3n tecnol\u00f3gica y una rigurosa selecci\u00f3n de los materiales son los requisitos necesarios para producir un piano Fazioli. FAZIOLI rechaza cualquier filosof\u00eda productiva de tipo industrial y persigue el objetivo de una calidad sin concesiones. La f\u00e1brica se encuentra en Sacile, en la provincia italiana de Pordenone (60 Km al noreste de Venecia), en una zona que goza de una antigua y prestigiosa tradici\u00f3n en el arte del trabajo de la madera.<\/p>\n\n\n\n<h2 class=\"wp-block-heading titolo-interno\">HISTORIA<\/h2>\n\n\n\n<figure class=\"wp-block-image size-full\"><img loading=\"lazy\" decoding=\"async\" width=\"2000\" height=\"700\" src=\"https:\/\/www.fazioli.com\/wp-content\/uploads\/2017\/03\/img-storia.jpg\" alt=\"la storia\" class=\"wp-image-49\" srcset=\"https:\/\/www.fazioli.com\/wp-content\/uploads\/2017\/03\/img-storia.jpg 2000w, https:\/\/www.fazioli.com\/wp-content\/uploads\/2017\/03\/img-storia-300x105.jpg 300w, https:\/\/www.fazioli.com\/wp-content\/uploads\/2017\/03\/img-storia-1024x358.jpg 1024w, https:\/\/www.fazioli.com\/wp-content\/uploads\/2017\/03\/img-storia-768x269.jpg 768w, https:\/\/www.fazioli.com\/wp-content\/uploads\/2017\/03\/img-storia-1536x538.jpg 1536w\" sizes=\"auto, (max-width: 2000px) 100vw, 2000px\" \/><\/figure>\n\n\n\n<p>La historia de la empresa es una trayectoria marcada por un crescendo de \u00e9xitos, desde las primeras exposiciones internacionales hasta la captaci\u00f3n de importantes distribuidores a nivel mundial, desde los pianos suministrados a los m\u00e1s prestigiosos teatros del mundo hasta la colaboraci\u00f3n cada vez m\u00e1s estrecha con c\u00e9lebres artistas que exigen expresamente pianos Fazioli para sus conciertos. Entre ellos, no podemos olvidarnos de la gran pianista Angela Hewitt y del legendario m\u00fasico de jazz Herbie Hancoc.<br>[<a href=\"https:\/\/www.fazioli.com\/wp-content\/uploads\/2024\/06\/2024_06_11_storia_ENG.pdf\" data-type=\"attachment\" data-id=\"14126\" target=\"_blank\" rel=\"noreferrer noopener\">FAZIOLI: La historia \u2013 descargar PDF<\/a>]<\/p>\n\n\n\n<h2 class=\"wp-block-heading titolo-interno\">PRODUCCI\u00d3N<\/h2>\n\n\n\n<figure class=\"wp-block-image size-full\"><img loading=\"lazy\" decoding=\"async\" width=\"2000\" height=\"700\" src=\"https:\/\/www.fazioli.com\/wp-content\/uploads\/2017\/03\/img-produzione.jpg\" alt=\"Fazioli \/ produzione\" class=\"wp-image-63\" srcset=\"https:\/\/www.fazioli.com\/wp-content\/uploads\/2017\/03\/img-produzione.jpg 2000w, https:\/\/www.fazioli.com\/wp-content\/uploads\/2017\/03\/img-produzione-300x105.jpg 300w, https:\/\/www.fazioli.com\/wp-content\/uploads\/2017\/03\/img-produzione-1024x358.jpg 1024w, https:\/\/www.fazioli.com\/wp-content\/uploads\/2017\/03\/img-produzione-768x269.jpg 768w, https:\/\/www.fazioli.com\/wp-content\/uploads\/2017\/03\/img-produzione-1536x538.jpg 1536w\" sizes=\"auto, (max-width: 2000px) 100vw, 2000px\" \/><\/figure>\n\n\n\n<p>A d\u00eda de hoy, nuestra producci\u00f3n ronda los 150 pianos al a\u00f1o, destinados no solo a los mercados europeo y norteamericano, sino tambi\u00e9n a China, Extremo Oriente, Sudam\u00e9rica y diversos pa\u00edses emergentes. La colecci\u00f3n consta de siete modelos de pianos, que se diferencian por su longitud, desde el F156 de un cuarto de cola hasta los gran cola de concierto F278 y F308. A petici\u00f3n del cliente, se puede aplicar cualquier tipo de variante est\u00e9tica a los modelos est\u00e1ndar (colecciones Art Case y Design). Actualmente la empresa da empleo a una plantilla de 50 personas. Los t\u00e9cnicos de FAZIOLI constituyen un equipo altamente especializado que trabaja con la pasi\u00f3n y la competencia de quien se sabe part\u00edcipe de la creaci\u00f3n de un art\u00edculo \u00fanico y de gran valor, destinado al mundo del arte. Todo el proceso de fabricaci\u00f3n, desde la conformaci\u00f3n del armaz\u00f3n hasta el producto acabado, dura unos dos a\u00f1os y, como siempre recordamos, requiere competencia tecnol\u00f3gica, gran pericia artesanal, la selecci\u00f3n cuidadosa de los materiales y una constante investigaci\u00f3n cient\u00edfica. Todos estos aspectos, que nos permiten ofrecer una calidad sin concesiones y representan algo m\u00e1s que una mera \u00abhistoria de tradici\u00f3n\u00bb, van ligados a un cuidado obsesivo de los detalles y se traducen en los rasgos distintivos de nuestros pianos.<\/p>\n\n\n\n<h2 class=\"wp-block-heading titolo-interno\">INSTITUCIONES<\/h2>\n\n\n\n<figure class=\"wp-block-image size-full\"><img loading=\"lazy\" decoding=\"async\" width=\"2000\" height=\"700\" src=\"https:\/\/www.fazioli.com\/wp-content\/uploads\/2017\/03\/img-istituzioni.jpg\" alt=\"Fazioli \/ istituzioni\" class=\"wp-image-70\" srcset=\"https:\/\/www.fazioli.com\/wp-content\/uploads\/2017\/03\/img-istituzioni.jpg 2000w, https:\/\/www.fazioli.com\/wp-content\/uploads\/2017\/03\/img-istituzioni-300x105.jpg 300w, https:\/\/www.fazioli.com\/wp-content\/uploads\/2017\/03\/img-istituzioni-1024x358.jpg 1024w, https:\/\/www.fazioli.com\/wp-content\/uploads\/2017\/03\/img-istituzioni-768x269.jpg 768w, https:\/\/www.fazioli.com\/wp-content\/uploads\/2017\/03\/img-istituzioni-1536x538.jpg 1536w\" sizes=\"auto, (max-width: 2000px) 100vw, 2000px\" \/><\/figure>\n\n\n\n<p>El \u00e9xito de un proyecto que ha dejado de ser una simple marca original \u00abmade in Italy\u00bb para ser considerada una aut\u00e9ntica firma se ve corroborado por la presencia de los pianos FAZIOLI en las instituciones de formaci\u00f3n pian\u00edstica m\u00e1s importantes del mundo. Recientemente, la c\u00e9lebre Juilliard School de Nueva York ha adquirido un gran cola FAZIOLI, poniendo fin a un monopolio que, desde hac\u00eda m\u00e1s de 80 a\u00f1os, la obligaba a comprar instrumentos producidos por otra marca hist\u00f3rica. Los pianos FAZIOLI lucen tambi\u00e9n en los escenarios del Teatro La Fenice, del Palace of Arts de Budapest, del Beijing Grand Theatre y de la Colburn School, as\u00ed como en las aulas del Conservatorio de Par\u00eds y de las universidades de Viena, Graz y Salzburgo. Estos son tan s\u00f3lo algunos ejemplos de los cientos de instituciones de todo el mundo que poseen pianos FAZIOLI.<\/p>\n\n\n\n<h2 class=\"wp-block-heading titolo-interno\">CONCURSOS<\/h2>\n\n\n\n<figure class=\"wp-block-image size-full\"><img loading=\"lazy\" decoding=\"async\" width=\"2000\" height=\"700\" src=\"https:\/\/www.fazioli.com\/wp-content\/uploads\/2017\/03\/img-concorsi.jpg\" alt=\"Fazioli \/ concorsi\" class=\"wp-image-77\" srcset=\"https:\/\/www.fazioli.com\/wp-content\/uploads\/2017\/03\/img-concorsi.jpg 2000w, https:\/\/www.fazioli.com\/wp-content\/uploads\/2017\/03\/img-concorsi-300x105.jpg 300w, https:\/\/www.fazioli.com\/wp-content\/uploads\/2017\/03\/img-concorsi-1024x358.jpg 1024w, https:\/\/www.fazioli.com\/wp-content\/uploads\/2017\/03\/img-concorsi-768x269.jpg 768w, https:\/\/www.fazioli.com\/wp-content\/uploads\/2017\/03\/img-concorsi-1536x538.jpg 1536w\" sizes=\"auto, (max-width: 2000px) 100vw, 2000px\" \/><\/figure>\n\n\n\n<p>Adem\u00e1s de las muchas competiciones que exigen exclusivamente los pianos FAZIOLI, cabe recordar los importantes concursos internacionales que permiten a los candidatos elegir entre distintas marcas, incluida FAZIOLI, como el \u00abChopin\u00bb de Varsovia, el \u00abTchaikovsky\u00bb de Mosc\u00fa, el \u00abArthur Rubinstein Piano Master\u00bb de Tel Aviv, el \u00abFranz Liszt\u00bb de Utrecht y la competici\u00f3n de S\u00eddney. <\/p>\n\n\n\n<p>Los \u00e9xitos recientes incluyen el Concurso Chopin de Varsovia en octubre de 2021, donde hab\u00eda cuatro marcas de pianos diferentes disponibles para elegir. Entre los pianistas que seleccionaron el Fazioli F278, tres fueron admitidos a la final y todos fueron ganadores: Bruce (Xiaoyu) Liu &#8211; 1\u00b0 premio, Martin Garcia Garcia &#8211; 3\u00b0 premio y premio especial a la mejor interpretaci\u00f3n de concierto, Leonora Armellini &#8211; ganadora del 5\u00ba premio.<\/p>\n\n\n\n<p>De acuerdo con las reglas del Concurso Franz Liszt 2022 en Utrecht, los tres finalistas tuvieron la oportunidad de elegir el piano en el que tocar de cuatro marcas diferentes. Yukine Kuroki, ganadora del primer premio, y Derek Wang, ganador del segundo premio, han decidido jugar con el mod FAZIOLI. F308.<\/p>\n\n\n\n<h2 class=\"wp-block-heading titolo-interno\">\u00c9TICA Y CERTIFICACIONES<\/h2>\n\n\n\n<figure class=\"wp-block-image size-full\"><img loading=\"lazy\" decoding=\"async\" width=\"1200\" height=\"420\" src=\"https:\/\/www.fazioli.com\/wp-content\/uploads\/2017\/03\/img-etica.jpg\" alt=\"Fazioli \/ etica e certificazioni\" class=\"wp-image-84\" srcset=\"https:\/\/www.fazioli.com\/wp-content\/uploads\/2017\/03\/img-etica.jpg 1200w, https:\/\/www.fazioli.com\/wp-content\/uploads\/2017\/03\/img-etica-300x105.jpg 300w, https:\/\/www.fazioli.com\/wp-content\/uploads\/2017\/03\/img-etica-1024x358.jpg 1024w, https:\/\/www.fazioli.com\/wp-content\/uploads\/2017\/03\/img-etica-768x269.jpg 768w\" sizes=\"auto, (max-width: 1200px) 100vw, 1200px\" \/><\/figure>\n\n\n\n<p>La empresa FAZIOLI tambi\u00e9n apuesta por la sostenibilidad. Ya desde 2011, el sistema fotovoltaico instalado en la cubierta de la f\u00e1brica produce una tercera parte de la energ\u00eda que necesita el centro de producci\u00f3n. Esto se traduce en un ahorro de aproximadamente una tonelada de CO2 por cada piano producido. De esta manera, deja de emitirse al medio ambiente una cantidad de di\u00f3xido de carbono equivalente al doble del peso de cada instrumento fabricado. Todas las fases del proceso de producci\u00f3n est\u00e1n sometidas a un control constante en materia de emisiones contaminantes. Las maderas empleadas en la fabricaci\u00f3n de los instrumentos proceden \u00fanicamente de proveedores certificados que adoptan pr\u00e1cticas \u00e9ticas de gesti\u00f3n forestal. La empresa cuenta con la certificaci\u00f3n internacional de calidad ISO-9001.<\/p>\n\n\n\n<h2 class=\"wp-block-heading titolo-interno\">EL PIANO DEL FUTURO<\/h2>\n\n\n\n<figure class=\"wp-block-image size-full\"><img loading=\"lazy\" decoding=\"async\" width=\"2000\" height=\"700\" src=\"https:\/\/www.fazioli.com\/wp-content\/uploads\/2017\/03\/img-futuro.jpg\" alt=\"\" class=\"wp-image-91\" srcset=\"https:\/\/www.fazioli.com\/wp-content\/uploads\/2017\/03\/img-futuro.jpg 2000w, https:\/\/www.fazioli.com\/wp-content\/uploads\/2017\/03\/img-futuro-300x105.jpg 300w, https:\/\/www.fazioli.com\/wp-content\/uploads\/2017\/03\/img-futuro-1024x358.jpg 1024w, https:\/\/www.fazioli.com\/wp-content\/uploads\/2017\/03\/img-futuro-768x269.jpg 768w, https:\/\/www.fazioli.com\/wp-content\/uploads\/2017\/03\/img-futuro-1536x538.jpg 1536w\" sizes=\"auto, (max-width: 2000px) 100vw, 2000px\" \/><\/figure>\n\n\n\n<p>Tradicionalmente centrada en los aspectos tecnol\u00f3gicos, productivos y creativos, tal y como recoge \u00abThe Economist\u00bb, una empresa que ni siquiera exist\u00eda hace cuarenta a\u00f1os es considerada hoy un ejemplo de excelencia por sus esfuerzos de investigaci\u00f3n, renovaci\u00f3n y puesta en valor de sus productos: pianos con la mirada siempre puesta en el futuro. D\u00eda tras d\u00eda, FAZIOLI ve los nuevos desaf\u00edos como una oportunidad de crecimiento: ocasiones para escribir un nuevo cap\u00edtulo en la historia del piano que, lejos de dejarse de lado, se desea perpetuar con curiosidad e ingenio.<\/p>\n","protected":false},"excerpt":{"rendered":"<p>Fazioli Pianoforti produce pianos de cola y de concierto desde 1981, a\u00f1o de fundaci\u00f3n de la empresa a iniciativa de [&hellip;]<\/p>\n","protected":false},"author":1,"featured_media":43,"parent":0,"menu_order":0,"comment_status":"closed","ping_status":"closed","template":"","meta":{"_acf_changed":false,"inline_featured_image":false,"footnotes":""},"class_list":["post-114","page","type-page","status-publish","has-post-thumbnail","hentry"],"acf":[],"_links":{"self":[{"href":"https:\/\/www.fazioli.com\/es\/wp-json\/wp\/v2\/pages\/114","targetHints":{"allow":["GET"]}}],"collection":[{"href":"https:\/\/www.fazioli.com\/es\/wp-json\/wp\/v2\/pages"}],"about":[{"href":"https:\/\/www.fazioli.com\/es\/wp-json\/wp\/v2\/types\/page"}],"author":[{"embeddable":true,"href":"https:\/\/www.fazioli.com\/es\/wp-json\/wp\/v2\/users\/1"}],"replies":[{"embeddable":true,"href":"https:\/\/www.fazioli.com\/es\/wp-json\/wp\/v2\/comments?post=114"}],"version-history":[{"count":11,"href":"https:\/\/www.fazioli.com\/es\/wp-json\/wp\/v2\/pages\/114\/revisions"}],"predecessor-version":[{"id":15451,"href":"https:\/\/www.fazioli.com\/es\/wp-json\/wp\/v2\/pages\/114\/revisions\/15451"}],"wp:featuredmedia":[{"embeddable":true,"href":"https:\/\/www.fazioli.com\/es\/wp-json\/wp\/v2\/media\/43"}],"wp:attachment":[{"href":"https:\/\/www.fazioli.com\/es\/wp-json\/wp\/v2\/media?parent=114"}],"curies":[{"name":"wp","href":"https:\/\/api.w.org\/{rel}","templated":true}]}}