{"id":122,"date":"2017-03-23T12:46:22","date_gmt":"2017-03-23T11:46:22","guid":{"rendered":"http:\/\/www.fazioli.com\/fazioli-milano-2\/"},"modified":"2026-02-09T09:06:17","modified_gmt":"2026-02-09T08:06:17","slug":"fazioli-milano-2","status":"publish","type":"page","link":"https:\/\/www.fazioli.com\/es\/fazioli-milano","title":{"rendered":"Fazioli Milano"},"content":{"rendered":"<div class=\"wp-block-image\">\n<figure class=\"aligncenter size-full\"><img loading=\"lazy\" decoding=\"async\" width=\"1200\" height=\"713\" src=\"https:\/\/www.fazioli.com\/wp-content\/uploads\/2024\/12\/fazioli-milano-banner-iniziale-2.jpg\" alt=\"\" class=\"wp-image-15492\" srcset=\"https:\/\/www.fazioli.com\/wp-content\/uploads\/2024\/12\/fazioli-milano-banner-iniziale-2.jpg 1200w, https:\/\/www.fazioli.com\/wp-content\/uploads\/2024\/12\/fazioli-milano-banner-iniziale-2-300x178.jpg 300w, https:\/\/www.fazioli.com\/wp-content\/uploads\/2024\/12\/fazioli-milano-banner-iniziale-2-1024x608.jpg 1024w, https:\/\/www.fazioli.com\/wp-content\/uploads\/2024\/12\/fazioli-milano-banner-iniziale-2-768x456.jpg 768w\" sizes=\"auto, (max-width: 1200px) 100vw, 1200px\" \/><\/figure>\n<\/div>\n\n\n<p><\/p>\n\n\n\n<p><strong>FAZIOLI Showroom&nbsp;<\/strong><br>Via Conservatorio 17 &#8211; 20122 Milano<br><a href=\"mailto:milano@fazioli.com\">milano@fazioli.com<\/a>&nbsp;&#8211; +39 0276021990<\/p>\n\n\n\n<p><strong>El showroom est\u00e1 abierto de lunes a viernes, de las 10.00 a las 13.00 y de las 14.00 a las 19.00.<\/strong><\/p>\n\n\n\n<iframe src=\"https:\/\/www.google.com\/maps\/embed?pb=!1m18!1m12!1m3!1d1525.7007200464088!2d9.200942740214524!3d45.46683456424407!2m3!1f0!2f0!3f0!3m2!1i1024!2i768!4f13.1!3m3!1m2!1s0x4786c6bca8466053%3A0x18e98922780b0b0b!2sShowroom%20Fazioli!5e0!3m2!1sit!2sit!4v1665998655695!5m2!1sit!2sit\" style=\"border:0;\" allowfullscreen=\"\" loading=\"lazy\" referrerpolicy=\"no-referrer-when-downgrade\" width=\"400\" height=\"300\"><\/iframe>\n\n\n\n<p><\/p>\n\n\n\n<p>El showroom de Fazioli cobra vida a dos pasos del Conservatorio de Mil\u00e1n, no muy lejos del Teatro de la Scala y del coraz\u00f3n cultural de la ciudad, en el hist\u00f3rico establecimiento que es, desde 1919, un punto de referencia para estudiantes, profesionales y apasionados de la m\u00fasica. Un lugar especialmente adecuado para albergar un punto de venta dedicado a los pianos considerados entre los mejores del mundo. El arquitecto Domenico Fazioli ha dise\u00f1ado de la remodelaci\u00f3n de las instalaciones con el objetivo de representar de la mejor manera posible la calidad y la filosof\u00eda de la empresa. La sobriedad y la elegancia son los rasgos distintivos del showroom, con una superficie de exposici\u00f3n de 180 metros cuadrados y grandes ventanales con vistas a Via Conservatorio y Corso Monforte.<\/p>\n\n\n\n<p>El showroom es un escaparate de excelencia donde se pueden admirar y tocar todos los modelos de la gama Fazioli. En un espacio amplio y acogedor, el cliente puede experimentar las caracter\u00edsticas del sonido Fazioli, as\u00ed como apreciar la alta calidad del producto hasta el m\u00e1s m\u00ednimo detalle. Los modelos negros cl\u00e1sicos se alternan con instrumentos con acabados especiales de la gama Art Case, piezas \u00fanicas de la producci\u00f3n de Fazioli.<\/p>\n\n\n\n<p>Adem\u00e1s de la actividad de exposici\u00f3n y venta, el showroom ofrece un servicio de conciertos de alto nivel, acorde a la filosof\u00eda de la empresa. L&#8217;instrumento estrella de la producci\u00f3n de Fazioli est\u00e1 destinado al alquiler: el gran cola modelo F278. La calidad del servicio radica en la meticulosa asistencia t\u00e9cnica que caracteriza tanto el momento de la preparaci\u00f3n en el showroom como el de la puesta a punto en la sala de conciertos. De todo ello se encargan exclusivamente t\u00e9cnicos autorizados de Fazioli, para garantizar la excelencia en las prestaciones del instrumento.<\/p>\n\n\n\n<p>No es solo una tienda, sino un lugar en el que descubrir y apreciar \u00edntegramente el Mundo Fazioli, tambi\u00e9n a trav\u00e9s de CDs grabados con pianos Fazioli y gadgets exclusivos.<\/p>\n\n\n\n<p><a href=\"mailto:milano@fazioli.com\">Ponte en contacto con nuestro personal<\/a> para recibir m\u00e1s informaci\u00f3n.<\/p>\n\n\n\n<figure class=\"wp-block-image size-full\"><img loading=\"lazy\" decoding=\"async\" width=\"1125\" height=\"200\" src=\"https:\/\/www.fazioli.com\/wp-content\/uploads\/2024\/12\/fazioli-milano-banner-new-1.png\" alt=\"\" class=\"wp-image-15483\" srcset=\"https:\/\/www.fazioli.com\/wp-content\/uploads\/2024\/12\/fazioli-milano-banner-new-1.png 1125w, https:\/\/www.fazioli.com\/wp-content\/uploads\/2024\/12\/fazioli-milano-banner-new-1-300x53.png 300w, https:\/\/www.fazioli.com\/wp-content\/uploads\/2024\/12\/fazioli-milano-banner-new-1-1024x182.png 1024w, https:\/\/www.fazioli.com\/wp-content\/uploads\/2024\/12\/fazioli-milano-banner-new-1-768x137.png 768w\" sizes=\"auto, (max-width: 1125px) 100vw, 1125px\" \/><\/figure>\n","protected":false},"excerpt":{"rendered":"<p>FAZIOLI Showroom&nbsp;Via Conservatorio 17 &#8211; 20122 Milanomilano@fazioli.com&nbsp;&#8211; +39 0276021990 El showroom est\u00e1 abierto de lunes a viernes, de las 10.00 [&hellip;]<\/p>\n","protected":false},"author":1,"featured_media":93,"parent":0,"menu_order":0,"comment_status":"closed","ping_status":"closed","template":"","meta":{"_acf_changed":false,"inline_featured_image":false,"footnotes":""},"class_list":["post-122","page","type-page","status-publish","has-post-thumbnail","hentry"],"acf":[],"_links":{"self":[{"href":"https:\/\/www.fazioli.com\/es\/wp-json\/wp\/v2\/pages\/122","targetHints":{"allow":["GET"]}}],"collection":[{"href":"https:\/\/www.fazioli.com\/es\/wp-json\/wp\/v2\/pages"}],"about":[{"href":"https:\/\/www.fazioli.com\/es\/wp-json\/wp\/v2\/types\/page"}],"author":[{"embeddable":true,"href":"https:\/\/www.fazioli.com\/es\/wp-json\/wp\/v2\/users\/1"}],"replies":[{"embeddable":true,"href":"https:\/\/www.fazioli.com\/es\/wp-json\/wp\/v2\/comments?post=122"}],"version-history":[{"count":11,"href":"https:\/\/www.fazioli.com\/es\/wp-json\/wp\/v2\/pages\/122\/revisions"}],"predecessor-version":[{"id":16748,"href":"https:\/\/www.fazioli.com\/es\/wp-json\/wp\/v2\/pages\/122\/revisions\/16748"}],"wp:featuredmedia":[{"embeddable":true,"href":"https:\/\/www.fazioli.com\/es\/wp-json\/wp\/v2\/media\/93"}],"wp:attachment":[{"href":"https:\/\/www.fazioli.com\/es\/wp-json\/wp\/v2\/media?parent=122"}],"curies":[{"name":"wp","href":"https:\/\/api.w.org\/{rel}","templated":true}]}}