{"id":142,"date":"2017-03-30T13:34:23","date_gmt":"2017-03-30T11:34:23","guid":{"rendered":"http:\/\/www.fazioli.com\/la-sala-2\/"},"modified":"2022-08-31T16:31:58","modified_gmt":"2022-08-31T14:31:58","slug":"la-sala-2","status":"publish","type":"page","link":"https:\/\/www.fazioli.com\/es\/la-sala-2\/","title":{"rendered":"Fazioli Concert Hall"},"content":{"rendered":"\n<p>La <strong>FAZIOLI CONCERT HALL<\/strong> transmite de forma a\u00fan m\u00e1s expl\u00edcita la imagen de una empresa dedicada no s\u00f3lo a la promoci\u00f3n de sus productos, sino tambi\u00e9n a la valorizaci\u00f3n del mundo del arte y de la cultura, al que van dirigidos los pianos Fazioli. La sala, que se erige desde 2004 al lado de la f\u00e1brica de FAZIOLI, dispone de un aforo para 198 personas, con 40 asientos a\u00f1adidos. Su escenario puede acoger agrupaciones musicales que van hasta orquestas de tama\u00f1o mediano. Su dise\u00f1o se caracteriza por la gran atenci\u00f3n que se ha dedicado a los aspectos ac\u00fasticos. En efecto, gracias a una serie de dispositivos (perfiles ac\u00fasticos convexos de madera, paneles de madera y material insonorizante), se puede modificar el tiempo de reverberaci\u00f3n de la sala y, por lo tanto, las caracter\u00edsticas del ambiente sonoro, logrando efectos de mayor resonancia o mayor absorci\u00f3n. Esta versatilidad permite realizar en la sala pruebas y procesos de selecci\u00f3n de instrumentos, sobre todo para los destinados a salas m\u00e1s grandes, conciertos y grabaciones discogr\u00e1ficas.<\/p>\n\n\n\n<h2 class=\"titolo-interno wp-block-heading\">CONCIERTOS<\/h2>\n\n\n\n<figure class=\"wp-block-image\"><img loading=\"lazy\" decoding=\"async\" width=\"1200\" height=\"420\" src=\"http:\/\/www.fazioli.com\/wp-content\/uploads\/2017\/03\/img-registrazioni.jpg\" alt=\"Fazioli \/ Concerti\" class=\"wp-image-130\" srcset=\"https:\/\/www.fazioli.com\/wp-content\/uploads\/2017\/03\/img-registrazioni.jpg 1200w, https:\/\/www.fazioli.com\/wp-content\/uploads\/2017\/03\/img-registrazioni-300x105.jpg 300w, https:\/\/www.fazioli.com\/wp-content\/uploads\/2017\/03\/img-registrazioni-1024x358.jpg 1024w, https:\/\/www.fazioli.com\/wp-content\/uploads\/2017\/03\/img-registrazioni-768x269.jpg 768w\" sizes=\"auto, (max-width: 1200px) 100vw, 1200px\" \/><\/figure>\n\n\n\n<p>La temporada de conciertos de la Fazioli Concert Hall, inaugurada en 2005, va ya por su decimotercera edici\u00f3n: una etapa importante que subraya el contacto constante y privilegiado que mantiene FAZIOLI con los artistas m\u00e1s destacados del panorama concert\u00edstico mundial, as\u00ed como el reconocimiento de los j\u00f3venes talentos, un aspecto crucial para FAZIOLI. Precisamente para los pianistas de las nuevas generaciones se ha creado la serie de conciertos \u00ab<strong>Winners<\/strong>\u00bb, dedicada a los ganadores de importantes concursos de piano.<br>Todos los conciertos est\u00e1n abiertos al p\u00fablico, y la cartelera atrae tanto al p\u00fablico local como al nacional y extranjero, lo cual revierte claramente en el crecimiento cultural de la zona.<\/p>\n\n\n\n<h2 class=\"titolo-interno wp-block-heading\">GRABACIONES<\/h2>\n\n\n\n<figure class=\"wp-block-image\"><img loading=\"lazy\" decoding=\"async\" width=\"1200\" height=\"420\" src=\"http:\/\/www.fazioli.com\/wp-content\/uploads\/2017\/03\/img-concerti.jpg\" alt=\"Fazioli \/ Registrazioni\" class=\"wp-image-137\" srcset=\"https:\/\/www.fazioli.com\/wp-content\/uploads\/2017\/03\/img-concerti.jpg 1200w, https:\/\/www.fazioli.com\/wp-content\/uploads\/2017\/03\/img-concerti-300x105.jpg 300w, https:\/\/www.fazioli.com\/wp-content\/uploads\/2017\/03\/img-concerti-1024x358.jpg 1024w, https:\/\/www.fazioli.com\/wp-content\/uploads\/2017\/03\/img-concerti-768x269.jpg 768w\" sizes=\"auto, (max-width: 1200px) 100vw, 1200px\" \/><\/figure>\n\n\n\n<p>Grabar en la Fazioli Concert Hall es la soluci\u00f3n ideal para quienes buscan un \u00fanico estudio que satisfaga varios requisitos:<\/p>\n\n\n\n<ul class=\"wp-block-list\"><li>una ac\u00fastica c\u00f3moda y modulable,<\/li><li>un piano de alta categor\u00eda,<\/li><li>un t\u00e9cnico afinador disponible en todo momento,<\/li><li>un ambiente de trabajo tranquilo y profesional.<\/li><\/ul>\n\n\n\n<p>Los artistas tienen la posibilidad de trabajar con sus t\u00e9cnicos de confianza. De hecho, se ha optado por no equipar la sala con micr\u00f3fonos ni mesas de mezclas, prefiriendo en su lugar crear las condiciones adecuadas para que los t\u00e9cnicos de sonido externos puedan instalar sus propios equipos en la sala de producci\u00f3n. Si el cliente lo solicita, podemos recomendarle a ingenieros de sonido de reconocida fama y experiencia con los que los artistas (o sus productores) pueden entablar una relaci\u00f3n directa, tanto en el plano econ\u00f3mico como en el organizativo.<\/p>\n","protected":false},"excerpt":{"rendered":"<p>La FAZIOLI CONCERT HALL transmite de forma a\u00fan m\u00e1s expl\u00edcita la imagen de una empresa dedicada no s\u00f3lo a la [&hellip;]<\/p>\n","protected":false},"author":1,"featured_media":124,"parent":0,"menu_order":0,"comment_status":"closed","ping_status":"closed","template":"","meta":{"_acf_changed":false,"inline_featured_image":false,"footnotes":""},"class_list":["post-142","page","type-page","status-publish","has-post-thumbnail","hentry"],"acf":[],"_links":{"self":[{"href":"https:\/\/www.fazioli.com\/es\/wp-json\/wp\/v2\/pages\/142","targetHints":{"allow":["GET"]}}],"collection":[{"href":"https:\/\/www.fazioli.com\/es\/wp-json\/wp\/v2\/pages"}],"about":[{"href":"https:\/\/www.fazioli.com\/es\/wp-json\/wp\/v2\/types\/page"}],"author":[{"embeddable":true,"href":"https:\/\/www.fazioli.com\/es\/wp-json\/wp\/v2\/users\/1"}],"replies":[{"embeddable":true,"href":"https:\/\/www.fazioli.com\/es\/wp-json\/wp\/v2\/comments?post=142"}],"version-history":[{"count":1,"href":"https:\/\/www.fazioli.com\/es\/wp-json\/wp\/v2\/pages\/142\/revisions"}],"predecessor-version":[{"id":11991,"href":"https:\/\/www.fazioli.com\/es\/wp-json\/wp\/v2\/pages\/142\/revisions\/11991"}],"wp:featuredmedia":[{"embeddable":true,"href":"https:\/\/www.fazioli.com\/es\/wp-json\/wp\/v2\/media\/124"}],"wp:attachment":[{"href":"https:\/\/www.fazioli.com\/es\/wp-json\/wp\/v2\/media?parent=142"}],"curies":[{"name":"wp","href":"https:\/\/api.w.org\/{rel}","templated":true}]}}