{"id":230,"date":"2018-01-22T15:12:46","date_gmt":"2018-01-22T14:12:46","guid":{"rendered":"http:\/\/www.fazioli.com\/mantenimiento\/"},"modified":"2022-08-26T16:38:54","modified_gmt":"2022-08-26T14:38:54","slug":"mantenimiento","status":"publish","type":"page","link":"https:\/\/www.fazioli.com\/es\/mantenimiento\/","title":{"rendered":"Mantenimiento"},"content":{"rendered":"\n<h2 class=\"titolo-interno wp-block-heading\">Condiciones ambientales recomendadas<\/h2>\n\n\n\n<figure class=\"wp-block-image\"><img loading=\"lazy\" decoding=\"async\" width=\"1200\" height=\"420\" src=\"https:\/\/www.fazioli.com\/wp-content\/uploads\/2017\/06\/img-condizioni-ambientali.jpg\" alt=\"Fazioli \/ Condizioni ambientali consigliate\" class=\"wp-image-161\" srcset=\"https:\/\/www.fazioli.com\/wp-content\/uploads\/2017\/06\/img-condizioni-ambientali.jpg 1200w, https:\/\/www.fazioli.com\/wp-content\/uploads\/2017\/06\/img-condizioni-ambientali-300x105.jpg 300w, https:\/\/www.fazioli.com\/wp-content\/uploads\/2017\/06\/img-condizioni-ambientali-1024x358.jpg 1024w, https:\/\/www.fazioli.com\/wp-content\/uploads\/2017\/06\/img-condizioni-ambientali-768x269.jpg 768w\" sizes=\"auto, (max-width: 1200px) 100vw, 1200px\" \/><\/figure>\n\n\n\n<p>La madera es un material natural y vivo, y como tal experimenta continuos cambios al interactuar con el ambiente que la rodea.<br>Puesto que el piano est\u00e1 compuesto principalmente de madera, conviene colocarlo en habitaciones en las que la temperatura y la humedad relativa del aire est\u00e9n controladas y no experimenten variaciones bruscas. Si la humedad relativa supera los valores recomendados, como puede ocurrir en zonas h\u00famedas y especialmente durante las estaciones intermedias y en verano, esta puede reducirse utilizando aparatos deshumidificadores que se pueden encontrar con facilidad en el mercado. La humedad relativa alrededor de su piano no deber\u00eda descender del 30 % ni superar el 70 %.<br>Si la humedad relativa es demasiado baja, como ocurre durante el invierno en las habitaciones cerradas a causa de las instalaciones de calefacci\u00f3n, esta puede aumentarse por medio de sistemas normales de humidificaci\u00f3n que se pueden encontrar con facilidad en el mercado. En cualquier caso, no se debe dejar nunca el piano en una habitaci\u00f3n demasiado seca.<br>Se recomienda colocar el piano lejos de paredes exteriores y ventanas, que sufren en mayor medida los efectos de los cambios bruscos de la temperatura exterior. Adem\u00e1s, conviene evitar que los rayos del sol incidan directamente sobre las superficies del piano, creando concentraciones de calor y una subida localizada de la temperatura, con los consiguientes peligros de tensiones y posibles agrietamientos de la pintura o de la madera.<br>Se aconseja no apoyar sobre el piano objetos de ning\u00fan tipo, para evitar posibles vibraciones molestas, y en especial botellas o vasos, ya que si se derramase su contenido dentro del piano se podr\u00edan ocasionar graves da\u00f1os al instrumento.<\/p>\n\n\n\n<h2 class=\"titolo-interno wp-block-heading\">Mantenimiento del piano<\/h2>\n\n\n\n<figure class=\"wp-block-image\"><img loading=\"lazy\" decoding=\"async\" width=\"1200\" height=\"420\" src=\"https:\/\/www.fazioli.com\/wp-content\/uploads\/2017\/06\/img-manutenzione.jpg\" alt=\"Fazioli \/ Manutenzione del pianoforte\" class=\"wp-image-168\" srcset=\"https:\/\/www.fazioli.com\/wp-content\/uploads\/2017\/06\/img-manutenzione.jpg 1200w, https:\/\/www.fazioli.com\/wp-content\/uploads\/2017\/06\/img-manutenzione-300x105.jpg 300w, https:\/\/www.fazioli.com\/wp-content\/uploads\/2017\/06\/img-manutenzione-1024x358.jpg 1024w, https:\/\/www.fazioli.com\/wp-content\/uploads\/2017\/06\/img-manutenzione-768x269.jpg 768w\" sizes=\"auto, (max-width: 1200px) 100vw, 1200px\" \/><\/figure>\n\n\n\n<p>La compra de un piano representa una inversi\u00f3n a largo plazo; el mantenimiento de las condiciones \u00f3ptimas desempe\u00f1a un papel crucial en la preservaci\u00f3n del valor del instrumento a lo largo del tiempo. Su durabilidad depende en gran medida de la calidad del mantenimiento efectuado. Este debe encargarse a un t\u00e9cnico cualificado que cuente con una certificaci\u00f3n oficial. La calidad ac\u00fastica y de funcionamiento del piano depende de:<\/p>\n\n\n\n<ul class=\"wp-block-list\"><li>Afinaci\u00f3n<\/li><li>Regulaci\u00f3n de la mec\u00e1nica<\/li><li>Entonaci\u00f3n<\/li><\/ul>\n\n\n\n<h2 class=\"titolo-interno wp-block-heading\">Afinaci\u00f3n<\/h2>\n\n\n\n<figure class=\"wp-block-image\"><img loading=\"lazy\" decoding=\"async\" width=\"1200\" height=\"420\" src=\"https:\/\/www.fazioli.com\/wp-content\/uploads\/2017\/06\/img-accordatura.jpg\" alt=\"Fazioli \/ Accordatura\" class=\"wp-image-175\" srcset=\"https:\/\/www.fazioli.com\/wp-content\/uploads\/2017\/06\/img-accordatura.jpg 1200w, https:\/\/www.fazioli.com\/wp-content\/uploads\/2017\/06\/img-accordatura-300x105.jpg 300w, https:\/\/www.fazioli.com\/wp-content\/uploads\/2017\/06\/img-accordatura-1024x358.jpg 1024w, https:\/\/www.fazioli.com\/wp-content\/uploads\/2017\/06\/img-accordatura-768x269.jpg 768w\" sizes=\"auto, (max-width: 1200px) 100vw, 1200px\" \/><\/figure>\n\n\n\n<p>Nuestro o\u00eddo se adapta tan f\u00e1cilmente a condiciones diferentes que a menudo no nos percatamos de cu\u00e1ndo un instrumento est\u00e1 desafinado. . La afinaci\u00f3n de un piano var\u00eda por medio de un proceso gradual, de manera que la mayor\u00eda de las veces el o\u00eddo se adapta a las diferencias de afinaci\u00f3n, sobre todo si el cambio se produce de manera m\u00e1s o menos uniforme en todas las notas del teclado. Si no se efect\u00faa la afinaci\u00f3n peri\u00f3dicamente, puede resentirse la educaci\u00f3n del o\u00eddo, adem\u00e1s de la salud el instrumento. La frecuencia recomendada para la afinaci\u00f3n del piano var\u00eda seg\u00fan el uso que se haga del instrumento, tanto en lo que respecta al tiempo como a la intensidad. De todos modos, conviene llamar al t\u00e9cnico de confianza como m\u00ednimo dos veces al a\u00f1o.<\/p>\n\n\n\n<h2 class=\"titolo-interno wp-block-heading\">Regulaci\u00f3n de la mec\u00e1nica<\/h2>\n\n\n\n<figure class=\"wp-block-image\"><img loading=\"lazy\" decoding=\"async\" width=\"1200\" height=\"420\" src=\"https:\/\/www.fazioli.com\/wp-content\/uploads\/2017\/06\/img-regolazione.jpg\" alt=\"Fazioli \/ Regolazione della meccanica\" class=\"wp-image-182\" srcset=\"https:\/\/www.fazioli.com\/wp-content\/uploads\/2017\/06\/img-regolazione.jpg 1200w, https:\/\/www.fazioli.com\/wp-content\/uploads\/2017\/06\/img-regolazione-300x105.jpg 300w, https:\/\/www.fazioli.com\/wp-content\/uploads\/2017\/06\/img-regolazione-1024x358.jpg 1024w, https:\/\/www.fazioli.com\/wp-content\/uploads\/2017\/06\/img-regolazione-768x269.jpg 768w\" sizes=\"auto, (max-width: 1200px) 100vw, 1200px\" \/><\/figure>\n\n\n\n<p>El teclado y la mec\u00e1nica del piano, formados a su vez por diversos componentes de madera sensibles a las condiciones atmosf\u00e9ricas, est\u00e1n sujetos a peque\u00f1as variaciones de ajuste, sobre todo al ser piezas sometidas continuamente a esfuerzos. Esto causa alteraciones en la respuesta del teclado. Una mec\u00e1nica y un teclado bien regulados son esenciales para la fiabilidad de la ejecuci\u00f3n, de manera que conviene solicitar al t\u00e9cnico que regule al menos una vez al a\u00f1o la mec\u00e1nica para corregir las leves alteraciones que se producen en la respuesta del teclado.<\/p>\n\n\n\n<h2 class=\"titolo-interno wp-block-heading\">Entonaci\u00f3n<\/h2>\n\n\n\n<figure class=\"wp-block-image\"><img loading=\"lazy\" decoding=\"async\" width=\"1200\" height=\"420\" src=\"https:\/\/www.fazioli.com\/wp-content\/uploads\/2017\/06\/img-intonazione.jpg\" alt=\"Fazioli \/ Intonazione\" class=\"wp-image-189\" srcset=\"https:\/\/www.fazioli.com\/wp-content\/uploads\/2017\/06\/img-intonazione.jpg 1200w, https:\/\/www.fazioli.com\/wp-content\/uploads\/2017\/06\/img-intonazione-300x105.jpg 300w, https:\/\/www.fazioli.com\/wp-content\/uploads\/2017\/06\/img-intonazione-1024x358.jpg 1024w, https:\/\/www.fazioli.com\/wp-content\/uploads\/2017\/06\/img-intonazione-768x269.jpg 768w\" sizes=\"auto, (max-width: 1200px) 100vw, 1200px\" \/><\/figure>\n\n\n\n<p>La entonaci\u00f3n es la pr\u00e1ctica por la cual el t\u00e9cnico, mediante una herramienta especial llamada entonador, provisto de tres agujas, es capaz de modificar la densidad del fieltro que recubre la cabeza del martillo, de la cual depende el timbre del sonido del piano. De hecho, los fieltros de los martillos, con el uso, con las variaciones clim\u00e1ticas y con el tiempo, tienden a endurecerse de manera desigual: depende de la habilidad del t\u00e9cnico restaurar la igualdad y la belleza de timbre punzando los fieltros de los martillos con el entonador.<br>Aun si se da poco uso al instrumento, se recomienda:<\/p>\n\n\n\n<ul class=\"wp-block-list\"><li>Afinar el piano al menos 2 veces al a\u00f1o<\/li><li>Revisar la mec\u00e1nica y la entonaci\u00f3n al menos 1 vez al a\u00f1o<\/li><li>Acudir siempre a un t\u00e9cnico profesionalmente cualificado para ello.<\/li><\/ul>\n\n\n\n<h2 class=\"titolo-interno wp-block-heading\">Cuidados del piano<\/h2>\n\n\n\n<figure class=\"wp-block-image\"><img loading=\"lazy\" decoding=\"async\" width=\"1200\" height=\"420\" src=\"https:\/\/www.fazioli.com\/wp-content\/uploads\/2017\/06\/img-cura-pianoforte.jpg\" alt=\"Fazioli \/ Cura del pianoforte\" class=\"wp-image-196\" srcset=\"https:\/\/www.fazioli.com\/wp-content\/uploads\/2017\/06\/img-cura-pianoforte.jpg 1200w, https:\/\/www.fazioli.com\/wp-content\/uploads\/2017\/06\/img-cura-pianoforte-300x105.jpg 300w, https:\/\/www.fazioli.com\/wp-content\/uploads\/2017\/06\/img-cura-pianoforte-1024x358.jpg 1024w, https:\/\/www.fazioli.com\/wp-content\/uploads\/2017\/06\/img-cura-pianoforte-768x269.jpg 768w\" sizes=\"auto, (max-width: 1200px) 100vw, 1200px\" \/><\/figure>\n\n\n\n<p>Los componentes del piano pueden presentar acabados y tratamientos de diverso tipo. Por ello, el cuidado de las distintas superficies es muy variado y debe realizarse con gran atenci\u00f3n en funci\u00f3n de cada caso.<br>Para la limpieza de las superficies satinadas se recomienda utilizar un pa\u00f1o suave ligeramente humedecido con l\u00edquido detergente no agresivo (que no contenga ning\u00fan tipo de disolvente) sin ejercer presi\u00f3n y con movimientos circulares. Para la limpieza de las superficies brillantes se recomienda eliminar el polvo mediante un pa\u00f1o suave ligeramente humedecido con l\u00edquido detergente no agresivo. No se deben utilizar en ning\u00fan caso productos que contengan sustancias abrasivas.<br>Tambi\u00e9n las partes met\u00e1licas requieren cuidados y atenci\u00f3n. Las bisagras, los acabados y la torniller\u00eda, al ser dorados, tienden a acumular una capa de polvo que se puede retirar con un pa\u00f1o ligeramente humedecido con l\u00edquido detergente no agresivo. Para eliminar el \u00f3xido de la marca FAZIOLI y de los pedales, realizados en lat\u00f3n, se pueden utilizar pastas desoxidantes para metales que se pueden encontrar f\u00e1cilmente en el mercado (Sidol o productos similares). Para limpiar el teclado se recomienda utilizar un pa\u00f1o suave con l\u00edquido detergente no agresivo. Es importante no humedecer las superficies laterales de las teclas.<br>Para obtener m\u00e1s informaci\u00f3n sobre la limpieza y desinfecci\u00f3n del teclado, haga clic <a href=\"http:\/\/www.fazioli.com\/es\/noticias-eventos\/how-clean-and-sanitize-keyboard-fazioli-pianos\">aqu\u00ed<\/a>.<\/p>\n\n\n\n<h2 class=\"titolo-interno wp-block-heading\">Traslados y desplazamientos del instrumento<\/h2>\n\n\n\n<figure class=\"wp-block-image\"><img loading=\"lazy\" decoding=\"async\" width=\"1200\" height=\"420\" src=\"https:\/\/www.fazioli.com\/wp-content\/uploads\/2017\/06\/img-trasloco.jpg\" alt=\"Fazioli \/ Traslochi\" class=\"wp-image-203\" srcset=\"https:\/\/www.fazioli.com\/wp-content\/uploads\/2017\/06\/img-trasloco.jpg 1200w, https:\/\/www.fazioli.com\/wp-content\/uploads\/2017\/06\/img-trasloco-300x105.jpg 300w, https:\/\/www.fazioli.com\/wp-content\/uploads\/2017\/06\/img-trasloco-1024x358.jpg 1024w, https:\/\/www.fazioli.com\/wp-content\/uploads\/2017\/06\/img-trasloco-768x269.jpg 768w\" sizes=\"auto, (max-width: 1200px) 100vw, 1200px\" \/><\/figure>\n\n\n\n<p>Si se debe desplazar o trasladar el piano, conviene acudir a empresas especializadas y de confianza. Si se encargan estas operaciones a personal no especializado se pueden causar da\u00f1os de gran entidad al piano por errores de manipulaci\u00f3n.<\/p>\n","protected":false},"excerpt":{"rendered":"<p>Condiciones ambientales recomendadas La madera es un material natural y vivo, y como tal experimenta continuos cambios al interactuar con [&hellip;]<\/p>\n","protected":false},"author":1,"featured_media":155,"parent":0,"menu_order":0,"comment_status":"closed","ping_status":"closed","template":"","meta":{"_acf_changed":false,"inline_featured_image":false,"footnotes":""},"class_list":["post-230","page","type-page","status-publish","has-post-thumbnail","hentry"],"acf":[],"_links":{"self":[{"href":"https:\/\/www.fazioli.com\/es\/wp-json\/wp\/v2\/pages\/230","targetHints":{"allow":["GET"]}}],"collection":[{"href":"https:\/\/www.fazioli.com\/es\/wp-json\/wp\/v2\/pages"}],"about":[{"href":"https:\/\/www.fazioli.com\/es\/wp-json\/wp\/v2\/types\/page"}],"author":[{"embeddable":true,"href":"https:\/\/www.fazioli.com\/es\/wp-json\/wp\/v2\/users\/1"}],"replies":[{"embeddable":true,"href":"https:\/\/www.fazioli.com\/es\/wp-json\/wp\/v2\/comments?post=230"}],"version-history":[{"count":1,"href":"https:\/\/www.fazioli.com\/es\/wp-json\/wp\/v2\/pages\/230\/revisions"}],"predecessor-version":[{"id":11633,"href":"https:\/\/www.fazioli.com\/es\/wp-json\/wp\/v2\/pages\/230\/revisions\/11633"}],"wp:featuredmedia":[{"embeddable":true,"href":"https:\/\/www.fazioli.com\/es\/wp-json\/wp\/v2\/media\/155"}],"wp:attachment":[{"href":"https:\/\/www.fazioli.com\/es\/wp-json\/wp\/v2\/media?parent=230"}],"curies":[{"name":"wp","href":"https:\/\/api.w.org\/{rel}","templated":true}]}}