{"id":235,"date":"2018-01-30T10:25:24","date_gmt":"2018-01-30T09:25:24","guid":{"rendered":"http:\/\/www.fazioli.com\/art-case-las-variantes-esteticas\/"},"modified":"2022-08-26T16:44:17","modified_gmt":"2022-08-26T14:44:17","slug":"art-case-las-variantes-esteticas","status":"publish","type":"page","link":"https:\/\/www.fazioli.com\/es\/art-case-las-variantes-esteticas\/","title":{"rendered":"ART CASE &#8211; Las variantes est\u00e9ticas"},"content":{"rendered":"\n<p>Gracias a una combinaci\u00f3n de sabia artesan\u00eda tradicional y t\u00e9cnicas de vanguardia, FAZIOLI puede ofrecer cualquier variante est\u00e9tica para sus pianos, de acuerdo con las preferencias o el proyecto original del cliente. Las fichas incluidas en esta web representan tan s\u00f3lo una selecci\u00f3n de las muchas creaciones especiales (\u00abArt Case\u00bb) que hemos producido.<\/p>\n\n\n\n<p>Las solicitudes originales del cliente pueden referirse a tres \u00e1mbitos de intervenci\u00f3n:<\/p>\n\n\n\n<ul class=\"wp-block-list\"><li><a href=\"#La forma\">La forma<\/a><\/li><li><a href=\"#Las superficies\">Las superficies<\/a><\/li><li><a href=\"#La decoraci\u00f3n\">La decoraci\u00f3n*<\/a><\/li><\/ul>\n\n\n\n<p><em>* La ejecuci\u00f3n de diversas formas exteriores y de los acabados especiales no compromete de manera alguna la fabricaci\u00f3n de la parte ac\u00fastica.<\/em><\/p>\n\n\n\n<h2 class=\"titolo-interno wp-block-heading\"><a name=\"La forma\"><\/a>La forma<\/h2>\n\n\n\n<figure class=\"wp-block-image\"><img loading=\"lazy\" decoding=\"async\" width=\"1200\" height=\"420\" src=\"http:\/\/www.fazioli.com\/wp-content\/uploads\/2017\/07\/img-laforma.jpg\" alt=\"La forma\" class=\"wp-image-211\" srcset=\"https:\/\/www.fazioli.com\/wp-content\/uploads\/2017\/07\/img-laforma.jpg 1200w, https:\/\/www.fazioli.com\/wp-content\/uploads\/2017\/07\/img-laforma-300x105.jpg 300w, https:\/\/www.fazioli.com\/wp-content\/uploads\/2017\/07\/img-laforma-1024x358.jpg 1024w, https:\/\/www.fazioli.com\/wp-content\/uploads\/2017\/07\/img-laforma-768x269.jpg 768w\" sizes=\"auto, (max-width: 1200px) 100vw, 1200px\" \/><\/figure>\n\n\n\n<p>Las intervenciones en la forma exterior del instrumento, incluidas las patas, los pedales o el atril, pueden evocar diferentes estilos: cl\u00e1sico, tradicional, moderno y de vanguardia.<\/p>\n\n\n\n<h2 class=\"titolo-interno wp-block-heading\"><a name=\"Las superficies\"><\/a>Las superficies<\/h2>\n\n\n\n<figure class=\"wp-block-image\"><img loading=\"lazy\" decoding=\"async\" width=\"1200\" height=\"420\" src=\"http:\/\/www.fazioli.com\/wp-content\/uploads\/2017\/07\/img-lesuperfici.jpg\" alt=\"Le superfici\" class=\"wp-image-218\" srcset=\"https:\/\/www.fazioli.com\/wp-content\/uploads\/2017\/07\/img-lesuperfici.jpg 1200w, https:\/\/www.fazioli.com\/wp-content\/uploads\/2017\/07\/img-lesuperfici-300x105.jpg 300w, https:\/\/www.fazioli.com\/wp-content\/uploads\/2017\/07\/img-lesuperfici-1024x358.jpg 1024w, https:\/\/www.fazioli.com\/wp-content\/uploads\/2017\/07\/img-lesuperfici-768x269.jpg 768w\" sizes=\"auto, (max-width: 1200px) 100vw, 1200px\" \/><\/figure>\n\n\n\n<p>En lugar del tradicional lacado en poli\u00e9ster negro o satinado, se puede aplicar cualquier otro color. Las superficies pueden revestirse con madera natural de diversos tipos. Entre las numerosas variedades de madera se incluyen las apreciadas maderas de ra\u00edz, que se obtienen de la base del tronco del \u00e1rbol. A su vez, las maderas ra\u00edz pueden abarcar distintas variantes, algunas de ellas sumamente exclusivas y escasas. Las superficies pueden estar recubiertas con poli\u00e9ster transparente brillo o satinado o con otros barnices transparentes que dejan ver los poros de la madera; otra opci\u00f3n son las t\u00e9cnicas tradicionales con tamp\u00f3n, de gran valor artesanal.<\/p>\n\n\n\n<h2 class=\"titolo-interno wp-block-heading\"><a name=\"La decoraci\u00f3n\"><\/a>La decoraci\u00f3n<\/h2>\n\n\n\n<figure class=\"wp-block-image\"><img loading=\"lazy\" decoding=\"async\" width=\"1200\" height=\"420\" src=\"http:\/\/www.fazioli.com\/wp-content\/uploads\/2017\/07\/img-ledecorazioni.jpg\" alt=\"Le decorazioni\" class=\"wp-image-225\" srcset=\"https:\/\/www.fazioli.com\/wp-content\/uploads\/2017\/07\/img-ledecorazioni.jpg 1200w, https:\/\/www.fazioli.com\/wp-content\/uploads\/2017\/07\/img-ledecorazioni-300x105.jpg 300w, https:\/\/www.fazioli.com\/wp-content\/uploads\/2017\/07\/img-ledecorazioni-1024x358.jpg 1024w, https:\/\/www.fazioli.com\/wp-content\/uploads\/2017\/07\/img-ledecorazioni-768x269.jpg 768w\" sizes=\"auto, (max-width: 1200px) 100vw, 1200px\" \/><\/figure>\n\n\n\n<p>Una de las caracter\u00edsticas principales de los pianos Art Case radica en las incrustaciones, que pueden ser de diversas maderas, madreperla, piedras duras y metales, o consistir en elementos previamente tallados y aplicados a las superficies. Tambi\u00e9n se ofrecen superficies neutras listas para decorarlas o pintarlas a mano.<\/p>\n","protected":false},"excerpt":{"rendered":"<p>Gracias a una combinaci\u00f3n de sabia artesan\u00eda tradicional y t\u00e9cnicas de vanguardia, FAZIOLI puede ofrecer cualquier variante est\u00e9tica para sus [&hellip;]<\/p>\n","protected":false},"author":1,"featured_media":205,"parent":0,"menu_order":0,"comment_status":"closed","ping_status":"closed","template":"","meta":{"_acf_changed":false,"inline_featured_image":false,"footnotes":""},"class_list":["post-235","page","type-page","status-publish","has-post-thumbnail","hentry"],"acf":[],"_links":{"self":[{"href":"https:\/\/www.fazioli.com\/es\/wp-json\/wp\/v2\/pages\/235","targetHints":{"allow":["GET"]}}],"collection":[{"href":"https:\/\/www.fazioli.com\/es\/wp-json\/wp\/v2\/pages"}],"about":[{"href":"https:\/\/www.fazioli.com\/es\/wp-json\/wp\/v2\/types\/page"}],"author":[{"embeddable":true,"href":"https:\/\/www.fazioli.com\/es\/wp-json\/wp\/v2\/users\/1"}],"replies":[{"embeddable":true,"href":"https:\/\/www.fazioli.com\/es\/wp-json\/wp\/v2\/comments?post=235"}],"version-history":[{"count":1,"href":"https:\/\/www.fazioli.com\/es\/wp-json\/wp\/v2\/pages\/235\/revisions"}],"predecessor-version":[{"id":11639,"href":"https:\/\/www.fazioli.com\/es\/wp-json\/wp\/v2\/pages\/235\/revisions\/11639"}],"wp:featuredmedia":[{"embeddable":true,"href":"https:\/\/www.fazioli.com\/es\/wp-json\/wp\/v2\/media\/205"}],"wp:attachment":[{"href":"https:\/\/www.fazioli.com\/es\/wp-json\/wp\/v2\/media?parent=235"}],"curies":[{"name":"wp","href":"https:\/\/api.w.org\/{rel}","templated":true}]}}