{"id":112,"date":"2017-03-23T12:11:31","date_gmt":"2017-03-23T11:11:31","guid":{"rendered":"http:\/\/www.fazioli.com\/profil\/"},"modified":"2025-10-24T09:34:55","modified_gmt":"2025-10-24T07:34:55","slug":"profil","status":"publish","type":"page","link":"https:\/\/www.fazioli.com\/fr\/profil\/","title":{"rendered":"PROFIL"},"content":{"rendered":"\n<p>FAZIOLI produit des pianos \u00e0 queue et de concert depuis 1981, quand l\u2019entreprise a \u00e9t\u00e9 fond\u00e9e par l\u2019initiative de l\u2019ing\u00e9nieur et pianiste Paolo Fazioli. Amour pour la musique, comp\u00e9tence scientifique, grande habilet\u00e9 artisanale, recherche technologique continue et s\u00e9v\u00e8re s\u00e9lection des mat\u00e9riaux sont les \u00e9l\u00e9ments fondamentaux requis pour produire un piano Fazioli. FAZIOLI refuse toute logique productive industrielle et poursuit l\u2019objectif d\u2019une qualit\u00e9 sans compromis. L\u2019usine se trouve \u00e0 Sacile, dans la province de Pordenone (60 km nord-est de Venise) et dans une r\u00e9gion qui vante une ancienne et prestigieuse tradition dans l\u2019art du travail du bois.<\/p>\n\n\n\n<h2 class=\"wp-block-heading titolo-interno\">HISTOIRE<\/h2>\n\n\n\n<figure class=\"wp-block-image size-full\"><img loading=\"lazy\" decoding=\"async\" width=\"2000\" height=\"700\" src=\"https:\/\/www.fazioli.com\/wp-content\/uploads\/2017\/03\/img-storia.jpg\" alt=\"\" class=\"wp-image-45\" srcset=\"https:\/\/www.fazioli.com\/wp-content\/uploads\/2017\/03\/img-storia.jpg 2000w, https:\/\/www.fazioli.com\/wp-content\/uploads\/2017\/03\/img-storia-300x105.jpg 300w, https:\/\/www.fazioli.com\/wp-content\/uploads\/2017\/03\/img-storia-1024x358.jpg 1024w, https:\/\/www.fazioli.com\/wp-content\/uploads\/2017\/03\/img-storia-768x269.jpg 768w, https:\/\/www.fazioli.com\/wp-content\/uploads\/2017\/03\/img-storia-1536x538.jpg 1536w\" sizes=\"auto, (max-width: 2000px) 100vw, 2000px\" \/><\/figure>\n\n\n\n<p>L\u2019histoire de l\u2019entreprise a \u00e9t\u00e9 marqu\u00e9e par un \u00ab crescendo \u00bb de succ\u00e8s, depuis les premi\u00e8res expositions internationales, aux acquisitions d\u2019importants revendeurs au niveau mondial, aux coop\u00e9rations toujours plus \u00e9troites avec des artistes c\u00e9l\u00e8bres n\u2019exigeant que des pianos FAZIOLI pour leurs concerts. Entre eux, il faut nommer la grande pianiste Angela Hewitt et la l\u00e9gende vivante du jazz Herbie Hancock.<br>[<a href=\"https:\/\/www.fazioli.com\/wp-content\/uploads\/2024\/06\/2024_06_11_storia_ENG.pdf\" data-type=\"attachment\" data-id=\"14123\" target=\"_blank\" rel=\"noreferrer noopener\">FAZIOLI: L\u2019histoire \u2013 t\u00e9l\u00e9charger PDF<\/a>]<\/p>\n\n\n\n<h2 class=\"wp-block-heading titolo-interno\">PRODUCTION<\/h2>\n\n\n\n<figure class=\"wp-block-image size-full\"><img loading=\"lazy\" decoding=\"async\" width=\"2000\" height=\"700\" src=\"https:\/\/www.fazioli.com\/wp-content\/uploads\/2017\/03\/img-produzione.jpg\" alt=\"\" class=\"wp-image-59\" srcset=\"https:\/\/www.fazioli.com\/wp-content\/uploads\/2017\/03\/img-produzione.jpg 2000w, https:\/\/www.fazioli.com\/wp-content\/uploads\/2017\/03\/img-produzione-300x105.jpg 300w, https:\/\/www.fazioli.com\/wp-content\/uploads\/2017\/03\/img-produzione-1024x358.jpg 1024w, https:\/\/www.fazioli.com\/wp-content\/uploads\/2017\/03\/img-produzione-768x269.jpg 768w, https:\/\/www.fazioli.com\/wp-content\/uploads\/2017\/03\/img-produzione-1536x538.jpg 1536w\" sizes=\"auto, (max-width: 2000px) 100vw, 2000px\" \/><\/figure>\n\n\n\n<p>Le niveau de production tourne autour des 150 pianos par ans, qui atteignent, outre le march\u00e9 europ\u00e9en et nord-am\u00e9ricain, la Chine, l&rsquo;Extr\u00eame-Orient et l\u2019Am\u00e9rique du Sud, ainsi que plusieurs pays \u00e9mergents. La collection se compose de sept mod\u00e8les, qui se distinguent par leur diff\u00e9rente longueur, du quart de queue F156 aux grands queues F278 et F308. Aux mod\u00e8les standards, \u00e0 la demande du client, il est possible d\u2019appliquer n\u2019importe quelle modification esth\u00e9tique (Collection \u00ab Art Case et Design \u00bb). L\u2019entreprise emploie aujourd\u2019hui 50 personnes. Les techniciens FAZIOLI constituent une \u00e9quipe hautement sp\u00e9cialis\u00e9e qui travaille avec passion et comp\u00e9tence, consciente d\u2019\u00eatre constamment engag\u00e9e dans la r\u00e9alisation d\u2019un objet unique et pr\u00e9cieux destin\u00e9 au monde de l\u2019art. L\u2019ensemble du processus de production, de la mise en forme de la ceinture au produit termin\u00e9, dure \u00e0 peu pr\u00e8s deux ans et exige, comme il nous plait de souligner, comp\u00e9tence technologique, grande habilet\u00e9 artisanale, stricte s\u00e9lection des mat\u00e9riaux et une recherche scientifique continue. Tous ces aspects, qui visent \u00e0 une haute qualit\u00e9 sans compromis et sont donc de loin plus importants qu\u2019un simple \u00ab pass\u00e9 de tradition \u00bb, sont associ\u00e9s \u00e0 un tr\u00e8s grand soin du d\u00e9tail et constituent les \u00e9l\u00e9ments caract\u00e9ristiques de nos pianos.<\/p>\n\n\n\n<h2 class=\"wp-block-heading titolo-interno\">INSTITUTIONS<\/h2>\n\n\n\n<figure class=\"wp-block-image size-full\"><img loading=\"lazy\" decoding=\"async\" width=\"2000\" height=\"700\" src=\"https:\/\/www.fazioli.com\/wp-content\/uploads\/2017\/03\/img-istituzioni.jpg\" alt=\"\" class=\"wp-image-66\" srcset=\"https:\/\/www.fazioli.com\/wp-content\/uploads\/2017\/03\/img-istituzioni.jpg 2000w, https:\/\/www.fazioli.com\/wp-content\/uploads\/2017\/03\/img-istituzioni-300x105.jpg 300w, https:\/\/www.fazioli.com\/wp-content\/uploads\/2017\/03\/img-istituzioni-1024x358.jpg 1024w, https:\/\/www.fazioli.com\/wp-content\/uploads\/2017\/03\/img-istituzioni-768x269.jpg 768w, https:\/\/www.fazioli.com\/wp-content\/uploads\/2017\/03\/img-istituzioni-1536x538.jpg 1536w\" sizes=\"auto, (max-width: 2000px) 100vw, 2000px\" \/><\/figure>\n\n\n\n<p>Le succ\u00e8s de celle qui n\u2019est plus seulement consid\u00e9r\u00e9e une marque authentiquement \u201cMade in Italy\u201d, mais une marque \u00e0 part enti\u00e8re, est consacr\u00e9 par la pr\u00e9sence des pianos FAZOLI aupr\u00e8s des plus importantes institutions au monde pour l\u2019haute formation pianistique. R\u00e9cemment, la c\u00e9l\u00e8bre Juilliard School de New York a achet\u00e9 un piano \u00e0 queue de concert FAZIOLI, ainsi brisant un monopole qui, depuis 80 ans, avait li\u00e9 l\u2019\u00e9cole \u00e0 une autre marque historique. Les pianos FAZIOLI se distinguent aussi sur les sc\u00e8nes de th\u00e9\u00e2tres comme La Fenice de Venise, le Palais des Arts de Budapest, le Beijing Grand Theatre et l\u2019Ecole Colburn, ainsi que dans les salles du Conservatoire de Paris et de l\u2019Universit\u00e9 de Vienne, Graz et Salzbourg\u2026 pour ne citer que quelques-unes des centaines d\u2019institutions qui poss\u00e8dent des pianos FAZIOLI.<\/p>\n\n\n\n<h2 class=\"wp-block-heading titolo-interno\">CONCOURS<\/h2>\n\n\n\n<figure class=\"wp-block-image size-full\"><img loading=\"lazy\" decoding=\"async\" width=\"2000\" height=\"700\" src=\"https:\/\/www.fazioli.com\/wp-content\/uploads\/2017\/03\/img-concorsi.jpg\" alt=\"\" class=\"wp-image-73\" srcset=\"https:\/\/www.fazioli.com\/wp-content\/uploads\/2017\/03\/img-concorsi.jpg 2000w, https:\/\/www.fazioli.com\/wp-content\/uploads\/2017\/03\/img-concorsi-300x105.jpg 300w, https:\/\/www.fazioli.com\/wp-content\/uploads\/2017\/03\/img-concorsi-1024x358.jpg 1024w, https:\/\/www.fazioli.com\/wp-content\/uploads\/2017\/03\/img-concorsi-768x269.jpg 768w, https:\/\/www.fazioli.com\/wp-content\/uploads\/2017\/03\/img-concorsi-1536x538.jpg 1536w\" sizes=\"auto, (max-width: 2000px) 100vw, 2000px\" \/><\/figure>\n\n\n\n<p>Outre les nombreuses comp\u00e9titions qui exigent l\u2019usage exclusif du piano FAZIOLI, il faut citer les prestigieux concours internationaux qui offrent aux candidats la possibilit\u00e9 de choisir entre diff\u00e9rentes marques, y compris FAZIOLI, comme le Concours Chopin de Varsovie, le \u201cTchaikovsky\u201d de Moscou, le \u00ab Arthur Rubinstein Piano Master&nbsp;\u00bb de Tel Aviv, le \u00ab Franz Liszt \u00bb d\u2019Utrecht e le Concours de Sydeney. <\/p>\n\n\n\n<p>Les succ\u00e8s r\u00e9cents incluent le concours Chopin de Varsovie en octobre 2021, o\u00f9 quatre marques de piano diff\u00e9rentes \u00e9taient disponibles au choix. Parmi les pianistes qui ont s\u00e9lectionn\u00e9 le Fazioli F278, trois ont \u00e9t\u00e9 admis en finale et tous ont \u00e9t\u00e9 laur\u00e9ats : Bruce (Xiaoyu) Liu &#8211; 1er prix, Martin G\u00e1rcia G\u00e1rcia &#8211; 3e prix et prix sp\u00e9cial pour le meilleur concert, Leonora Armellini &#8211; 5e prix .<\/p>\n\n\n\n<p>Selon le r\u00e8glement du Concours Franz Liszt 2022 \u00e0 Utrecht, les trois finalistes ont eu la possibilit\u00e9 de choisir le piano sur lequel jouer parmi quatre marques diff\u00e9rentes. Yukine Kuroki, gagnant du premier prix, et Derek Wang, gagnant du deuxi\u00e8me prix, ont d\u00e9cid\u00e9 de jouer sur le mod FAZIOLI. F308.<\/p>\n\n\n\n<h2 class=\"wp-block-heading titolo-interno\">\u00c9THIQUE ET CERTIFICATIONS<\/h2>\n\n\n\n<figure class=\"wp-block-image size-full\"><img loading=\"lazy\" decoding=\"async\" width=\"1200\" height=\"420\" src=\"https:\/\/www.fazioli.com\/wp-content\/uploads\/2017\/03\/img-etica.jpg\" alt=\"\" class=\"wp-image-80\" srcset=\"https:\/\/www.fazioli.com\/wp-content\/uploads\/2017\/03\/img-etica.jpg 1200w, https:\/\/www.fazioli.com\/wp-content\/uploads\/2017\/03\/img-etica-300x105.jpg 300w, https:\/\/www.fazioli.com\/wp-content\/uploads\/2017\/03\/img-etica-1024x358.jpg 1024w, https:\/\/www.fazioli.com\/wp-content\/uploads\/2017\/03\/img-etica-768x269.jpg 768w\" sizes=\"auto, (max-width: 1200px) 100vw, 1200px\" \/><\/figure>\n\n\n\n<p>L\u2019entreprise FAZIOLI a aussi une \u00e2me \u201cverte\u201d. Depuis 2011, l\u2019installation photovolta\u00efque sur le toit de l\u2019\u00e9tablissement produit un tiers du besoin \u00e9nerg\u00e9tique de l\u2019usine. Cela signifie \u00e9pargner \u00e0 l\u2019environnement une quantit\u00e9 de dioxyde de carbone double par rapport au poids de chaque instrument construit. Toutes les phases de production sont constamment contr\u00f4l\u00e9es en ce qui concerne les possibles \u00e9missions polluantes. Les bois pr\u00e9cieux employ\u00e9s dans la r\u00e9alisation des instruments FAZIOLI proviennent exclusivement de fournisseurs certifi\u00e9s qui garantissent le respect d\u2019un comportement \u00e9thique dans la gestion des for\u00eats. L\u2019entreprise dispose d\u2019une certification internationale de qualit\u00e9 ISO-9001.<\/p>\n\n\n\n<h2 class=\"wp-block-heading titolo-interno\">LE PIANO DU FUTUR<\/h2>\n\n\n\n<figure class=\"wp-block-image size-full\"><img loading=\"lazy\" decoding=\"async\" width=\"2000\" height=\"700\" src=\"https:\/\/www.fazioli.com\/wp-content\/uploads\/2017\/03\/img-futuro.jpg\" alt=\"\" class=\"wp-image-87\" srcset=\"https:\/\/www.fazioli.com\/wp-content\/uploads\/2017\/03\/img-futuro.jpg 2000w, https:\/\/www.fazioli.com\/wp-content\/uploads\/2017\/03\/img-futuro-300x105.jpg 300w, https:\/\/www.fazioli.com\/wp-content\/uploads\/2017\/03\/img-futuro-1024x358.jpg 1024w, https:\/\/www.fazioli.com\/wp-content\/uploads\/2017\/03\/img-futuro-768x269.jpg 768w, https:\/\/www.fazioli.com\/wp-content\/uploads\/2017\/03\/img-futuro-1536x538.jpg 1536w\" sizes=\"auto, (max-width: 2000px) 100vw, 2000px\" \/><\/figure>\n\n\n\n<p>Historiquement concentr\u00e9e sur les aspects technologiques, productifs et cr\u00e9atifs \u2013 comme rapport\u00e9 par \u00ab The Economist \u00bb, une entreprise qu\u2019il y a 40 ans n\u2019existait m\u00eame pas est aujourd\u2019hui consid\u00e9r\u00e9e un exemple \u00e0 suivre pour son engagement dans la recherche, le renouv\u00e8lement e la valorisation de son produit : un piano tourn\u00e9 vers l\u2019avenir. Chaque jour FAZIOLI voit les nouveaux d\u00e9fis comme une opportunit\u00e9 de croissance : des occasions pour \u00e9crire un nouveau chapitre de l\u2019histoire du piano sans vouloir la \u00ab trahir \u00bb mais, au contraire, la faire progresser avec beaucoup de curiosit\u00e9 et ing\u00e9niosit\u00e9.<\/p>\n","protected":false},"excerpt":{"rendered":"<p>FAZIOLI produit des pianos \u00e0 queue et de concert depuis 1981, quand l\u2019entreprise a \u00e9t\u00e9 fond\u00e9e par l\u2019initiative de l\u2019ing\u00e9nieur [&hellip;]<\/p>\n","protected":false},"author":1,"featured_media":43,"parent":0,"menu_order":0,"comment_status":"closed","ping_status":"closed","template":"","meta":{"_acf_changed":false,"inline_featured_image":false,"footnotes":""},"class_list":["post-112","page","type-page","status-publish","has-post-thumbnail","hentry"],"acf":[],"_links":{"self":[{"href":"https:\/\/www.fazioli.com\/fr\/wp-json\/wp\/v2\/pages\/112","targetHints":{"allow":["GET"]}}],"collection":[{"href":"https:\/\/www.fazioli.com\/fr\/wp-json\/wp\/v2\/pages"}],"about":[{"href":"https:\/\/www.fazioli.com\/fr\/wp-json\/wp\/v2\/types\/page"}],"author":[{"embeddable":true,"href":"https:\/\/www.fazioli.com\/fr\/wp-json\/wp\/v2\/users\/1"}],"replies":[{"embeddable":true,"href":"https:\/\/www.fazioli.com\/fr\/wp-json\/wp\/v2\/comments?post=112"}],"version-history":[{"count":9,"href":"https:\/\/www.fazioli.com\/fr\/wp-json\/wp\/v2\/pages\/112\/revisions"}],"predecessor-version":[{"id":16546,"href":"https:\/\/www.fazioli.com\/fr\/wp-json\/wp\/v2\/pages\/112\/revisions\/16546"}],"wp:featuredmedia":[{"embeddable":true,"href":"https:\/\/www.fazioli.com\/fr\/wp-json\/wp\/v2\/media\/43"}],"wp:attachment":[{"href":"https:\/\/www.fazioli.com\/fr\/wp-json\/wp\/v2\/media?parent=112"}],"curies":[{"name":"wp","href":"https:\/\/api.w.org\/{rel}","templated":true}]}}