{"id":116,"date":"2017-03-23T12:40:54","date_gmt":"2017-03-23T11:40:54","guid":{"rendered":"http:\/\/www.fazioli.com\/mission-vision-2\/"},"modified":"2022-09-09T15:54:53","modified_gmt":"2022-09-09T13:54:53","slug":"mission-vision-2","status":"publish","type":"page","link":"https:\/\/www.fazioli.com\/fr\/mission-vision","title":{"rendered":"Mission &#038; Vision"},"content":{"rendered":"\n<p>L\u2019entreprise FAZIOLI est n\u00e9e d\u2019un d\u00e9fi : celui de d\u00e9montrer que le piano n\u2019est pas un instrument passivement et indissolublement ancr\u00e9 \u00e0 la tradition. Au contraire, on est partis du principe que le piano, comme n\u2019importe quelle autre \u0153uvre de la cr\u00e9ativit\u00e9 humaine, puisse et doive \u00eatre sujet au d\u00e9veloppement scientifique et \u00e0 des \u00e9volutions esth\u00e9tiques, sans que cela constitue une trahison envers le glorieux pass\u00e9 qui en a \u00e9crit l\u2019histoire. D\u00e8s le d\u00e9but, FAZIOLI a poursuivi avec coh\u00e9rence sa philosophie, qui peut \u00eatre r\u00e9sum\u00e9e quelque point, chacun essentiel&nbsp;:<\/p>\n\n\n\n<ul class=\"wp-block-list\"><li>Produire exclusivement des pianos \u00e0 queue et de concert, destin\u00e9s au march\u00e9 professionnel.<\/li><li>Exclure toutes sortes d\u2019imitations et poursuivre l\u2019id\u00e9e d\u2019un son FAZIOLI, inspir\u00e9 du \u00ab Bel Canto \u00bb italien.<\/li><li>R\u00e9aliser chaque instrument individuellement (chaque piano FAZIOLI est unique), en refusant tout processus industriel.<\/li><li>N\u2019utiliser que les meilleurs mat\u00e9riels et des m\u00e9thodes de fabrication d\u2019avant-garde.<\/li><li>Faire avancer incessamment une \u0153uvre de recherche scientifique, \u00e0 travers un d\u00e9partement interne de \u00ab Recherche et D\u00e9veloppement \u00bb et la collaboration avec des instituts universitaires de recherche ainsi qu\u2019avec des priv\u00e9s externes.<\/li><li>R\u00e9pondre \u00e0 la demande de ceux qui veulent se doter d\u2019un instrument unique et compl\u00e9tement personnalis\u00e9 dans les finitions (Art Case &amp; Home Design collections).<\/li><\/ul>\n\n\n\n<p>40 ans plus tard, FAZIOLI estime avoir poursuivi cette mission avec coh\u00e9rence, en contribuant \u00e0 stimuler le secteur entier de la production de pianos acoustiques.<\/p>\n","protected":false},"excerpt":{"rendered":"<p>L\u2019entreprise FAZIOLI est n\u00e9e d\u2019un d\u00e9fi : celui de d\u00e9montrer que le piano n\u2019est pas un instrument passivement et indissolublement [&hellip;]<\/p>\n","protected":false},"author":1,"featured_media":0,"parent":0,"menu_order":0,"comment_status":"closed","ping_status":"closed","template":"","meta":{"_acf_changed":false,"inline_featured_image":false,"footnotes":""},"class_list":["post-116","page","type-page","status-publish","hentry"],"acf":[],"_links":{"self":[{"href":"https:\/\/www.fazioli.com\/fr\/wp-json\/wp\/v2\/pages\/116","targetHints":{"allow":["GET"]}}],"collection":[{"href":"https:\/\/www.fazioli.com\/fr\/wp-json\/wp\/v2\/pages"}],"about":[{"href":"https:\/\/www.fazioli.com\/fr\/wp-json\/wp\/v2\/types\/page"}],"author":[{"embeddable":true,"href":"https:\/\/www.fazioli.com\/fr\/wp-json\/wp\/v2\/users\/1"}],"replies":[{"embeddable":true,"href":"https:\/\/www.fazioli.com\/fr\/wp-json\/wp\/v2\/comments?post=116"}],"version-history":[{"count":1,"href":"https:\/\/www.fazioli.com\/fr\/wp-json\/wp\/v2\/pages\/116\/revisions"}],"predecessor-version":[{"id":12199,"href":"https:\/\/www.fazioli.com\/fr\/wp-json\/wp\/v2\/pages\/116\/revisions\/12199"}],"wp:attachment":[{"href":"https:\/\/www.fazioli.com\/fr\/wp-json\/wp\/v2\/media?parent=116"}],"curies":[{"name":"wp","href":"https:\/\/api.w.org\/{rel}","templated":true}]}}