{"id":11646,"date":"2022-08-27T10:24:13","date_gmt":"2022-08-27T08:24:13","guid":{"rendered":"http:\/\/www.fazioli.com\/?page_id=11646"},"modified":"2022-08-27T10:24:38","modified_gmt":"2022-08-27T08:24:38","slug":"references","status":"publish","type":"page","link":"https:\/\/www.fazioli.com\/fr\/references\/","title":{"rendered":"R\u00e9f\u00e9rences"},"content":{"rendered":"\n<p>Fazioli refuse d\u2019imposer des limites aux Artistes, pour qu\u2019ils aient la libert\u00e9 de choisir sur quel instrument jouer, selon la conviction qu\u2019il repr\u00e9sente le meilleur moyen d\u2019expression de leur talent. C\u2019est la raison pour laquelle Fazioli a toujours \u00e9t\u00e9 oppos\u00e9 \u00e0 la stipulation de contrats d\u2019exclusivit\u00e9 avec les Artistes, pr\u00e9f\u00e9rant \u00e9tablir des partenariats r\u00e9ciproques pour sauvegarder le pur objectif artistique, qui doit toujours avoir la priorit\u00e9 sur n\u2019importe quelle consid\u00e9ration commerciale.<\/p>\n\n\n<div class=\"pt-cv-wrapper\"><div class=\"pt-cv-view pt-cv-grid pt-cv-colsys pt-cv-same-height referenze\" id=\"pt-cv-view-79972efbnk\"><div data-id=\"pt-cv-page-1\" class=\"pt-cv-page\" data-cvc=\"3\" data-cvct=\"2\" data-cvcm=\"1\"><div class=\"col-md-4 col-sm-6 col-xs-12 pt-cv-content-item pt-cv-1-col\"  data-pid=\"1176\"><div class='pt-cv-ifield'><a href=\"https:\/\/www.fazioli.com\/fr\/artista\/maurizio-baglini-2\/\" class=\"_self pt-cv-href-thumbnail pt-cv-thumb-default cvplbd\" target=\"_self\" ><img decoding=\"async\" src=\"https:\/\/www.fazioli.com\/wp-content\/uploads\/2017\/10\/img-mauriziobaglini-01.jpg\" class=\"pt-cv-thumbnail img-none cvp-substitute skip-lazy \" alt=\"Maurizio Baglini\" title=\"\" \/><\/a>\n<h4 class=\"pt-cv-title\"><a href=\"https:\/\/www.fazioli.com\/fr\/artista\/maurizio-baglini-2\/\" class=\"_self cvplbd\" target=\"_self\" >Maurizio Baglini<\/a><\/h4><\/div><\/div>\n<div class=\"col-md-4 col-sm-6 col-xs-12 pt-cv-content-item pt-cv-1-col\"  data-pid=\"2153\"><div class='pt-cv-ifield'><a href=\"https:\/\/www.fazioli.com\/fr\/artista\/jenny-q-chai-2\/\" class=\"_self pt-cv-href-thumbnail pt-cv-thumb-default cvplbd\" target=\"_self\" ><img decoding=\"async\" src=\"https:\/\/www.fazioli.com\/wp-content\/uploads\/2022\/02\/jenny-q-chai-portrait.jpg\" class=\"pt-cv-thumbnail img-none cvp-substitute skip-lazy \" alt=\"JENNY Q CHAI\" title=\"\" \/><\/a>\n<h4 class=\"pt-cv-title\"><a href=\"https:\/\/www.fazioli.com\/fr\/artista\/jenny-q-chai-2\/\" class=\"_self cvplbd\" target=\"_self\" >JENNY Q CHAI<\/a><\/h4><\/div><\/div>\n<div class=\"col-md-4 col-sm-6 col-xs-12 pt-cv-content-item pt-cv-1-col\"  data-pid=\"1002\"><div class='pt-cv-ifield'><a href=\"https:\/\/www.fazioli.com\/fr\/artista\/daniel-p-ciobanu-2\/\" class=\"_self pt-cv-href-thumbnail pt-cv-thumb-default cvplbd\" target=\"_self\" ><img decoding=\"async\" src=\"https:\/\/www.fazioli.com\/wp-content\/uploads\/2017\/11\/img-danielpetricaciobanu-01.jpg\" class=\"pt-cv-thumbnail img-none cvp-substitute skip-lazy \" alt=\"Daniel P. Ciobanu\" title=\"\" \/><\/a>\n<h4 class=\"pt-cv-title\"><a href=\"https:\/\/www.fazioli.com\/fr\/artista\/daniel-p-ciobanu-2\/\" class=\"_self cvplbd\" target=\"_self\" >Daniel P. Ciobanu<\/a><\/h4><\/div><\/div>\n<div class=\"col-md-4 col-sm-6 col-xs-12 pt-cv-content-item pt-cv-1-col\"  data-pid=\"1225\"><div class='pt-cv-ifield'><a href=\"https:\/\/www.fazioli.com\/fr\/artista\/nikolai-demidenko-2\/\" class=\"_self pt-cv-href-thumbnail pt-cv-thumb-default cvplbd\" target=\"_self\" ><img decoding=\"async\" src=\"https:\/\/www.fazioli.com\/wp-content\/uploads\/2018\/01\/img-nikolaidemidenko01.jpg\" class=\"pt-cv-thumbnail img-none cvp-substitute skip-lazy \" alt=\"Nikolai Demidenko\" title=\"\" \/><\/a>\n<h4 class=\"pt-cv-title\"><a href=\"https:\/\/www.fazioli.com\/fr\/artista\/nikolai-demidenko-2\/\" class=\"_self cvplbd\" target=\"_self\" >Nikolai Demidenko<\/a><\/h4><\/div><\/div>\n<div class=\"col-md-4 col-sm-6 col-xs-12 pt-cv-content-item pt-cv-1-col\"  data-pid=\"989\"><div class='pt-cv-ifield'><a href=\"https:\/\/www.fazioli.com\/fr\/artista\/emmanuel-despax\/\" class=\"_self pt-cv-href-thumbnail pt-cv-thumb-default cvplbd\" target=\"_self\" ><img decoding=\"async\" src=\"https:\/\/www.fazioli.com\/wp-content\/uploads\/2018\/01\/img-emmanueldespax.jpg\" class=\"pt-cv-thumbnail img-none cvp-substitute skip-lazy \" alt=\"Emmanuel Despax\" title=\"\" \/><\/a>\n<h4 class=\"pt-cv-title\"><a href=\"https:\/\/www.fazioli.com\/fr\/artista\/emmanuel-despax\/\" class=\"_self cvplbd\" target=\"_self\" >Emmanuel Despax<\/a><\/h4><\/div><\/div>\n<div class=\"col-md-4 col-sm-6 col-xs-12 pt-cv-content-item pt-cv-1-col\"  data-pid=\"1831\"><div class='pt-cv-ifield'><a href=\"https:\/\/www.fazioli.com\/fr\/artista\/alma-deutscher\/\" class=\"_self pt-cv-href-thumbnail pt-cv-thumb-default cvplbd\" target=\"_self\" ><img decoding=\"async\" src=\"https:\/\/www.fazioli.com\/wp-content\/uploads\/2019\/09\/alma-deustcher-recording-at-fazioli-portait.jpg\" class=\"pt-cv-thumbnail img-none cvp-substitute skip-lazy \" alt=\"ALMA DEUTSCHER\" title=\"\" \/><\/a>\n<h4 class=\"pt-cv-title\"><a href=\"https:\/\/www.fazioli.com\/fr\/artista\/alma-deutscher\/\" class=\"_self cvplbd\" target=\"_self\" >ALMA DEUTSCHER<\/a><\/h4><\/div><\/div>\n<div class=\"col-md-4 col-sm-6 col-xs-12 pt-cv-content-item pt-cv-1-col\"  data-pid=\"1908\"><div class='pt-cv-ifield'><a href=\"https:\/\/www.fazioli.com\/fr\/artista\/zhang-dingyuan\/\" class=\"_self pt-cv-href-thumbnail pt-cv-thumb-default cvplbd\" target=\"_self\" ><img decoding=\"async\" src=\"https:\/\/www.fazioli.com\/wp-content\/uploads\/2020\/09\/zhang_dingyuan_portrait.jpg\" class=\"pt-cv-thumbnail img-none cvp-substitute skip-lazy \" alt=\"ZHANG DINGYUAN\" title=\"\" \/><\/a>\n<h4 class=\"pt-cv-title\"><a href=\"https:\/\/www.fazioli.com\/fr\/artista\/zhang-dingyuan\/\" class=\"_self cvplbd\" target=\"_self\" >ZHANG DINGYUAN<\/a><\/h4><\/div><\/div>\n<div class=\"col-md-4 col-sm-6 col-xs-12 pt-cv-content-item pt-cv-1-col\"  data-pid=\"1887\"><div class='pt-cv-ifield'><a href=\"https:\/\/www.fazioli.com\/fr\/artista\/alberto-ferro\/\" class=\"_self pt-cv-href-thumbnail pt-cv-thumb-default cvplbd\" target=\"_self\" ><img decoding=\"async\" src=\"https:\/\/www.fazioli.com\/wp-content\/uploads\/2020\/09\/alberto_ferro_dan_hannen_portrait.jpg\" class=\"pt-cv-thumbnail img-none cvp-substitute skip-lazy \" alt=\"Alberto Ferro\" title=\"\" \/><\/a>\n<h4 class=\"pt-cv-title\"><a href=\"https:\/\/www.fazioli.com\/fr\/artista\/alberto-ferro\/\" class=\"_self cvplbd\" target=\"_self\" >Alberto Ferro<\/a><\/h4><\/div><\/div>\n<div class=\"col-md-4 col-sm-6 col-xs-12 pt-cv-content-item pt-cv-1-col\"  data-pid=\"1288\"><div class='pt-cv-ifield'><a href=\"https:\/\/www.fazioli.com\/fr\/artista\/goran-filipec\/\" class=\"_self pt-cv-href-thumbnail pt-cv-thumb-default cvplbd\" target=\"_self\" ><img decoding=\"async\" src=\"https:\/\/www.fazioli.com\/wp-content\/uploads\/2018\/03\/GF_0082\u00a9ElisaCaldana-portrait.jpg\" class=\"pt-cv-thumbnail img-none cvp-substitute skip-lazy \" alt=\"Goran Filipec\" title=\"\" \/><\/a>\n<h4 class=\"pt-cv-title\"><a href=\"https:\/\/www.fazioli.com\/fr\/artista\/goran-filipec\/\" class=\"_self cvplbd\" target=\"_self\" >Goran Filipec<\/a><\/h4><\/div><\/div>\n<div class=\"col-md-4 col-sm-6 col-xs-12 pt-cv-content-item pt-cv-1-col\"  data-pid=\"1350\"><div class='pt-cv-ifield'><a href=\"https:\/\/www.fazioli.com\/fr\/artista\/matteo-fossi\/\" class=\"_self pt-cv-href-thumbnail pt-cv-thumb-default cvplbd\" target=\"_self\" ><img decoding=\"async\" src=\"https:\/\/www.fazioli.com\/wp-content\/uploads\/2018\/05\/img-matteofossi.jpg\" class=\"pt-cv-thumbnail img-none cvp-substitute skip-lazy \" alt=\"Matteo Fossi\" title=\"\" \/><\/a>\n<h4 class=\"pt-cv-title\"><a href=\"https:\/\/www.fazioli.com\/fr\/artista\/matteo-fossi\/\" class=\"_self cvplbd\" target=\"_self\" >Matteo Fossi<\/a><\/h4><\/div><\/div>\n<div class=\"col-md-4 col-sm-6 col-xs-12 pt-cv-content-item pt-cv-1-col\"  data-pid=\"2174\"><div class='pt-cv-ifield'><a href=\"https:\/\/www.fazioli.com\/fr\/artista\/martin-garcia-garcia\/\" class=\"_self pt-cv-href-thumbnail pt-cv-thumb-default cvplbd\" target=\"_self\" ><img decoding=\"async\" src=\"https:\/\/www.fazioli.com\/wp-content\/uploads\/2022\/03\/garcia_garcia_copyright_darek_golik_nifc-portrait.jpg\" class=\"pt-cv-thumbnail img-none cvp-substitute skip-lazy \" alt=\"MART\u00cdN GARC\u00cdA GARC\u00cdA\" title=\"\" \/><\/a>\n<h4 class=\"pt-cv-title\"><a href=\"https:\/\/www.fazioli.com\/fr\/artista\/martin-garcia-garcia\/\" class=\"_self cvplbd\" target=\"_self\" >MART\u00cdN GARC\u00cdA GARC\u00cdA<\/a><\/h4><\/div><\/div>\n<div class=\"col-md-4 col-sm-6 col-xs-12 pt-cv-content-item pt-cv-1-col\"  data-pid=\"1214\"><div class='pt-cv-ifield'><a href=\"https:\/\/www.fazioli.com\/fr\/artista\/boris-giltburg\/\" class=\"_self pt-cv-href-thumbnail pt-cv-thumb-default cvplbd\" target=\"_self\" ><img decoding=\"async\" src=\"https:\/\/www.fazioli.com\/wp-content\/uploads\/2018\/03\/img-borisgiltburg04.jpg\" class=\"pt-cv-thumbnail img-none cvp-substitute skip-lazy \" alt=\"Boris Giltburg\" title=\"\" \/><\/a>\n<h4 class=\"pt-cv-title\"><a href=\"https:\/\/www.fazioli.com\/fr\/artista\/boris-giltburg\/\" class=\"_self cvplbd\" target=\"_self\" >Boris Giltburg<\/a><\/h4><\/div><\/div>\n<div class=\"col-md-4 col-sm-6 col-xs-12 pt-cv-content-item pt-cv-1-col\"  data-pid=\"1007\"><div class='pt-cv-ifield'><a href=\"https:\/\/www.fazioli.com\/fr\/artista\/herbie-hancock\/\" class=\"_self pt-cv-href-thumbnail pt-cv-thumb-default cvplbd\" target=\"_self\" ><img decoding=\"async\" src=\"https:\/\/www.fazioli.com\/wp-content\/uploads\/2017\/11\/img-herbiehancock-01.jpg\" class=\"pt-cv-thumbnail img-none cvp-substitute skip-lazy \" alt=\"Herbie Hancock\" title=\"\" \/><\/a>\n<h4 class=\"pt-cv-title\"><a href=\"https:\/\/www.fazioli.com\/fr\/artista\/herbie-hancock\/\" class=\"_self cvplbd\" target=\"_self\" >Herbie Hancock<\/a><\/h4><\/div><\/div>\n<div class=\"col-md-4 col-sm-6 col-xs-12 pt-cv-content-item pt-cv-1-col\"  data-pid=\"1210\"><div class='pt-cv-ifield'><a href=\"https:\/\/www.fazioli.com\/fr\/artista\/angela-hewitt\/\" class=\"_self pt-cv-href-thumbnail pt-cv-thumb-default cvplbd\" target=\"_self\" ><img decoding=\"async\" src=\"https:\/\/www.fazioli.com\/wp-content\/uploads\/2018\/01\/img-angelahewitt-02.jpg\" class=\"pt-cv-thumbnail img-none cvp-substitute skip-lazy \" alt=\"Angela Hewitt\" title=\"\" \/><\/a>\n<h4 class=\"pt-cv-title\"><a href=\"https:\/\/www.fazioli.com\/fr\/artista\/angela-hewitt\/\" class=\"_self cvplbd\" target=\"_self\" >Angela Hewitt<\/a><\/h4><\/div><\/div>\n<div class=\"col-md-4 col-sm-6 col-xs-12 pt-cv-content-item pt-cv-1-col\"  data-pid=\"1859\"><div class='pt-cv-ifield'><a href=\"https:\/\/www.fazioli.com\/fr\/artista\/peter-jablonski\/\" class=\"_self pt-cv-href-thumbnail pt-cv-thumb-default cvplbd\" target=\"_self\" ><img decoding=\"async\" src=\"https:\/\/www.fazioli.com\/wp-content\/uploads\/2020\/02\/peter-jablonski-portrait.jpg\" class=\"pt-cv-thumbnail img-none cvp-substitute skip-lazy \" alt=\"PETER JABLONSKI\" title=\"\" \/><\/a>\n<h4 class=\"pt-cv-title\"><a href=\"https:\/\/www.fazioli.com\/fr\/artista\/peter-jablonski\/\" class=\"_self cvplbd\" target=\"_self\" >PETER JABLONSKI<\/a><\/h4><\/div><\/div>\n<div class=\"col-md-4 col-sm-6 col-xs-12 pt-cv-content-item pt-cv-1-col\"  data-pid=\"11841\"><div class='pt-cv-ifield'><a href=\"https:\/\/www.fazioli.com\/fr\/artista\/adam-kosmieja\/\" class=\"_self pt-cv-href-thumbnail pt-cv-thumb-default cvplbd\" target=\"_self\" ><img decoding=\"async\" src=\"https:\/\/www.fazioli.com\/wp-content\/uploads\/2021\/09\/adam-kosmieja-portrait.jpg\" class=\"pt-cv-thumbnail img-none cvp-substitute skip-lazy \" alt=\"ADAM KO\u015aMIEJA\" title=\"\" \/><\/a>\n<h4 class=\"pt-cv-title\"><a href=\"https:\/\/www.fazioli.com\/fr\/artista\/adam-kosmieja\/\" class=\"_self cvplbd\" target=\"_self\" >ADAM KO\u015aMIEJA<\/a><\/h4><\/div><\/div>\n<div class=\"col-md-4 col-sm-6 col-xs-12 pt-cv-content-item pt-cv-1-col\"  data-pid=\"11869\"><div class='pt-cv-ifield'><a href=\"https:\/\/www.fazioli.com\/fr\/artista\/alberto-nones\/\" class=\"_self pt-cv-href-thumbnail pt-cv-thumb-default cvplbd\" target=\"_self\" ><img decoding=\"async\" src=\"https:\/\/www.fazioli.com\/wp-content\/uploads\/2022\/08\/alberto-nones-portrait.jpg\" class=\"pt-cv-thumbnail img-none cvp-substitute skip-lazy \" alt=\"Alberto Nones\" title=\"\" \/><\/a>\n<h4 class=\"pt-cv-title\"><a href=\"https:\/\/www.fazioli.com\/fr\/artista\/alberto-nones\/\" class=\"_self cvplbd\" target=\"_self\" >Alberto Nones<\/a><\/h4><\/div><\/div>\n<div class=\"col-md-4 col-sm-6 col-xs-12 pt-cv-content-item pt-cv-1-col\"  data-pid=\"979\"><div class='pt-cv-ifield'><a href=\"https:\/\/www.fazioli.com\/fr\/artista\/luka-okros\/\" class=\"_self pt-cv-href-thumbnail pt-cv-thumb-default cvplbd\" target=\"_self\" ><img decoding=\"async\" src=\"https:\/\/www.fazioli.com\/wp-content\/uploads\/2018\/01\/img-lukaokros.jpg\" class=\"pt-cv-thumbnail img-none cvp-substitute skip-lazy \" alt=\"Luka Okros\" title=\"\" \/><\/a>\n<h4 class=\"pt-cv-title\"><a href=\"https:\/\/www.fazioli.com\/fr\/artista\/luka-okros\/\" class=\"_self cvplbd\" target=\"_self\" >Luka Okros<\/a><\/h4><\/div><\/div>\n<div class=\"col-md-4 col-sm-6 col-xs-12 pt-cv-content-item pt-cv-1-col\"  data-pid=\"1218\"><div class='pt-cv-ifield'><a href=\"https:\/\/www.fazioli.com\/fr\/artista\/roberto-plano\/\" class=\"_self pt-cv-href-thumbnail pt-cv-thumb-default cvplbd\" target=\"_self\" ><img decoding=\"async\" src=\"https:\/\/www.fazioli.com\/wp-content\/uploads\/2018\/03\/img-robertoplano-01.jpg\" class=\"pt-cv-thumbnail img-none cvp-substitute skip-lazy \" alt=\"Roberto Plano\" title=\"\" \/><\/a>\n<h4 class=\"pt-cv-title\"><a href=\"https:\/\/www.fazioli.com\/fr\/artista\/roberto-plano\/\" class=\"_self cvplbd\" target=\"_self\" >Roberto Plano<\/a><\/h4><\/div><\/div>\n<div class=\"col-md-4 col-sm-6 col-xs-12 pt-cv-content-item pt-cv-1-col\"  data-pid=\"1663\"><div class='pt-cv-ifield'><a href=\"https:\/\/www.fazioli.com\/fr\/artista\/roberto-prosseda\/\" class=\"_self pt-cv-href-thumbnail pt-cv-thumb-default cvplbd\" target=\"_self\" ><img decoding=\"async\" src=\"https:\/\/www.fazioli.com\/wp-content\/uploads\/2019\/04\/roberto-prosseda-portrait_0.jpg\" class=\"pt-cv-thumbnail img-none cvp-substitute skip-lazy \" alt=\"ROBERTO PROSSEDA\" title=\"\" \/><\/a>\n<h4 class=\"pt-cv-title\"><a href=\"https:\/\/www.fazioli.com\/fr\/artista\/roberto-prosseda\/\" class=\"_self cvplbd\" target=\"_self\" >ROBERTO PROSSEDA<\/a><\/h4><\/div><\/div>\n<div class=\"col-md-4 col-sm-6 col-xs-12 pt-cv-content-item pt-cv-1-col\"  data-pid=\"984\"><div class='pt-cv-ifield'><a href=\"https:\/\/www.fazioli.com\/fr\/artista\/iiro-rantala\/\" class=\"_self pt-cv-href-thumbnail pt-cv-thumb-default cvplbd\" target=\"_self\" ><img decoding=\"async\" src=\"https:\/\/www.fazioli.com\/wp-content\/uploads\/2018\/01\/img-iirorantala-01.jpg\" class=\"pt-cv-thumbnail img-none cvp-substitute skip-lazy \" alt=\"Iiro Rantala\" title=\"\" \/><\/a>\n<h4 class=\"pt-cv-title\"><a href=\"https:\/\/www.fazioli.com\/fr\/artista\/iiro-rantala\/\" class=\"_self cvplbd\" target=\"_self\" >Iiro Rantala<\/a><\/h4><\/div><\/div>\n<div class=\"col-md-4 col-sm-6 col-xs-12 pt-cv-content-item pt-cv-1-col\"  data-pid=\"1503\"><div class='pt-cv-ifield'><a href=\"https:\/\/www.fazioli.com\/fr\/artista\/eliane-rodrigues\/\" class=\"_self pt-cv-href-thumbnail pt-cv-thumb-default cvplbd\" target=\"_self\" ><img decoding=\"async\" src=\"https:\/\/www.fazioli.com\/wp-content\/uploads\/2018\/11\/rodrigues_eliane_portrait.jpg\" class=\"pt-cv-thumbnail img-none cvp-substitute skip-lazy \" alt=\"Eliane Rodrigues\" title=\"\" \/><\/a>\n<h4 class=\"pt-cv-title\"><a href=\"https:\/\/www.fazioli.com\/fr\/artista\/eliane-rodrigues\/\" class=\"_self cvplbd\" target=\"_self\" >Eliane Rodrigues<\/a><\/h4><\/div><\/div>\n<div class=\"col-md-4 col-sm-6 col-xs-12 pt-cv-content-item pt-cv-1-col\"  data-pid=\"2041\"><div class='pt-cv-ifield'><a href=\"https:\/\/www.fazioli.com\/fr\/artista\/markus-schirmer\/\" class=\"_self pt-cv-href-thumbnail pt-cv-thumb-default cvplbd\" target=\"_self\" ><img decoding=\"async\" src=\"https:\/\/www.fazioli.com\/wp-content\/uploads\/2021\/01\/markus_schirmer_-_shot_by_christian_jungwirth_-_teatro_verdi_trieste_-_portrait_.jpg\" class=\"pt-cv-thumbnail img-none cvp-substitute skip-lazy \" alt=\"MARKUS SCHIRMER\" title=\"\" \/><\/a>\n<h4 class=\"pt-cv-title\"><a href=\"https:\/\/www.fazioli.com\/fr\/artista\/markus-schirmer\/\" class=\"_self cvplbd\" target=\"_self\" >MARKUS SCHIRMER<\/a><\/h4><\/div><\/div>\n<div class=\"col-md-4 col-sm-6 col-xs-12 pt-cv-content-item pt-cv-1-col\"  data-pid=\"1684\"><div class='pt-cv-ifield'><a href=\"https:\/\/www.fazioli.com\/fr\/artista\/riccardo-schwartz\/\" class=\"_self pt-cv-href-thumbnail pt-cv-thumb-default cvplbd\" target=\"_self\" ><img decoding=\"async\" src=\"https:\/\/www.fazioli.com\/wp-content\/uploads\/2019\/04\/riccardo-schwartz-interna.jpg\" class=\"pt-cv-thumbnail img-none cvp-substitute skip-lazy \" alt=\"RICCARDO SCHWARTZ\" title=\"\" \/><\/a>\n<h4 class=\"pt-cv-title\"><a href=\"https:\/\/www.fazioli.com\/fr\/artista\/riccardo-schwartz\/\" class=\"_self cvplbd\" target=\"_self\" >RICCARDO SCHWARTZ<\/a><\/h4><\/div><\/div>\n<div class=\"col-md-4 col-sm-6 col-xs-12 pt-cv-content-item pt-cv-1-col\"  data-pid=\"1950\"><div class='pt-cv-ifield'><a href=\"https:\/\/www.fazioli.com\/fr\/artista\/ketevan-sepashvili\/\" class=\"_self pt-cv-href-thumbnail pt-cv-thumb-default cvplbd\" target=\"_self\" ><img decoding=\"async\" src=\"https:\/\/www.fazioli.com\/wp-content\/uploads\/2020\/11\/c_andrej_grilc-ketevan-sepashvili-portrait.jpg\" class=\"pt-cv-thumbnail img-none cvp-substitute skip-lazy \" alt=\"KETEVAN SEPASHVILI\" title=\"\" \/><\/a>\n<h4 class=\"pt-cv-title\"><a href=\"https:\/\/www.fazioli.com\/fr\/artista\/ketevan-sepashvili\/\" class=\"_self cvplbd\" target=\"_self\" >KETEVAN SEPASHVILI<\/a><\/h4><\/div><\/div>\n<div class=\"col-md-4 col-sm-6 col-xs-12 pt-cv-content-item pt-cv-1-col\"  data-pid=\"11878\"><div class='pt-cv-ifield'><a href=\"https:\/\/www.fazioli.com\/fr\/artista\/jiuming-shen\/\" class=\"_self pt-cv-href-thumbnail pt-cv-thumb-default cvplbd\" target=\"_self\" ><img decoding=\"async\" src=\"https:\/\/www.fazioli.com\/wp-content\/uploads\/2021\/10\/jiuming-shen-interna.jpg\" class=\"pt-cv-thumbnail img-none cvp-substitute skip-lazy \" alt=\"Jiuming Shen\" title=\"\" \/><\/a>\n<h4 class=\"pt-cv-title\"><a href=\"https:\/\/www.fazioli.com\/fr\/artista\/jiuming-shen\/\" class=\"_self cvplbd\" target=\"_self\" >Jiuming Shen<\/a><\/h4><\/div><\/div>\n<div class=\"col-md-4 col-sm-6 col-xs-12 pt-cv-content-item pt-cv-1-col\"  data-pid=\"2195\"><div class='pt-cv-ifield'><a href=\"https:\/\/www.fazioli.com\/fr\/artista\/yaozong-song\/\" class=\"_self pt-cv-href-thumbnail pt-cv-thumb-default cvplbd\" target=\"_self\" ><img decoding=\"async\" src=\"https:\/\/www.fazioli.com\/wp-content\/uploads\/2022\/06\/yaozong-song-portrait.jpg\" class=\"pt-cv-thumbnail img-none cvp-substitute skip-lazy \" alt=\"YAOZONG SONG\" title=\"\" \/><\/a>\n<h4 class=\"pt-cv-title\"><a href=\"https:\/\/www.fazioli.com\/fr\/artista\/yaozong-song\/\" class=\"_self cvplbd\" target=\"_self\" >YAOZONG SONG<\/a><\/h4><\/div><\/div>\n<div class=\"col-md-4 col-sm-6 col-xs-12 pt-cv-content-item pt-cv-1-col\"  data-pid=\"1551\"><div class='pt-cv-ifield'><a href=\"https:\/\/www.fazioli.com\/fr\/artista\/jasminka-stancul\/\" class=\"_self pt-cv-href-thumbnail pt-cv-thumb-default cvplbd\" target=\"_self\" ><img decoding=\"async\" src=\"https:\/\/www.fazioli.com\/wp-content\/uploads\/2019\/01\/stancul-portrait.jpg\" class=\"pt-cv-thumbnail img-none cvp-substitute skip-lazy \" alt=\"JASMINKA STANCUL\" title=\"\" \/><\/a>\n<h4 class=\"pt-cv-title\"><a href=\"https:\/\/www.fazioli.com\/fr\/artista\/jasminka-stancul\/\" class=\"_self cvplbd\" target=\"_self\" >JASMINKA STANCUL<\/a><\/h4><\/div><\/div>\n<div class=\"col-md-4 col-sm-6 col-xs-12 pt-cv-content-item pt-cv-1-col\"  data-pid=\"2125\"><div class='pt-cv-ifield'><a href=\"https:\/\/www.fazioli.com\/fr\/artista\/mariangela-vacatello\/\" class=\"_self pt-cv-href-thumbnail pt-cv-thumb-default cvplbd\" target=\"_self\" ><img decoding=\"async\" src=\"https:\/\/www.fazioli.com\/wp-content\/uploads\/2021\/11\/mariangela-vacatello-portrait.png\" class=\"pt-cv-thumbnail img-none cvp-substitute skip-lazy \" alt=\"MARIANGELA VACATELLO\" title=\"\" \/><\/a>\n<h4 class=\"pt-cv-title\"><a href=\"https:\/\/www.fazioli.com\/fr\/artista\/mariangela-vacatello\/\" class=\"_self cvplbd\" target=\"_self\" >MARIANGELA VACATELLO<\/a><\/h4><\/div><\/div>\n<div class=\"col-md-4 col-sm-6 col-xs-12 pt-cv-content-item pt-cv-1-col\"  data-pid=\"1226\"><div class='pt-cv-ifield'><a href=\"https:\/\/www.fazioli.com\/fr\/artista\/lucas-wong\/\" class=\"_self pt-cv-href-thumbnail pt-cv-thumb-default cvplbd\" target=\"_self\" ><img decoding=\"async\" src=\"https:\/\/www.fazioli.com\/wp-content\/uploads\/2018\/03\/img-lucaswong_0.jpg\" class=\"pt-cv-thumbnail img-none cvp-substitute skip-lazy \" alt=\"Lucas Wong\" title=\"\" \/><\/a>\n<h4 class=\"pt-cv-title\"><a href=\"https:\/\/www.fazioli.com\/fr\/artista\/lucas-wong\/\" class=\"_self cvplbd\" target=\"_self\" >Lucas Wong<\/a><\/h4><\/div><\/div>\n<div class=\"col-md-4 col-sm-6 col-xs-12 pt-cv-content-item pt-cv-1-col\"  data-pid=\"1586\"><div class='pt-cv-ifield'><a href=\"https:\/\/www.fazioli.com\/fr\/artista\/ming-xie\/\" class=\"_self pt-cv-href-thumbnail pt-cv-thumb-default cvplbd\" target=\"_self\" ><img decoding=\"async\" src=\"https:\/\/www.fazioli.com\/wp-content\/uploads\/2019\/03\/ming-xie-portait.jpg\" class=\"pt-cv-thumbnail img-none cvp-substitute skip-lazy \" alt=\"MING XIE\" title=\"\" \/><\/a>\n<h4 class=\"pt-cv-title\"><a href=\"https:\/\/www.fazioli.com\/fr\/artista\/ming-xie\/\" class=\"_self cvplbd\" target=\"_self\" >MING XIE<\/a><\/h4><\/div><\/div>\n<div class=\"col-md-4 col-sm-6 col-xs-12 pt-cv-content-item pt-cv-1-col\"  data-pid=\"13126\"><div class='pt-cv-ifield'><a href=\"https:\/\/www.fazioli.com\/fr\/artista\/zijun-xu\/\" class=\"_self pt-cv-href-thumbnail pt-cv-thumb-default cvplbd\" target=\"_self\" ><img decoding=\"async\" src=\"https:\/\/www.fazioli.com\/wp-content\/uploads\/2023\/01\/zijun-xu-portrait.jpg\" class=\"pt-cv-thumbnail img-none cvp-substitute skip-lazy \" alt=\"ZIJUN XU\" title=\"\" \/><\/a>\n<h4 class=\"pt-cv-title\"><a href=\"https:\/\/www.fazioli.com\/fr\/artista\/zijun-xu\/\" class=\"_self cvplbd\" target=\"_self\" >ZIJUN XU<\/a><\/h4><\/div><\/div>\n<div class=\"col-md-4 col-sm-6 col-xs-12 pt-cv-content-item pt-cv-1-col\"  data-pid=\"1803\"><div class='pt-cv-ifield'><a href=\"https:\/\/www.fazioli.com\/fr\/artista\/bojan-z\/\" class=\"_self pt-cv-href-thumbnail pt-cv-thumb-default cvplbd\" target=\"_self\" ><img decoding=\"async\" src=\"https:\/\/www.fazioli.com\/wp-content\/uploads\/2019\/08\/bojaz-z-on-fazioli.jpg\" class=\"pt-cv-thumbnail img-none cvp-substitute skip-lazy \" alt=\"BOJAN Z\" title=\"\" \/><\/a>\n<h4 class=\"pt-cv-title\"><a href=\"https:\/\/www.fazioli.com\/fr\/artista\/bojan-z\/\" class=\"_self cvplbd\" target=\"_self\" >BOJAN Z<\/a><\/h4><\/div><\/div><\/div><\/div><\/div>\t\t\t<style type=\"text\/css\" id=\"pt-cv-inline-style-05f2f659rk\">#pt-cv-view-79972efbnk .pt-cv-title a, #pt-cv-view-79972efbnk  .panel-title { text-transform: uppercase !important; display: block !important; text-align: center !important; clear: both !important; }\n#pt-cv-view-79972efbnk .pt-cv-readmore  { color: #ffffff !important; background-color: #00aeef !important; }\n#pt-cv-view-79972efbnk .pt-cv-readmore:hover  { color: #ffffff !important; background-color: #00aeef !important; }<\/style>\r\n\t\t\t\n","protected":false},"excerpt":{"rendered":"<p>Fazioli refuse d\u2019imposer des limites aux Artistes, pour qu\u2019ils aient la libert\u00e9 de choisir sur quel instrument jouer, selon la [&hellip;]<\/p>\n","protected":false},"author":1,"featured_media":0,"parent":0,"menu_order":0,"comment_status":"closed","ping_status":"closed","template":"","meta":{"_acf_changed":false,"inline_featured_image":false,"footnotes":""},"class_list":["post-11646","page","type-page","status-publish","hentry"],"acf":[],"_links":{"self":[{"href":"https:\/\/www.fazioli.com\/fr\/wp-json\/wp\/v2\/pages\/11646","targetHints":{"allow":["GET"]}}],"collection":[{"href":"https:\/\/www.fazioli.com\/fr\/wp-json\/wp\/v2\/pages"}],"about":[{"href":"https:\/\/www.fazioli.com\/fr\/wp-json\/wp\/v2\/types\/page"}],"author":[{"embeddable":true,"href":"https:\/\/www.fazioli.com\/fr\/wp-json\/wp\/v2\/users\/1"}],"replies":[{"embeddable":true,"href":"https:\/\/www.fazioli.com\/fr\/wp-json\/wp\/v2\/comments?post=11646"}],"version-history":[{"count":2,"href":"https:\/\/www.fazioli.com\/fr\/wp-json\/wp\/v2\/pages\/11646\/revisions"}],"predecessor-version":[{"id":11648,"href":"https:\/\/www.fazioli.com\/fr\/wp-json\/wp\/v2\/pages\/11646\/revisions\/11648"}],"wp:attachment":[{"href":"https:\/\/www.fazioli.com\/fr\/wp-json\/wp\/v2\/media?parent=11646"}],"curies":[{"name":"wp","href":"https:\/\/api.w.org\/{rel}","templated":true}]}}