{"id":120,"date":"2017-03-23T12:45:09","date_gmt":"2017-03-23T11:45:09","guid":{"rendered":"http:\/\/www.fazioli.com\/fazioli-milano-2\/"},"modified":"2026-02-09T09:05:07","modified_gmt":"2026-02-09T08:05:07","slug":"fazioli-milano-2","status":"publish","type":"page","link":"https:\/\/www.fazioli.com\/fr\/fazioli-milano","title":{"rendered":"Fazioli Milano"},"content":{"rendered":"<div class=\"wp-block-image\">\n<figure class=\"aligncenter size-full\"><img loading=\"lazy\" decoding=\"async\" width=\"1200\" height=\"713\" src=\"https:\/\/www.fazioli.com\/wp-content\/uploads\/2024\/12\/fazioli-milano-banner-iniziale-2.jpg\" alt=\"\" class=\"wp-image-15489\" srcset=\"https:\/\/www.fazioli.com\/wp-content\/uploads\/2024\/12\/fazioli-milano-banner-iniziale-2.jpg 1200w, https:\/\/www.fazioli.com\/wp-content\/uploads\/2024\/12\/fazioli-milano-banner-iniziale-2-300x178.jpg 300w, https:\/\/www.fazioli.com\/wp-content\/uploads\/2024\/12\/fazioli-milano-banner-iniziale-2-1024x608.jpg 1024w, https:\/\/www.fazioli.com\/wp-content\/uploads\/2024\/12\/fazioli-milano-banner-iniziale-2-768x456.jpg 768w\" sizes=\"auto, (max-width: 1200px) 100vw, 1200px\" \/><\/figure>\n<\/div>\n\n\n<p><\/p>\n\n\n\n<p><strong>Fazioli Showroom<\/strong><br>Via Conservatorio 17 &#8211; 20122 Milano (au coin de Corso Monforte)<br><a href=\"mailto:milano@fazioli.com\">milano@fazioli.com<\/a> &#8211; +39 02 76021990<\/p>\n\n\n\n<p><strong>Le showroom est ouvert du lundi au vendredi de 10 heures \u00e0 13 heures et de 14 heures \u00e0 19 heures<\/strong>.<\/p>\n\n\n\n<iframe src=\"https:\/\/www.google.com\/maps\/embed?pb=!1m18!1m12!1m3!1d1525.7007200464088!2d9.200942740214524!3d45.46683456424407!2m3!1f0!2f0!3f0!3m2!1i1024!2i768!4f13.1!3m3!1m2!1s0x4786c6bca8466053%3A0x18e98922780b0b0b!2sShowroom%20Fazioli!5e0!3m2!1sit!2sit!4v1665998655695!5m2!1sit!2sit\" style=\"border:0;\" allowfullscreen=\"\" loading=\"lazy\" referrerpolicy=\"no-referrer-when-downgrade\" width=\"400\" height=\"300\"><\/iframe>\n\n\n\n<p><\/p>\n\n\n\n<p>Le Showroom Fazioli prend vie \u00e0 deux pas du Conservatoire de Milan, non loin du Th\u00e9\u00e2tre de la Scala et du c\u0153ur culturel de la ville, dans le d\u00e9sormais magasin historique qui en 1919 a \u00e9t\u00e9 le point de r\u00e9f\u00e9rence pour \u00e9tudiants, professionnels et passionn\u00e9s de musique. Un si\u00e8ge particuli\u00e8rement adapt\u00e9 \u00e0 accueillir un point de vente consacr\u00e9 aux pianos consid\u00e9r\u00e9s parmi les meilleurs au monde. Le restyling des locaux a \u00e9t\u00e9 con\u00e7u par l&rsquo;architecte Domenico Fazioli avec comme objectif de repr\u00e9senter au mieux la qualit\u00e9 et la philosophie de l&rsquo;entreprise. Sobri\u00e9t\u00e9 et \u00e9l\u00e9gance sont les signes de distinction du showroom, avec une zone d&rsquo;exposition de 180 mc et de grandes vitrines sur via Conservatorio et corso Monforte.<\/p>\n\n\n\n<p>Le Showroom est une vitrine d&rsquo;excellence o\u00f9 pouvoir admirer et toucher de la main tous les mod\u00e8les de la gamme Fazioli. Dans un espace ample et accueillant, le client peut essayer les caract\u00e9ristiques du son Fazioli, tout comme appr\u00e9cier la haute qualit\u00e9 du produit dans les moindres d\u00e9tails. Des instruments avec des finitions particuli\u00e8res de la gamme Art Case, pi\u00e8ces uniques de la production Fazioli, sont altern\u00e9s aux classiques de couleur noire.<\/p>\n\n\n\n<p>Outre l&rsquo;activit\u00e9 d&rsquo;exposition et vente, le Showroom offre un service de concerts de haut niveau, en accord avec la philosophie d&rsquo;entreprise. L&rsquo;instruments de pointe de la production Fazioli est destin\u00e9s \u00e0 la location&nbsp;: le grand piano \u00e0 queue mod\u00e8le F278. La qualit\u00e9 du service est d\u00e9termin\u00e9e par la scrupuleuse assistance technique qui caract\u00e9rise aussi bien le moment de la pr\u00e9paration dans le Showroom que la mise au point en salle de concert. Le tout avec l&rsquo;exclusif soin de techniciens agr\u00e9\u00e9s Fazioli, afin de garantir un excellent r\u00e9sultat de la performance de l&rsquo;instrument.<\/p>\n\n\n\n<p>Non seulement un magasin, mais aussi un lieu o\u00f9 d\u00e9couvrir et appr\u00e9cier dans sa totalit\u00e9 le Monde Fazioli, m\u00eame \u00e0 travers des CD grav\u00e9s sur pianos Fazioli et des gadgets en exclusivit\u00e9.<\/p>\n\n\n\n<p><a href=\"mailto:milano@fazioli.com\">Contactez notre staff<\/a> pour recevoir davantage d&rsquo;informations.<\/p>\n\n\n\n<figure class=\"wp-block-image size-full\"><img loading=\"lazy\" decoding=\"async\" width=\"1125\" height=\"200\" src=\"https:\/\/www.fazioli.com\/wp-content\/uploads\/2024\/12\/fazioli-milano-banner-new-1.png\" alt=\"\" class=\"wp-image-15480\" srcset=\"https:\/\/www.fazioli.com\/wp-content\/uploads\/2024\/12\/fazioli-milano-banner-new-1.png 1125w, https:\/\/www.fazioli.com\/wp-content\/uploads\/2024\/12\/fazioli-milano-banner-new-1-300x53.png 300w, https:\/\/www.fazioli.com\/wp-content\/uploads\/2024\/12\/fazioli-milano-banner-new-1-1024x182.png 1024w, https:\/\/www.fazioli.com\/wp-content\/uploads\/2024\/12\/fazioli-milano-banner-new-1-768x137.png 768w\" sizes=\"auto, (max-width: 1125px) 100vw, 1125px\" \/><\/figure>\n","protected":false},"excerpt":{"rendered":"<p>Fazioli ShowroomVia Conservatorio 17 &#8211; 20122 Milano (au coin de Corso Monforte)milano@fazioli.com &#8211; +39 02 76021990 Le showroom est ouvert [&hellip;]<\/p>\n","protected":false},"author":1,"featured_media":93,"parent":0,"menu_order":0,"comment_status":"closed","ping_status":"closed","template":"","meta":{"_acf_changed":false,"inline_featured_image":false,"footnotes":""},"class_list":["post-120","page","type-page","status-publish","has-post-thumbnail","hentry"],"acf":[],"_links":{"self":[{"href":"https:\/\/www.fazioli.com\/fr\/wp-json\/wp\/v2\/pages\/120","targetHints":{"allow":["GET"]}}],"collection":[{"href":"https:\/\/www.fazioli.com\/fr\/wp-json\/wp\/v2\/pages"}],"about":[{"href":"https:\/\/www.fazioli.com\/fr\/wp-json\/wp\/v2\/types\/page"}],"author":[{"embeddable":true,"href":"https:\/\/www.fazioli.com\/fr\/wp-json\/wp\/v2\/users\/1"}],"replies":[{"embeddable":true,"href":"https:\/\/www.fazioli.com\/fr\/wp-json\/wp\/v2\/comments?post=120"}],"version-history":[{"count":13,"href":"https:\/\/www.fazioli.com\/fr\/wp-json\/wp\/v2\/pages\/120\/revisions"}],"predecessor-version":[{"id":16746,"href":"https:\/\/www.fazioli.com\/fr\/wp-json\/wp\/v2\/pages\/120\/revisions\/16746"}],"wp:featuredmedia":[{"embeddable":true,"href":"https:\/\/www.fazioli.com\/fr\/wp-json\/wp\/v2\/media\/93"}],"wp:attachment":[{"href":"https:\/\/www.fazioli.com\/fr\/wp-json\/wp\/v2\/media?parent=120"}],"curies":[{"name":"wp","href":"https:\/\/api.w.org\/{rel}","templated":true}]}}