{"id":140,"date":"2017-03-30T13:31:37","date_gmt":"2017-03-30T11:31:37","guid":{"rendered":"http:\/\/www.fazioli.com\/la-salle\/"},"modified":"2022-08-31T16:31:27","modified_gmt":"2022-08-31T14:31:27","slug":"la-salle","status":"publish","type":"page","link":"https:\/\/www.fazioli.com\/fr\/la-salle\/","title":{"rendered":"Fazioli Concert Hall"},"content":{"rendered":"\n<p>Le <strong>FAZIOLI CONCERT HALL <\/strong>refl\u00e8te de mani\u00e8re encore plus explicite l\u2019image d\u2019une entreprise d\u00e9vou\u00e9e pas seulement \u00e0 la promotion de son produit, mais aussi \u00e0 la valorisation du monde de l\u2019Art et de la Culture, auquel les pianos Fazioli sont destin\u00e9s. La salle, qui depuis 2004 se trouve \u00e0 c\u00f4t\u00e9 de l\u2019usine FAZIOLI, dispose de 198 places, auxquelles s\u2019ajoutent 40 postes suppl\u00e9mentaires. Sa sc\u00e8ne peut h\u00e9berger des ensembles musicaux jusqu\u2019\u00e0 l\u2019orchestre moyenne. Sa caract\u00e9ristique principale est celle d\u2019avoir \u00e9t\u00e9 dessin\u00e9e en pr\u00eatant un maximum d\u2019attention aux aspects acoustiques. En effet, gr\u00e2ce \u00e0 une s\u00e9rie de dispositifs \u2013 sourcils acoustiques en bois, panneaux en bois et mat\u00e9riel phono-absorbant \u2013 il est possible d\u2019intervenir sur le temps de r\u00e9verb\u00e9ration de la salle et donc sur les caract\u00e9ristiques de l\u2019ambient sonore, pour obtenir des effets de plus grande r\u00e9sonance ou absorption.<br>En vertu de cette versatilit\u00e9, la salle se pr\u00eate \u00e0 accueillir r\u00e9p\u00e9titions et s\u00e9lections d\u2019instruments \u2013 avec une attention particuli\u00e8re \u00e0 ceux qui sont destin\u00e9s aux salles plus grandes, concerts et enregistrements.<\/p>\n\n\n\n<h2 class=\"titolo-interno wp-block-heading\">CONCERTS<\/h2>\n\n\n\n<figure class=\"wp-block-image\"><img loading=\"lazy\" decoding=\"async\" width=\"1200\" height=\"420\" src=\"http:\/\/www.fazioli.com\/wp-content\/uploads\/2017\/03\/img-registrazioni.jpg\" alt=\"Fazioli \/ Concerti\" class=\"wp-image-127\" srcset=\"https:\/\/www.fazioli.com\/wp-content\/uploads\/2017\/03\/img-registrazioni.jpg 1200w, https:\/\/www.fazioli.com\/wp-content\/uploads\/2017\/03\/img-registrazioni-300x105.jpg 300w, https:\/\/www.fazioli.com\/wp-content\/uploads\/2017\/03\/img-registrazioni-1024x358.jpg 1024w, https:\/\/www.fazioli.com\/wp-content\/uploads\/2017\/03\/img-registrazioni-768x269.jpg 768w\" sizes=\"auto, (max-width: 1200px) 100vw, 1200px\" \/><\/figure>\n\n\n\n<p>La Saison de Concerts du Fazioli Concert Hall, lanc\u00e9e en 2005, se trouve aujourd\u2019hui en plein milieu de sa 13\u00e8me \u00e9dition : une \u00e9tape importante qui souligne le contacte continu et privil\u00e9gi\u00e9 de l\u2019entreprise FAZIOLI avec les artistes les plus importants de la sc\u00e8ne musicale mondiale, ainsi que la valorisation des jeunes talents \u2013 aspect tr\u00e8s cher \u00e0 FAZIOLI.<br>C\u2019est express\u00e9ment pour la nouvelle g\u00e9n\u00e9ration de pianistes qu\u2019on a con\u00e7u la s\u00e9rie \u00ab Winners \u00bb, d\u00e9di\u00e9e aux laur\u00e9ats de prestigieux concours pianistiques internationaux.<br>Tous les concerts sont ouverts au public et l\u2019affiche attire un auditoire local autant national qu\u2019\u00e9tranger, avec des retomb\u00e9es positives sur la croissance culturelle du territoire.<\/p>\n\n\n\n<h2 class=\"titolo-interno wp-block-heading\">ENREGISTREMENTS<\/h2>\n\n\n\n<figure class=\"wp-block-image\"><img loading=\"lazy\" decoding=\"async\" width=\"1200\" height=\"420\" src=\"http:\/\/www.fazioli.com\/wp-content\/uploads\/2017\/03\/img-concerti.jpg\" alt=\"Fazioli \/ Registrazioni\" class=\"wp-image-134\" srcset=\"https:\/\/www.fazioli.com\/wp-content\/uploads\/2017\/03\/img-concerti.jpg 1200w, https:\/\/www.fazioli.com\/wp-content\/uploads\/2017\/03\/img-concerti-300x105.jpg 300w, https:\/\/www.fazioli.com\/wp-content\/uploads\/2017\/03\/img-concerti-1024x358.jpg 1024w, https:\/\/www.fazioli.com\/wp-content\/uploads\/2017\/03\/img-concerti-768x269.jpg 768w\" sizes=\"auto, (max-width: 1200px) 100vw, 1200px\" \/><\/figure>\n\n\n\n<p>Enregistrer dans la Fazioli Concert Hall est la solution id\u00e9ale pour ceux qui cherchent, dans un lieu unique, la r\u00e9ponse \u00e0 diverses exigences :<\/p>\n\n\n\n<ul class=\"wp-block-list\"><li>Une acoustique agr\u00e9able et adaptable ;<\/li><li>Un piano de haute gamme ;<\/li><li>Un technicien accordeur \u00e0 disposition \u00e0 tout moment ;<\/li><li>Une ambiance de travail agr\u00e9able et professionnelle.<\/li><\/ul>\n\n\n\n<p>Il est pr\u00e9vu que les artistes travaillent avec les ing\u00e9nieurs du son de leur choix. Pour cette raison, la salle n\u2019est pas dot\u00e9e de microphones et mixers, de sorte \u00e0 cr\u00e9er les conditions qui puissent permettre aux ing\u00e9nieurs du son externes d\u2019installer leur propre \u00e9quipement dans la salle de contr\u00f4le.<br>A ceux qui en font la demande, nos bureaux peuvent signaliser des ing\u00e9nieurs du son de renomm\u00e9e et exp\u00e9rience attest\u00e9es, avec lesquels les artistes (ou bien leur producteurs) sont invit\u00e9s \u00e0 entretenir un rapport direct, soit sur le plan \u00e9conomique, soit organisationnel.<\/p>\n","protected":false},"excerpt":{"rendered":"<p>Le FAZIOLI CONCERT HALL refl\u00e8te de mani\u00e8re encore plus explicite l\u2019image d\u2019une entreprise d\u00e9vou\u00e9e pas seulement \u00e0 la promotion de [&hellip;]<\/p>\n","protected":false},"author":1,"featured_media":124,"parent":0,"menu_order":0,"comment_status":"closed","ping_status":"closed","template":"","meta":{"_acf_changed":false,"inline_featured_image":false,"footnotes":""},"class_list":["post-140","page","type-page","status-publish","has-post-thumbnail","hentry"],"acf":[],"_links":{"self":[{"href":"https:\/\/www.fazioli.com\/fr\/wp-json\/wp\/v2\/pages\/140","targetHints":{"allow":["GET"]}}],"collection":[{"href":"https:\/\/www.fazioli.com\/fr\/wp-json\/wp\/v2\/pages"}],"about":[{"href":"https:\/\/www.fazioli.com\/fr\/wp-json\/wp\/v2\/types\/page"}],"author":[{"embeddable":true,"href":"https:\/\/www.fazioli.com\/fr\/wp-json\/wp\/v2\/users\/1"}],"replies":[{"embeddable":true,"href":"https:\/\/www.fazioli.com\/fr\/wp-json\/wp\/v2\/comments?post=140"}],"version-history":[{"count":1,"href":"https:\/\/www.fazioli.com\/fr\/wp-json\/wp\/v2\/pages\/140\/revisions"}],"predecessor-version":[{"id":11990,"href":"https:\/\/www.fazioli.com\/fr\/wp-json\/wp\/v2\/pages\/140\/revisions\/11990"}],"wp:featuredmedia":[{"embeddable":true,"href":"https:\/\/www.fazioli.com\/fr\/wp-json\/wp\/v2\/media\/124"}],"wp:attachment":[{"href":"https:\/\/www.fazioli.com\/fr\/wp-json\/wp\/v2\/media?parent=140"}],"curies":[{"name":"wp","href":"https:\/\/api.w.org\/{rel}","templated":true}]}}