{"id":228,"date":"2018-01-22T14:38:11","date_gmt":"2018-01-22T13:38:11","guid":{"rendered":"http:\/\/www.fazioli.com\/entretien\/"},"modified":"2022-08-26T16:34:50","modified_gmt":"2022-08-26T14:34:50","slug":"entretien","status":"publish","type":"page","link":"https:\/\/www.fazioli.com\/fr\/entretien\/","title":{"rendered":"Entretien"},"content":{"rendered":"\n<h2 class=\"titolo-interno wp-block-heading\">Conditions ambiantes conseill\u00e9es<\/h2>\n\n\n\n<figure class=\"wp-block-image size-full .img-interne\"><img loading=\"lazy\" decoding=\"async\" width=\"1200\" height=\"420\" src=\"https:\/\/www.fazioli.com\/wp-content\/uploads\/2017\/06\/img-condizioni-ambientali.jpg\" alt=\"Fazioli \/ Condizioni ambientali consigliate\" class=\"wp-image-158\" srcset=\"https:\/\/www.fazioli.com\/wp-content\/uploads\/2017\/06\/img-condizioni-ambientali.jpg 1200w, https:\/\/www.fazioli.com\/wp-content\/uploads\/2017\/06\/img-condizioni-ambientali-300x105.jpg 300w, https:\/\/www.fazioli.com\/wp-content\/uploads\/2017\/06\/img-condizioni-ambientali-1024x358.jpg 1024w, https:\/\/www.fazioli.com\/wp-content\/uploads\/2017\/06\/img-condizioni-ambientali-768x269.jpg 768w\" sizes=\"auto, (max-width: 1200px) 100vw, 1200px\" \/><\/figure>\n\n\n\n<p>Le bois est une mati\u00e8re vivante et naturelle, c&rsquo;est pourquoi il subit des changements permanents en fonction du milieu ambiant. Le piano \u00e9tant constitu\u00e9 essentiellement de bois, il est conseill\u00e9 de le placer dans un lieu o\u00f9 la temp\u00e9rature et l&rsquo;humidit\u00e9 relative de l&rsquo;air sont contr\u00f4l\u00e9es et ne subissent pas de brusques variations. Si l&rsquo;humidit\u00e9 relative est sup\u00e9rieure aux valeurs conseill\u00e9es, comme cela peut \u00eatre le cas dans des lieux humides et surtout pendant les saisons transitoires et l&rsquo;\u00e9t\u00e9, elle peut \u00eatre r\u00e9duite en utilisant des appareils d\u00e9shumidificateurs facilement rep\u00e9rables dans le march\u00e9. L&rsquo;humidit\u00e9 relative du lieu d&rsquo;installation du piano ne devrait pas descendre en dessous des 30% et ne devrait pas d\u00e9passer 70%.<br>Si l&rsquo;humidit\u00e9 relative est trop basse, comme c\u2019est le cas en hiver \u00e0 cause de l\u2019utilisation du chauffage, ce taux peut \u00eatre augment\u00e9 en utilisant des syst\u00e8mes d&rsquo;humidification ais\u00e9ment rep\u00e9rables dans le march\u00e9. Dans tous les cas, il est conseill\u00e9 de ne jamais placer le piano dans un endroit trop sec. Nous conseillons d&rsquo;installer le piano \u00e9loign\u00e9 des murs externes et des fen\u00eatres qui ressentent le plus des \u00e9carts de temp\u00e9rature. Il est \u00e9galement conseill\u00e9 de ne pas exposer les surfaces du piano aux rayons directs du soleil, qui sont susceptibles de cr\u00e9er des concentrations de chaleur, en causant une augmentation locale de la temp\u00e9rature et donc le risque de tensions et d&rsquo;\u00e9ventuelles fissures dans le vernis ou dans le bois. Il est conseill\u00e9 de ne pas poser d\u2019objets sur le piano afin d&rsquo;\u00e9viter toute vibration d\u00e9sagr\u00e9able, en particulier verres et bouteilles, car tout \u00e9ventuel renversement d&rsquo;eau \u00e0 l&rsquo;int\u00e9rieur du piano pourrait causer de s\u00e9rieux dommages \u00e0 l&rsquo;instrument.<\/p>\n\n\n\n<h2 class=\"titolo-interno wp-block-heading\">Entretien du piano<\/h2>\n\n\n\n<figure class=\"wp-block-image size-full\"><img loading=\"lazy\" decoding=\"async\" width=\"1200\" height=\"420\" src=\"https:\/\/www.fazioli.com\/wp-content\/uploads\/2017\/06\/img-manutenzione.jpg\" alt=\"Fazioli \/ Manutenzione del pianoforte\" class=\"wp-image-165\" srcset=\"https:\/\/www.fazioli.com\/wp-content\/uploads\/2017\/06\/img-manutenzione.jpg 1200w, https:\/\/www.fazioli.com\/wp-content\/uploads\/2017\/06\/img-manutenzione-300x105.jpg 300w, https:\/\/www.fazioli.com\/wp-content\/uploads\/2017\/06\/img-manutenzione-1024x358.jpg 1024w, https:\/\/www.fazioli.com\/wp-content\/uploads\/2017\/06\/img-manutenzione-768x269.jpg 768w\" sizes=\"auto, (max-width: 1200px) 100vw, 1200px\" \/><\/figure>\n\n\n\n<p>L&rsquo;achat d&rsquo;un piano repr\u00e9sente un investissement \u00e0 long terme et donc son maintien en parfait \u00e9tat joue un r\u00f4le d\u00e9terminant pour maintenir la valeur de votre instrument dans le temps. Sa dur\u00e9e de vie d\u00e9pend en grande partie de la qualit\u00e9 de l&rsquo;entretien. Elle doit \u00eatre confi\u00e9e \u00e0 un technicien dont la pr\u00e9paration doit \u00eatre certifi\u00e9e officiellement..<br>La qualit\u00e9 acoustique et fonctionnelle du piano d\u00e9pend de :<\/p>\n\n\n\n<ul class=\"wp-block-list\"><li>L\u2019accordage<\/li><li>Le r\u00e9glage de la m\u00e9canique<\/li><li>L\u2019harmonisation<\/li><\/ul>\n\n\n\n<h2 class=\"titolo-interno wp-block-heading\">Accordage<\/h2>\n\n\n\n<figure class=\"wp-block-image size-full\"><img loading=\"lazy\" decoding=\"async\" width=\"1200\" height=\"420\" src=\"https:\/\/www.fazioli.com\/wp-content\/uploads\/2017\/06\/img-accordatura.jpg\" alt=\"Fazioli \/ Accordatura\" class=\"wp-image-172\" srcset=\"https:\/\/www.fazioli.com\/wp-content\/uploads\/2017\/06\/img-accordatura.jpg 1200w, https:\/\/www.fazioli.com\/wp-content\/uploads\/2017\/06\/img-accordatura-300x105.jpg 300w, https:\/\/www.fazioli.com\/wp-content\/uploads\/2017\/06\/img-accordatura-1024x358.jpg 1024w, https:\/\/www.fazioli.com\/wp-content\/uploads\/2017\/06\/img-accordatura-768x269.jpg 768w\" sizes=\"auto, (max-width: 1200px) 100vw, 1200px\" \/><\/figure>\n\n\n\n<p>Notre oreille s\u2019adapte si facilement \u00e0 des conditions diff\u00e9rentes que souvent l\u2019on ne parvient pas \u00e0 se rendre compte si un instrument est d\u00e9saccord\u00e9. L\u2019accord d\u2019un piano varie \u00e0 travers un processus graduel et c\u2019est pour cela que le plus souvent notre ou\u00efe s\u2019adapte aux diff\u00e9rences d\u2019accord, sp\u00e9cialement si ce changement int\u00e9resse de mani\u00e8re plus ou moins uniforme tous les registres du clavier. Si l\u2019accordage n\u2019est pas effectu\u00e9 p\u00e9riodiquement, l\u2019\u00e9ducation de l\u2019oreille, ainsi que l\u2019\u00e9tat de l\u2019instrument, peuvent en en \u00eatre affect\u00e9s.<\/p>\n\n\n\n<h2 class=\"titolo-interno wp-block-heading\">R\u00e9glage de la m\u00e9canique<\/h2>\n\n\n\n<figure class=\"wp-block-image size-full\"><img loading=\"lazy\" decoding=\"async\" width=\"1200\" height=\"420\" src=\"https:\/\/www.fazioli.com\/wp-content\/uploads\/2017\/06\/img-regolazione.jpg\" alt=\"Fazioli \/ Regolazione della meccanica\" class=\"wp-image-179\" srcset=\"https:\/\/www.fazioli.com\/wp-content\/uploads\/2017\/06\/img-regolazione.jpg 1200w, https:\/\/www.fazioli.com\/wp-content\/uploads\/2017\/06\/img-regolazione-300x105.jpg 300w, https:\/\/www.fazioli.com\/wp-content\/uploads\/2017\/06\/img-regolazione-1024x358.jpg 1024w, https:\/\/www.fazioli.com\/wp-content\/uploads\/2017\/06\/img-regolazione-768x269.jpg 768w\" sizes=\"auto, (max-width: 1200px) 100vw, 1200px\" \/><\/figure>\n\n\n\n<p>Le clavier et la m\u00e9canique du piano, \u00e0 leur tour constitu\u00e9s de diff\u00e9rents \u00e9l\u00e9ments en bois et donc sensibles aux conditions atmosph\u00e9riques, sont sujets \u00e0 des petites variations de r\u00e9glage, d\u2019autant plus qu\u2019il s\u2019agit de parties constamment sollicit\u00e9es. Une m\u00e9canique et un clavier bien r\u00e9gl\u00e9s sont essentiels pour la fiabilit\u00e9 de l&rsquo;ex\u00e9cution. Il est donc recommandable de demander au technicien d\u2019effectuer un r\u00e9glage de la m\u00e9canique du moins une fois par ans pour r\u00e9soudre les petites alt\u00e9rations de r\u00e9ponse du clavier.<\/p>\n\n\n\n<h2 class=\"titolo-interno wp-block-heading\">Harmonisation<\/h2>\n\n\n\n<figure class=\"wp-block-image size-full\"><img loading=\"lazy\" decoding=\"async\" width=\"1200\" height=\"420\" src=\"https:\/\/www.fazioli.com\/wp-content\/uploads\/2017\/06\/img-intonazione.jpg\" alt=\"Fazioli \/ Intonazione\" class=\"wp-image-186\" srcset=\"https:\/\/www.fazioli.com\/wp-content\/uploads\/2017\/06\/img-intonazione.jpg 1200w, https:\/\/www.fazioli.com\/wp-content\/uploads\/2017\/06\/img-intonazione-300x105.jpg 300w, https:\/\/www.fazioli.com\/wp-content\/uploads\/2017\/06\/img-intonazione-1024x358.jpg 1024w, https:\/\/www.fazioli.com\/wp-content\/uploads\/2017\/06\/img-intonazione-768x269.jpg 768w\" sizes=\"auto, (max-width: 1200px) 100vw, 1200px\" \/><\/figure>\n\n\n\n<p>L&rsquo;harmonisation, dont d\u00e9pend la voix du piano, est la pratique par laquelle le technicien peut modifier la densit\u00e9 du feutre qui recouvre la t\u00eate du marteau \u00e0 l\u2019aide d\u2019un outil sp\u00e9cial dot\u00e9 de trois aiguilles nomm\u00e9 piquoir ou pique-marteaux. Les feutres des marteaux, en effet, avec l&rsquo;usage, les variations climatiques et le temps, tendent \u00e0 durcir de mani\u00e8re non uniforme : c&rsquo;est \u00e0 l&rsquo;habilet\u00e9 du technicien de r\u00e9tablir l&rsquo;uniformit\u00e9 et la beaut\u00e9 du timbre en piquant les feutres des marteaux avec les outils ad\u00e9quats. M\u00eame si l&rsquo;instrument est peu utilis\u00e9, nous conseillons de :<\/p>\n\n\n\n<ul class=\"wp-block-list\"><li>Accorder le piano au moins 2 fois par an ;<\/li><li>Faire contr\u00f4ler la m\u00e9canique et l\u2019harmonisation au moins 1 fois par an ;<\/li><li>S&rsquo;adresser toujours \u00e0 un technicien professionnel qualifi\u00e9.<\/li><\/ul>\n\n\n\n<h2 class=\"titolo-interno wp-block-heading\">Entretien du piano<\/h2>\n\n\n\n<figure class=\"wp-block-image size-full\"><img loading=\"lazy\" decoding=\"async\" width=\"1200\" height=\"420\" src=\"https:\/\/www.fazioli.com\/wp-content\/uploads\/2017\/06\/img-cura-pianoforte.jpg\" alt=\"Fazioli \/ Cura del pianoforte\" class=\"wp-image-193\" srcset=\"https:\/\/www.fazioli.com\/wp-content\/uploads\/2017\/06\/img-cura-pianoforte.jpg 1200w, https:\/\/www.fazioli.com\/wp-content\/uploads\/2017\/06\/img-cura-pianoforte-300x105.jpg 300w, https:\/\/www.fazioli.com\/wp-content\/uploads\/2017\/06\/img-cura-pianoforte-1024x358.jpg 1024w, https:\/\/www.fazioli.com\/wp-content\/uploads\/2017\/06\/img-cura-pianoforte-768x269.jpg 768w\" sizes=\"auto, (max-width: 1200px) 100vw, 1200px\" \/><\/figure>\n\n\n\n<p>Les composants du piano peuvent avoir des finitions et des traitements diff\u00e9rents. Par cons\u00e9quent, le soin des surfaces doit \u00eatre diversifi\u00e9 et effectu\u00e9 avec une tr\u00e8s grande attention. Pour le nettoyage des surfaces satin\u00e9es, nous conseillons l&#8217;emploi d&rsquo;un chiffon doux l\u00e9g\u00e8rement impr\u00e9gn\u00e9 de liquide nettoyant non agressif (\u00e0 savoir sans solvants) et appliqu\u00e9 doucement avec un mouvement circulaire. Pour le nettoyage des surfaces brillantes, nous conseillons de les d\u00e9poussi\u00e9rer avec un chiffon doux l\u00e9g\u00e8rement impr\u00e9gn\u00e9 de liquide nettoyant non agressif. Il ne faut en aucun cas utiliser des produits contenant des substances abrasives.<br>Les pi\u00e8ces m\u00e9talliques ont elles aussi besoin d\u2019\u00eatre d\u00fbment soign\u00e9es.<br>Charni\u00e8res, finitions et visserie, \u00e9tant dor\u00e9es, tendent \u00e0 d\u00e9velopper une pellicule de poussi\u00e8re qui peut \u00eatre \u00e9limin\u00e9e avec un chiffon l\u00e9g\u00e8rement imbib\u00e9 de liquide nettoyant non agressif. Pour enlever l&rsquo;oxydation de la serrure et du logo en laiton, vous pouvez utiliser des cr\u00e8mes d\u00e9soxydantes pour m\u00e9taux, facilement rep\u00e9rables sur le march\u00e9 (Sidol ou produits similaires).<br>Pour le nettoyage du clavier, nous conseillons l&#8217;emploi d&rsquo;un chiffon doux avec du liquide nettoyant non agressif. Il est important d&rsquo;\u00e9viter de mouiller les surfaces lat\u00e9rales des touches.<br>Pour en savoir plus sur le nettoyage et la d\u00e9sinfection du clavier de votre piano Fazioli, cliquez <a href=\"http:\/\/www.fazioli.com\/fr\/nouvelles-evenements\/how-clean-and-sanitize-keyboard-fazioli-pianos\">ici<\/a>.<\/p>\n\n\n\n<h2 class=\"titolo-interno wp-block-heading\">D\u00e9m\u00e9nagements et d\u00e9placements de l&rsquo;instrument<\/h2>\n\n\n\n<figure class=\"wp-block-image size-full\"><img loading=\"lazy\" decoding=\"async\" width=\"1200\" height=\"420\" src=\"https:\/\/www.fazioli.com\/wp-content\/uploads\/2017\/06\/img-trasloco.jpg\" alt=\"Fazioli \/ Traslochi\" class=\"wp-image-200\" srcset=\"https:\/\/www.fazioli.com\/wp-content\/uploads\/2017\/06\/img-trasloco.jpg 1200w, https:\/\/www.fazioli.com\/wp-content\/uploads\/2017\/06\/img-trasloco-300x105.jpg 300w, https:\/\/www.fazioli.com\/wp-content\/uploads\/2017\/06\/img-trasloco-1024x358.jpg 1024w, https:\/\/www.fazioli.com\/wp-content\/uploads\/2017\/06\/img-trasloco-768x269.jpg 768w\" sizes=\"auto, (max-width: 1200px) 100vw, 1200px\" \/><\/figure>\n\n\n\n<p>En cas de d\u00e9m\u00e9nagement du piano, il est conseill\u00e9 de s&rsquo;adresser \u00e0 des entreprises sp\u00e9cialis\u00e9es et r\u00e9f\u00e9renc\u00e9es. S\u2019adresser \u00e0 des entreprises non sp\u00e9cialis\u00e9es pour ce genre d&rsquo;op\u00e9ration peut \u00eatre dangereux, puisqu\u2019en cas d\u2019erreur dans le d\u00e9placement, l\u2019on pourrait causer des dommages d\u2019entit\u00e9 remarquable.<\/p>\n","protected":false},"excerpt":{"rendered":"<p>Conditions ambiantes conseill\u00e9es Le bois est une mati\u00e8re vivante et naturelle, c&rsquo;est pourquoi il subit des changements permanents en fonction [&hellip;]<\/p>\n","protected":false},"author":1,"featured_media":155,"parent":0,"menu_order":0,"comment_status":"closed","ping_status":"closed","template":"","meta":{"_acf_changed":false,"inline_featured_image":false,"footnotes":""},"class_list":["post-228","page","type-page","status-publish","has-post-thumbnail","hentry"],"acf":[],"_links":{"self":[{"href":"https:\/\/www.fazioli.com\/fr\/wp-json\/wp\/v2\/pages\/228","targetHints":{"allow":["GET"]}}],"collection":[{"href":"https:\/\/www.fazioli.com\/fr\/wp-json\/wp\/v2\/pages"}],"about":[{"href":"https:\/\/www.fazioli.com\/fr\/wp-json\/wp\/v2\/types\/page"}],"author":[{"embeddable":true,"href":"https:\/\/www.fazioli.com\/fr\/wp-json\/wp\/v2\/users\/1"}],"replies":[{"embeddable":true,"href":"https:\/\/www.fazioli.com\/fr\/wp-json\/wp\/v2\/comments?post=228"}],"version-history":[{"count":2,"href":"https:\/\/www.fazioli.com\/fr\/wp-json\/wp\/v2\/pages\/228\/revisions"}],"predecessor-version":[{"id":11629,"href":"https:\/\/www.fazioli.com\/fr\/wp-json\/wp\/v2\/pages\/228\/revisions\/11629"}],"wp:featuredmedia":[{"embeddable":true,"href":"https:\/\/www.fazioli.com\/fr\/wp-json\/wp\/v2\/media\/155"}],"wp:attachment":[{"href":"https:\/\/www.fazioli.com\/fr\/wp-json\/wp\/v2\/media?parent=228"}],"curies":[{"name":"wp","href":"https:\/\/api.w.org\/{rel}","templated":true}]}}