{"id":233,"date":"2018-01-30T10:19:05","date_gmt":"2018-01-30T09:19:05","guid":{"rendered":"http:\/\/www.fazioli.com\/art-case-les-variations-esthetiques\/"},"modified":"2022-08-26T16:43:07","modified_gmt":"2022-08-26T14:43:07","slug":"art-case-les-variations-esthetiques","status":"publish","type":"page","link":"https:\/\/www.fazioli.com\/fr\/art-case-les-variations-esthetiques\/","title":{"rendered":"ART CASE &#8211; Les variations esth\u00e9tiques"},"content":{"rendered":"\n<p>Grace \u00e0 l\u2019application de savantes m\u00e9thodes traditionnelles alli\u00e9es \u00e0 des techniques de pointe, FAZIOLI est en mesure d\u2019appliquer n\u2019importe quelle variation esth\u00e9tique DU PIANO au choix ou selon le projet original de l\u2019acheteur. Les fiches pr\u00e9sent\u00e9es dans ce site internet repr\u00e9sentent seulement une s\u00e9lection des nombreuses cr\u00e9ations sp\u00e9ciales (\u00ab Art Case \u00bb) r\u00e9alis\u00e9e jusqu\u2019\u00e0 pr\u00e9sent.<\/p>\n\n\n\n<p>Les variations demand\u00e9es par les acheteurs peuvent concerner trois domaines d\u2019intervention :<\/p>\n\n\n\n<ul class=\"wp-block-list\"><li><a href=\"#La forme\">La forme<\/a><\/li><li><a href=\"#Les surfaces\">Les surfaces<\/a><\/li><li><a href=\"#La d\u00e9coration\">La d\u00e9coration<\/a>*<\/li><\/ul>\n\n\n\n<p><em>* L\u2019ex\u00e9cution de diff\u00e9rentes formes ext\u00e9rieures et de finitions sp\u00e9ciales n\u2019influence en aucune mani\u00e8re l\u2019acoustique de l\u2019instrument.<\/em><\/p>\n\n\n\n<h2 class=\"titolo-interno wp-block-heading\"><a name=\"La forme\"><\/a>La Forme<\/h2>\n\n\n\n<figure class=\"wp-block-image\"><img loading=\"lazy\" decoding=\"async\" width=\"1200\" height=\"420\" src=\"http:\/\/www.fazioli.com\/wp-content\/uploads\/2017\/07\/img-laforma.jpg\" alt=\"La forma\" class=\"wp-image-208\" srcset=\"https:\/\/www.fazioli.com\/wp-content\/uploads\/2017\/07\/img-laforma.jpg 1200w, https:\/\/www.fazioli.com\/wp-content\/uploads\/2017\/07\/img-laforma-300x105.jpg 300w, https:\/\/www.fazioli.com\/wp-content\/uploads\/2017\/07\/img-laforma-1024x358.jpg 1024w, https:\/\/www.fazioli.com\/wp-content\/uploads\/2017\/07\/img-laforma-768x269.jpg 768w\" sizes=\"auto, (max-width: 1200px) 100vw, 1200px\" \/><\/figure>\n\n\n\n<p>Les interventions sur la forme ext\u00e9rieure de l\u2019instrument, y compris les pieds, la lyre et le pupitre, peuvent imiter plusieurs styles : classique, traditionnel, moderne et d\u2019avant-garde.<\/p>\n\n\n\n<h2 class=\"titolo-interno wp-block-heading\"><a name=\"Les surfaces\"><\/a>Les surfaces<\/h2>\n\n\n\n<figure class=\"wp-block-image\"><img loading=\"lazy\" decoding=\"async\" width=\"1200\" height=\"420\" src=\"http:\/\/www.fazioli.com\/wp-content\/uploads\/2017\/07\/img-lesuperfici.jpg\" alt=\"Le superfici\" class=\"wp-image-215\" srcset=\"https:\/\/www.fazioli.com\/wp-content\/uploads\/2017\/07\/img-lesuperfici.jpg 1200w, https:\/\/www.fazioli.com\/wp-content\/uploads\/2017\/07\/img-lesuperfici-300x105.jpg 300w, https:\/\/www.fazioli.com\/wp-content\/uploads\/2017\/07\/img-lesuperfici-1024x358.jpg 1024w, https:\/\/www.fazioli.com\/wp-content\/uploads\/2017\/07\/img-lesuperfici-768x269.jpg 768w\" sizes=\"auto, (max-width: 1200px) 100vw, 1200px\" \/><\/figure>\n\n\n\n<p>Au lieu du laquage traditionnel en polyester noir brillant ou satin\u00e9, il est possible d\u2019avoir n\u2019importe quelle autre couleur. Les surfaces peuvent \u00eatre plaqu\u00e9es avec diff\u00e9rentes essences de bois.<br>L\u2019on dispose de toute une vari\u00e9t\u00e9 de la m\u00eame essence, jusqu\u2019aux pr\u00e9cieuses \u00ab loupes \u00bb, provenant de la base de l\u2019arbre, certaines tr\u00e8s exclusives et rares. Les surfaces peuvent \u00eatre vernies avec du polyester transparent brillant ou satin\u00e9, ou avec d\u2019autres vernis transparents qui laissent entrevoir la porosit\u00e9 du bois, ou avec les anciens syst\u00e8mes manuels au tampon.<\/p>\n\n\n\n<h2 class=\"titolo-interno wp-block-heading\"><a name=\"La d\u00e9coration\"><\/a>La D\u00e9coration<\/h2>\n\n\n\n<figure class=\"wp-block-image\"><img loading=\"lazy\" decoding=\"async\" width=\"1200\" height=\"420\" src=\"http:\/\/www.fazioli.com\/wp-content\/uploads\/2017\/07\/img-ledecorazioni.jpg\" alt=\"Le decorazioni\" class=\"wp-image-222\" srcset=\"https:\/\/www.fazioli.com\/wp-content\/uploads\/2017\/07\/img-ledecorazioni.jpg 1200w, https:\/\/www.fazioli.com\/wp-content\/uploads\/2017\/07\/img-ledecorazioni-300x105.jpg 300w, https:\/\/www.fazioli.com\/wp-content\/uploads\/2017\/07\/img-ledecorazioni-1024x358.jpg 1024w, https:\/\/www.fazioli.com\/wp-content\/uploads\/2017\/07\/img-ledecorazioni-768x269.jpg 768w\" sizes=\"auto, (max-width: 1200px) 100vw, 1200px\" \/><\/figure>\n\n\n\n<p>L\u2019une des caract\u00e9ristiques principales des pianos Art Case est repr\u00e9sent\u00e9e par la marqueterie en diff\u00e9rents types de bois, nacre, pierres dures et m\u00e9taux, ou par des \u00e9l\u00e9ments pr\u00e9c\u00e9demment sculpt\u00e9s et ensuite appliqu\u00e9s sur les surfaces. Il est aussi possible de r\u00e9aliser des surfaces neutres et pr\u00eates pour \u00eatre d\u00e9cor\u00e9es et peintes \u00e0 la main.<\/p>\n","protected":false},"excerpt":{"rendered":"<p>Grace \u00e0 l\u2019application de savantes m\u00e9thodes traditionnelles alli\u00e9es \u00e0 des techniques de pointe, FAZIOLI est en mesure d\u2019appliquer n\u2019importe quelle [&hellip;]<\/p>\n","protected":false},"author":1,"featured_media":205,"parent":0,"menu_order":0,"comment_status":"closed","ping_status":"closed","template":"","meta":{"_acf_changed":false,"inline_featured_image":false,"footnotes":""},"class_list":["post-233","page","type-page","status-publish","has-post-thumbnail","hentry"],"acf":[],"_links":{"self":[{"href":"https:\/\/www.fazioli.com\/fr\/wp-json\/wp\/v2\/pages\/233","targetHints":{"allow":["GET"]}}],"collection":[{"href":"https:\/\/www.fazioli.com\/fr\/wp-json\/wp\/v2\/pages"}],"about":[{"href":"https:\/\/www.fazioli.com\/fr\/wp-json\/wp\/v2\/types\/page"}],"author":[{"embeddable":true,"href":"https:\/\/www.fazioli.com\/fr\/wp-json\/wp\/v2\/users\/1"}],"replies":[{"embeddable":true,"href":"https:\/\/www.fazioli.com\/fr\/wp-json\/wp\/v2\/comments?post=233"}],"version-history":[{"count":1,"href":"https:\/\/www.fazioli.com\/fr\/wp-json\/wp\/v2\/pages\/233\/revisions"}],"predecessor-version":[{"id":11637,"href":"https:\/\/www.fazioli.com\/fr\/wp-json\/wp\/v2\/pages\/233\/revisions\/11637"}],"wp:featuredmedia":[{"embeddable":true,"href":"https:\/\/www.fazioli.com\/fr\/wp-json\/wp\/v2\/media\/205"}],"wp:attachment":[{"href":"https:\/\/www.fazioli.com\/fr\/wp-json\/wp\/v2\/media?parent=233"}],"curies":[{"name":"wp","href":"https:\/\/api.w.org\/{rel}","templated":true}]}}