{"id":11801,"date":"2022-08-29T17:30:01","date_gmt":"2022-08-29T15:30:01","guid":{"rendered":"http:\/\/www.fazioli.com\/?page_id=11801"},"modified":"2022-08-29T17:30:02","modified_gmt":"2022-08-29T15:30:02","slug":"%d0%ba%d0%be%d0%bd%d1%86%d0%b5%d1%80%d1%82%d0%bd%d1%8b%d0%b9-%d1%81%d0%b5%d0%b7%d0%be%d0%bd","status":"publish","type":"page","link":"https:\/\/www.fazioli.com\/ru\/%d0%ba%d0%be%d0%bd%d1%86%d0%b5%d1%80%d1%82%d0%bd%d1%8b%d0%b9-%d1%81%d0%b5%d0%b7%d0%be%d0%bd\/","title":{"rendered":"\u043a\u043e\u043d\u0446\u0435\u0440\u0442\u043d\u044b\u0439 \u0441\u0435\u0437\u043e\u043d"},"content":{"rendered":"<div class=\"pt-cv-wrapper\"><div class=\"pt-cv-view pt-cv-grid pt-cv-colsys stagione-concerthall\" id=\"pt-cv-view-0bcbe0cikf\"><div data-id=\"pt-cv-page-1\" class=\"pt-cv-page\" data-cvc=\"3\"><div class=\"col-md-4 col-sm-6 col-xs-12 pt-cv-content-item pt-cv-1-col\"  data-pid=\"16325\"><div class='pt-cv-ifield'><a href=\"https:\/\/www.fazioli.com\/ru\/concerto_ch\/marc-andre-hamelin\/\" class=\"_self pt-cv-href-thumbnail pt-cv-thumb-default cvplbd\" target=\"_self\" ><img loading=\"lazy\" decoding=\"async\" width=\"1520\" height=\"1144\" src=\"https:\/\/www.fazioli.com\/wp-content\/uploads\/2025\/09\/Foto_858x1140_Fazioli_20252.jpg\" class=\"pt-cv-thumbnail img-none\" alt=\"MARC-ANDR\u00c9 HAMELIN\" srcset=\"https:\/\/www.fazioli.com\/wp-content\/uploads\/2025\/09\/Foto_858x1140_Fazioli_20252.jpg 1520w, https:\/\/www.fazioli.com\/wp-content\/uploads\/2025\/09\/Foto_858x1140_Fazioli_20252-300x226.jpg 300w, https:\/\/www.fazioli.com\/wp-content\/uploads\/2025\/09\/Foto_858x1140_Fazioli_20252-1024x771.jpg 1024w, https:\/\/www.fazioli.com\/wp-content\/uploads\/2025\/09\/Foto_858x1140_Fazioli_20252-768x578.jpg 768w\" sizes=\"auto, (max-width: 1520px) 100vw, 1520px\" \/><\/a>\n<h4 class=\"pt-cv-title\"><a href=\"https:\/\/www.fazioli.com\/ru\/concerto_ch\/marc-andre-hamelin\/\" class=\"_self cvplbd\" target=\"_self\" >MARC-ANDR\u00c9 HAMELIN<\/a><\/h4>\n<div class=\"pt-cv-ctf-list\" data-cvc=\"1\"><div class=\"col-md-12 pt-cv-ctf-column\"><div class=\"pt-cv-custom-fields pt-cv-ctf-data_concerto\"><div class=\"pt-cv-ctf-value\">\u041f\u044f\u0442\u043d\u0438\u0446\u0430, 14 \u043d\u043e\u044f\u0431\u0440\u044f 2025 - 19:30<\/div><\/div><\/div><\/div><\/div><\/div>\n<div class=\"col-md-4 col-sm-6 col-xs-12 pt-cv-content-item pt-cv-1-col\"  data-pid=\"16341\"><div class='pt-cv-ifield'><a href=\"https:\/\/www.fazioli.com\/ru\/concerto_ch\/roberto-plano\/\" class=\"_self pt-cv-href-thumbnail pt-cv-thumb-default cvplbd\" target=\"_self\" ><img loading=\"lazy\" decoding=\"async\" width=\"1520\" height=\"1144\" src=\"https:\/\/www.fazioli.com\/wp-content\/uploads\/2025\/09\/Foto_858x1140_Fazioli_2025.jpg\" class=\"pt-cv-thumbnail img-none\" alt=\"ROBERTO PLANO\" srcset=\"https:\/\/www.fazioli.com\/wp-content\/uploads\/2025\/09\/Foto_858x1140_Fazioli_2025.jpg 1520w, https:\/\/www.fazioli.com\/wp-content\/uploads\/2025\/09\/Foto_858x1140_Fazioli_2025-300x226.jpg 300w, https:\/\/www.fazioli.com\/wp-content\/uploads\/2025\/09\/Foto_858x1140_Fazioli_2025-1024x771.jpg 1024w, https:\/\/www.fazioli.com\/wp-content\/uploads\/2025\/09\/Foto_858x1140_Fazioli_2025-768x578.jpg 768w\" sizes=\"auto, (max-width: 1520px) 100vw, 1520px\" \/><\/a>\n<h4 class=\"pt-cv-title\"><a href=\"https:\/\/www.fazioli.com\/ru\/concerto_ch\/roberto-plano\/\" class=\"_self cvplbd\" target=\"_self\" >ROBERTO PLANO<\/a><\/h4>\n<div class=\"pt-cv-ctf-list\" data-cvc=\"1\"><div class=\"col-md-12 pt-cv-ctf-column\"><div class=\"pt-cv-custom-fields pt-cv-ctf-data_concerto\"><div class=\"pt-cv-ctf-value\">\u041f\u044f\u0442\u043d\u0438\u0446\u0430, 28 \u043d\u043e\u044f\u0431\u0440\u044f 2025 - 19:30<\/div><\/div><\/div><\/div><\/div><\/div>\n<div class=\"col-md-4 col-sm-6 col-xs-12 pt-cv-content-item pt-cv-1-col\"  data-pid=\"16355\"><div class='pt-cv-ifield'><a href=\"https:\/\/www.fazioli.com\/ru\/concerto_ch\/arsenii-moon\/\" class=\"_self pt-cv-href-thumbnail pt-cv-thumb-default cvplbd\" target=\"_self\" ><img loading=\"lazy\" decoding=\"async\" width=\"1520\" height=\"1144\" src=\"https:\/\/www.fazioli.com\/wp-content\/uploads\/2025\/09\/Foto_858x1140_Fazioli_20253.jpg\" class=\"pt-cv-thumbnail img-none\" alt=\"ARSENII MOON\" srcset=\"https:\/\/www.fazioli.com\/wp-content\/uploads\/2025\/09\/Foto_858x1140_Fazioli_20253.jpg 1520w, https:\/\/www.fazioli.com\/wp-content\/uploads\/2025\/09\/Foto_858x1140_Fazioli_20253-300x226.jpg 300w, https:\/\/www.fazioli.com\/wp-content\/uploads\/2025\/09\/Foto_858x1140_Fazioli_20253-1024x771.jpg 1024w, https:\/\/www.fazioli.com\/wp-content\/uploads\/2025\/09\/Foto_858x1140_Fazioli_20253-768x578.jpg 768w\" sizes=\"auto, (max-width: 1520px) 100vw, 1520px\" \/><\/a>\n<h4 class=\"pt-cv-title\"><a href=\"https:\/\/www.fazioli.com\/ru\/concerto_ch\/arsenii-moon\/\" class=\"_self cvplbd\" target=\"_self\" >ARSENII MOON<\/a><\/h4>\n<div class=\"pt-cv-ctf-list\" data-cvc=\"1\"><div class=\"col-md-12 pt-cv-ctf-column\"><div class=\"pt-cv-custom-fields pt-cv-ctf-data_concerto\"><div class=\"pt-cv-ctf-value\">\u041f\u044f\u0442\u043d\u0438\u0446\u0430, 12 \u0434\u0435\u043a\u0430\u0431\u0440\u044f 2025 - 19:30<\/div><\/div><\/div><\/div><\/div><\/div>\n<div class=\"col-md-4 col-sm-6 col-xs-12 pt-cv-content-item pt-cv-1-col\"  data-pid=\"16369\"><div class='pt-cv-ifield'><a href=\"https:\/\/www.fazioli.com\/ru\/concerto_ch\/kate-liu\/\" class=\"_self pt-cv-href-thumbnail pt-cv-thumb-default cvplbd\" target=\"_self\" ><img loading=\"lazy\" decoding=\"async\" width=\"1520\" height=\"1144\" src=\"https:\/\/www.fazioli.com\/wp-content\/uploads\/2025\/09\/Foto_858x1140_Fazioli_202510.jpg\" class=\"pt-cv-thumbnail img-none\" alt=\"KATE LIU\" srcset=\"https:\/\/www.fazioli.com\/wp-content\/uploads\/2025\/09\/Foto_858x1140_Fazioli_202510.jpg 1520w, https:\/\/www.fazioli.com\/wp-content\/uploads\/2025\/09\/Foto_858x1140_Fazioli_202510-300x226.jpg 300w, https:\/\/www.fazioli.com\/wp-content\/uploads\/2025\/09\/Foto_858x1140_Fazioli_202510-1024x771.jpg 1024w, https:\/\/www.fazioli.com\/wp-content\/uploads\/2025\/09\/Foto_858x1140_Fazioli_202510-768x578.jpg 768w\" sizes=\"auto, (max-width: 1520px) 100vw, 1520px\" \/><\/a>\n<h4 class=\"pt-cv-title\"><a href=\"https:\/\/www.fazioli.com\/ru\/concerto_ch\/kate-liu\/\" class=\"_self cvplbd\" target=\"_self\" >KATE LIU<\/a><\/h4>\n<div class=\"pt-cv-ctf-list\" data-cvc=\"1\"><div class=\"col-md-12 pt-cv-ctf-column\"><div class=\"pt-cv-custom-fields pt-cv-ctf-data_concerto\"><div class=\"pt-cv-ctf-value\">\u041f\u044f\u0442\u043d\u0438\u0446\u0430, 09 \u044f\u043d\u0432\u0430\u0440\u044f 2026 - 19:30<\/div><\/div><\/div><\/div><\/div><\/div>\n<div class=\"col-md-4 col-sm-6 col-xs-12 pt-cv-content-item pt-cv-1-col\"  data-pid=\"16383\"><div class='pt-cv-ifield'><a href=\"https:\/\/www.fazioli.com\/ru\/concerto_ch\/inna-faliks\/\" class=\"_self pt-cv-href-thumbnail pt-cv-thumb-default cvplbd\" target=\"_self\" ><img loading=\"lazy\" decoding=\"async\" width=\"1140\" height=\"858\" src=\"https:\/\/www.fazioli.com\/wp-content\/uploads\/2025\/09\/Foto_858x1140_Fazioli_20255.jpg\" class=\"pt-cv-thumbnail img-none\" alt=\"INNA FALIKS\" srcset=\"https:\/\/www.fazioli.com\/wp-content\/uploads\/2025\/09\/Foto_858x1140_Fazioli_20255.jpg 1140w, https:\/\/www.fazioli.com\/wp-content\/uploads\/2025\/09\/Foto_858x1140_Fazioli_20255-300x226.jpg 300w, https:\/\/www.fazioli.com\/wp-content\/uploads\/2025\/09\/Foto_858x1140_Fazioli_20255-1024x771.jpg 1024w, https:\/\/www.fazioli.com\/wp-content\/uploads\/2025\/09\/Foto_858x1140_Fazioli_20255-768x578.jpg 768w\" sizes=\"auto, (max-width: 1140px) 100vw, 1140px\" \/><\/a>\n<h4 class=\"pt-cv-title\"><a href=\"https:\/\/www.fazioli.com\/ru\/concerto_ch\/inna-faliks\/\" class=\"_self cvplbd\" target=\"_self\" >INNA FALIKS<\/a><\/h4>\n<div class=\"pt-cv-ctf-list\" data-cvc=\"1\"><div class=\"col-md-12 pt-cv-ctf-column\"><div class=\"pt-cv-custom-fields pt-cv-ctf-data_concerto\"><div class=\"pt-cv-ctf-value\">\u041f\u044f\u0442\u043d\u0438\u0446\u0430, 30 \u044f\u043d\u0432\u0430\u0440\u044f 2026 - 19:30<\/div><\/div><\/div><\/div><\/div><\/div>\n<div class=\"col-md-4 col-sm-6 col-xs-12 pt-cv-content-item pt-cv-1-col\"  data-pid=\"16398\"><div class='pt-cv-ifield'><a href=\"https:\/\/www.fazioli.com\/ru\/concerto_ch\/boris-giltburg-3\/\" class=\"_self pt-cv-href-thumbnail pt-cv-thumb-default cvplbd\" target=\"_self\" ><img loading=\"lazy\" decoding=\"async\" width=\"1520\" height=\"1144\" src=\"https:\/\/www.fazioli.com\/wp-content\/uploads\/2025\/09\/Foto_858x1140_Fazioli_20256.jpg\" class=\"pt-cv-thumbnail img-none\" alt=\"BORIS GILTBURG\" srcset=\"https:\/\/www.fazioli.com\/wp-content\/uploads\/2025\/09\/Foto_858x1140_Fazioli_20256.jpg 1520w, https:\/\/www.fazioli.com\/wp-content\/uploads\/2025\/09\/Foto_858x1140_Fazioli_20256-300x226.jpg 300w, https:\/\/www.fazioli.com\/wp-content\/uploads\/2025\/09\/Foto_858x1140_Fazioli_20256-1024x771.jpg 1024w, https:\/\/www.fazioli.com\/wp-content\/uploads\/2025\/09\/Foto_858x1140_Fazioli_20256-768x578.jpg 768w\" sizes=\"auto, (max-width: 1520px) 100vw, 1520px\" \/><\/a>\n<h4 class=\"pt-cv-title\"><a href=\"https:\/\/www.fazioli.com\/ru\/concerto_ch\/boris-giltburg-3\/\" class=\"_self cvplbd\" target=\"_self\" >BORIS GILTBURG<\/a><\/h4>\n<div class=\"pt-cv-ctf-list\" data-cvc=\"1\"><div class=\"col-md-12 pt-cv-ctf-column\"><div class=\"pt-cv-custom-fields pt-cv-ctf-data_concerto\"><div class=\"pt-cv-ctf-value\">\u041f\u044f\u0442\u043d\u0438\u0446\u0430, 13 \u0444\u0435\u0432\u0440\u0430\u043b\u044f 2026 - 19:30<\/div><\/div><\/div><\/div><\/div><\/div>\n<div class=\"col-md-4 col-sm-6 col-xs-12 pt-cv-content-item pt-cv-1-col\"  data-pid=\"16412\"><div class='pt-cv-ifield'><a href=\"https:\/\/www.fazioli.com\/ru\/concerto_ch\/martin-garcia-garcia\/\" class=\"_self pt-cv-href-thumbnail pt-cv-thumb-default cvplbd\" target=\"_self\" ><img loading=\"lazy\" decoding=\"async\" width=\"1520\" height=\"1144\" src=\"https:\/\/www.fazioli.com\/wp-content\/uploads\/2025\/09\/Foto_858x1140_Fazioli_20257.jpg\" class=\"pt-cv-thumbnail img-none\" alt=\"MART\u00cdN GARC\u00cdA GARC\u00cdA\" srcset=\"https:\/\/www.fazioli.com\/wp-content\/uploads\/2025\/09\/Foto_858x1140_Fazioli_20257.jpg 1520w, https:\/\/www.fazioli.com\/wp-content\/uploads\/2025\/09\/Foto_858x1140_Fazioli_20257-300x226.jpg 300w, https:\/\/www.fazioli.com\/wp-content\/uploads\/2025\/09\/Foto_858x1140_Fazioli_20257-1024x771.jpg 1024w, https:\/\/www.fazioli.com\/wp-content\/uploads\/2025\/09\/Foto_858x1140_Fazioli_20257-768x578.jpg 768w\" sizes=\"auto, (max-width: 1520px) 100vw, 1520px\" \/><\/a>\n<h4 class=\"pt-cv-title\"><a href=\"https:\/\/www.fazioli.com\/ru\/concerto_ch\/martin-garcia-garcia\/\" class=\"_self cvplbd\" target=\"_self\" >MART\u00cdN GARC\u00cdA GARC\u00cdA<\/a><\/h4>\n<div class=\"pt-cv-ctf-list\" data-cvc=\"1\"><div class=\"col-md-12 pt-cv-ctf-column\"><div class=\"pt-cv-custom-fields pt-cv-ctf-data_concerto\"><div class=\"pt-cv-ctf-value\">\u041f\u044f\u0442\u043d\u0438\u0446\u0430, 27 \u0444\u0435\u0432\u0440\u0430\u043b\u044f 2026 - 19:30<\/div><\/div><\/div><\/div><\/div><\/div>\n<div class=\"col-md-4 col-sm-6 col-xs-12 pt-cv-content-item pt-cv-1-col\"  data-pid=\"16426\"><div class='pt-cv-ifield'><a href=\"https:\/\/www.fazioli.com\/ru\/concerto_ch\/fazil-say\/\" class=\"_self pt-cv-href-thumbnail pt-cv-thumb-default cvplbd\" target=\"_self\" ><img loading=\"lazy\" decoding=\"async\" width=\"1520\" height=\"1144\" src=\"https:\/\/www.fazioli.com\/wp-content\/uploads\/2025\/09\/Foto_858x1140_Fazioli_20259.jpg\" class=\"pt-cv-thumbnail img-none\" alt=\"FAZIL SAY\" srcset=\"https:\/\/www.fazioli.com\/wp-content\/uploads\/2025\/09\/Foto_858x1140_Fazioli_20259.jpg 1520w, https:\/\/www.fazioli.com\/wp-content\/uploads\/2025\/09\/Foto_858x1140_Fazioli_20259-300x226.jpg 300w, https:\/\/www.fazioli.com\/wp-content\/uploads\/2025\/09\/Foto_858x1140_Fazioli_20259-1024x771.jpg 1024w, https:\/\/www.fazioli.com\/wp-content\/uploads\/2025\/09\/Foto_858x1140_Fazioli_20259-768x578.jpg 768w\" sizes=\"auto, (max-width: 1520px) 100vw, 1520px\" \/><\/a>\n<h4 class=\"pt-cv-title\"><a href=\"https:\/\/www.fazioli.com\/ru\/concerto_ch\/fazil-say\/\" class=\"_self cvplbd\" target=\"_self\" >FAZIL SAY<\/a><\/h4>\n<div class=\"pt-cv-ctf-list\" data-cvc=\"1\"><div class=\"col-md-12 pt-cv-ctf-column\"><div class=\"pt-cv-custom-fields pt-cv-ctf-data_concerto\"><div class=\"pt-cv-ctf-value\">\u041f\u044f\u0442\u043d\u0438\u0446\u0430, 13 \u043c\u0430\u0440\u0442\u0430 2026 - 19:30<\/div><\/div><\/div><\/div><\/div><\/div>\n<div class=\"col-md-4 col-sm-6 col-xs-12 pt-cv-content-item pt-cv-1-col\"  data-pid=\"16441\"><div class='pt-cv-ifield'><a href=\"https:\/\/www.fazioli.com\/ru\/concerto_ch\/dang-thai-son\/\" class=\"_self pt-cv-href-thumbnail pt-cv-thumb-default cvplbd\" target=\"_self\" ><img loading=\"lazy\" decoding=\"async\" width=\"1520\" height=\"1144\" src=\"https:\/\/www.fazioli.com\/wp-content\/uploads\/2025\/09\/Foto_858x1140_Fazioli_20258.jpg\" class=\"pt-cv-thumbnail img-none\" alt=\"DANG THAI SON\" srcset=\"https:\/\/www.fazioli.com\/wp-content\/uploads\/2025\/09\/Foto_858x1140_Fazioli_20258.jpg 1520w, https:\/\/www.fazioli.com\/wp-content\/uploads\/2025\/09\/Foto_858x1140_Fazioli_20258-300x226.jpg 300w, https:\/\/www.fazioli.com\/wp-content\/uploads\/2025\/09\/Foto_858x1140_Fazioli_20258-1024x771.jpg 1024w, https:\/\/www.fazioli.com\/wp-content\/uploads\/2025\/09\/Foto_858x1140_Fazioli_20258-768x578.jpg 768w\" sizes=\"auto, (max-width: 1520px) 100vw, 1520px\" \/><\/a>\n<h4 class=\"pt-cv-title\"><a href=\"https:\/\/www.fazioli.com\/ru\/concerto_ch\/dang-thai-son\/\" class=\"_self cvplbd\" target=\"_self\" >DANG THAI SON<\/a><\/h4>\n<div class=\"pt-cv-ctf-list\" data-cvc=\"1\"><div class=\"col-md-12 pt-cv-ctf-column\"><div class=\"pt-cv-custom-fields pt-cv-ctf-data_concerto\"><div class=\"pt-cv-ctf-value\">\u041f\u044f\u0442\u043d\u0438\u0446\u0430, 27 \u043c\u0430\u0440\u0442\u0430 2026 - 19:30<\/div><\/div><\/div><\/div><\/div><\/div><\/div><\/div><\/div>\t\t\t<style type=\"text\/css\" id=\"pt-cv-inline-style-13be0e75dx\">#pt-cv-view-0bcbe0cikf .pt-cv-title a, #pt-cv-view-0bcbe0cikf  .panel-title { display: block !important; text-align: center !important; clear: both !important; }\n#pt-cv-view-0bcbe0cikf .pt-cv-custom-fields * { margin-left: auto !important; margin-right: auto !important; display: block !important; text-align: center !important; clear: both !important; }\n#pt-cv-view-0bcbe0cikf .pt-cv-readmore  { color: #ffffff !important; background-color: #00aeef !important; }\n#pt-cv-view-0bcbe0cikf .pt-cv-readmore:hover  { color: #ffffff !important; background-color: #00aeef !important; }<\/style>\r\n\t\t\t\n","protected":false},"excerpt":{"rendered":"","protected":false},"author":1,"featured_media":0,"parent":0,"menu_order":0,"comment_status":"closed","ping_status":"closed","template":"","meta":{"_acf_changed":false,"inline_featured_image":false,"footnotes":""},"class_list":["post-11801","page","type-page","status-publish","hentry"],"acf":[],"_links":{"self":[{"href":"https:\/\/www.fazioli.com\/ru\/wp-json\/wp\/v2\/pages\/11801","targetHints":{"allow":["GET"]}}],"collection":[{"href":"https:\/\/www.fazioli.com\/ru\/wp-json\/wp\/v2\/pages"}],"about":[{"href":"https:\/\/www.fazioli.com\/ru\/wp-json\/wp\/v2\/types\/page"}],"author":[{"embeddable":true,"href":"https:\/\/www.fazioli.com\/ru\/wp-json\/wp\/v2\/users\/1"}],"replies":[{"embeddable":true,"href":"https:\/\/www.fazioli.com\/ru\/wp-json\/wp\/v2\/comments?post=11801"}],"version-history":[{"count":1,"href":"https:\/\/www.fazioli.com\/ru\/wp-json\/wp\/v2\/pages\/11801\/revisions"}],"predecessor-version":[{"id":11802,"href":"https:\/\/www.fazioli.com\/ru\/wp-json\/wp\/v2\/pages\/11801\/revisions\/11802"}],"wp:attachment":[{"href":"https:\/\/www.fazioli.com\/ru\/wp-json\/wp\/v2\/media?parent=11801"}],"curies":[{"name":"wp","href":"https:\/\/api.w.org\/{rel}","templated":true}]}}