{"id":11813,"date":"2022-08-30T09:51:14","date_gmt":"2022-08-30T07:51:14","guid":{"rendered":"http:\/\/www.fazioli.com\/?page_id=11813"},"modified":"2022-08-31T10:35:04","modified_gmt":"2022-08-31T08:35:04","slug":"%d0%b0%d1%80%d1%85%d0%b8%d0%b2","status":"publish","type":"page","link":"https:\/\/www.fazioli.com\/ru\/%d0%b0%d1%80%d1%85%d0%b8%d0%b2\/","title":{"rendered":"\u0430\u0440\u0445\u0438\u0432"},"content":{"rendered":"<div class=\"pt-cv-wrapper\"><div class=\"cvp-live-filter cvp-dropdown \" id=\"\" data-name=\"tx_stagione_ch\" data-sid=\"c49c103qdb\" data-isblock=\"\" data-postid=\"\"><label class=\"cvp-label\">Select season<\/label><select name=\"tx_stagione_ch\"><option value=\"\">All seasons<\/option><option value=\"2005-06-ru\" >\u043a\u043e\u043d\u0446\u0435\u0440\u0442\u043d\u044b\u0439 \u0441\u0435\u0437\u043e\u043d 2005-06<\/option><option value=\"2006-07-ru\" >\u043a\u043e\u043d\u0446\u0435\u0440\u0442\u043d\u044b\u0439 \u0441\u0435\u0437\u043e\u043d 2006-07<\/option><option value=\"2007-08-ru\" >\u043a\u043e\u043d\u0446\u0435\u0440\u0442\u043d\u044b\u0439 \u0441\u0435\u0437\u043e\u043d 2007-08<\/option><option value=\"2008-09-ru\" >\u043a\u043e\u043d\u0446\u0435\u0440\u0442\u043d\u044b\u0439 \u0441\u0435\u0437\u043e\u043d 2008-09<\/option><option value=\"2009-10-ru\" >\u043a\u043e\u043d\u0446\u0435\u0440\u0442\u043d\u044b\u0439 \u0441\u0435\u0437\u043e\u043d 2009-10<\/option><option value=\"2010-11-ru\" >\u043a\u043e\u043d\u0446\u0435\u0440\u0442\u043d\u044b\u0439 \u0441\u0435\u0437\u043e\u043d 2010-11<\/option><option value=\"2011-12-ru\" >\u043a\u043e\u043d\u0446\u0435\u0440\u0442\u043d\u044b\u0439 \u0441\u0435\u0437\u043e\u043d 2011-12<\/option><option value=\"2012-13-ru\" >\u043a\u043e\u043d\u0446\u0435\u0440\u0442\u043d\u044b\u0439 \u0441\u0435\u0437\u043e\u043d 2012-13<\/option><option value=\"2013-14-ru\" >\u043a\u043e\u043d\u0446\u0435\u0440\u0442\u043d\u044b\u0439 \u0441\u0435\u0437\u043e\u043d 2013-14<\/option><option value=\"2014-15-ru\" >\u043a\u043e\u043d\u0446\u0435\u0440\u0442\u043d\u044b\u0439 \u0441\u0435\u0437\u043e\u043d 2014-15<\/option><option value=\"2015-16-ru\" >\u043a\u043e\u043d\u0446\u0435\u0440\u0442\u043d\u044b\u0439 \u0441\u0435\u0437\u043e\u043d 2015-16<\/option><option value=\"2016-17-ru\" >\u043a\u043e\u043d\u0446\u0435\u0440\u0442\u043d\u044b\u0439 \u0441\u0435\u0437\u043e\u043d 2016-17<\/option><option value=\"2017-18-ru\" >\u043a\u043e\u043d\u0446\u0435\u0440\u0442\u043d\u044b\u0439 \u0441\u0435\u0437\u043e\u043d 2017-18<\/option><option value=\"2018-19-ru\" >\u043a\u043e\u043d\u0446\u0435\u0440\u0442\u043d\u044b\u0439 \u0441\u0435\u0437\u043e\u043d 2018-19<\/option><option value=\"2019-20-ru\" >\u043a\u043e\u043d\u0446\u0435\u0440\u0442\u043d\u044b\u0439 \u0441\u0435\u0437\u043e\u043d 2019-20<\/option><option value=\"2020-21-ru\" >\u043a\u043e\u043d\u0446\u0435\u0440\u0442\u043d\u044b\u0439 \u0441\u0435\u0437\u043e\u043d 2020-21<\/option><option value=\"2021-22-ru\" >\u043a\u043e\u043d\u0446\u0435\u0440\u0442\u043d\u044b\u0439 \u0441\u0435\u0437\u043e\u043d 2021-22<\/option><option value=\"%d0%ba%d0%be%d0%bd%d1%86%d0%b5%d1%80%d1%82%d0%bd%d1%8b%d0%b9-%d1%81%d0%b5%d0%b7%d0%be%d0%bd-2022-23\" >\u043a\u043e\u043d\u0446\u0435\u0440\u0442\u043d\u044b\u0439 \u0441\u0435\u0437\u043e\u043d 2022-23<\/option><option value=\"%d0%ba%d0%be%d0%bd%d1%86%d0%b5%d1%80%d1%82%d0%bd%d1%8b%d0%b9-%d1%81%d0%b5%d0%b7%d0%be%d0%bd-2023-24-ru\" >\u043a\u043e\u043d\u0446\u0435\u0440\u0442\u043d\u044b\u0439 \u0441\u0435\u0437\u043e\u043d 2023-24<\/option><option value=\"season-2024-25-ru\" >\u043a\u043e\u043d\u0446\u0435\u0440\u0442\u043d\u044b\u0439 \u0441\u0435\u0437\u043e\u043d 2024-25<\/option><option value=\"%d0%ba%d0%be%d0%bd%d1%86%d0%b5%d1%80%d1%82%d0%bd%d1%8b%d0%b9-%d1%81%d0%b5%d0%b7%d0%be%d0%bd-2024-25\" >\u043a\u043e\u043d\u0446\u0435\u0440\u0442\u043d\u044b\u0439 \u0441\u0435\u0437\u043e\u043d 2024-25<\/option><option value=\"%d0%ba%d0%be%d0%bd%d1%86%d0%b5%d1%80%d1%82%d0%bd%d1%8b%d0%b9-%d1%81%d0%b5%d0%b7%d0%be%d0%bd-2025-26\" >\u043a\u043e\u043d\u0446\u0435\u0440\u0442\u043d\u044b\u0439 \u0441\u0435\u0437\u043e\u043d 2025-26<\/option><\/select><\/div><div class=\"pt-cv-view pt-cv-grid pt-cv-colsys cvp-lfres\" id=\"pt-cv-view-c49c103qdb\"><div data-id=\"pt-cv-page-1\" class=\"pt-cv-page\" data-cvc=\"3\"><div class=\"col-md-4 col-sm-6 col-xs-12 pt-cv-content-item pt-cv-1-col\"  data-pid=\"5592\"><div class='pt-cv-ifield'><a href=\"\" class=\"pt-cv-none pt-cv-href-thumbnail pt-cv-thumb-default cvplbd\" target=\"pt-cv-none\" ><img loading=\"lazy\" decoding=\"async\" width=\"1140\" height=\"858\" src=\"https:\/\/www.fazioli.com\/wp-content\/uploads\/2021\/12\/sito_1140x858_armellini.png\" class=\"pt-cv-thumbnail img-none skip-lazy \" alt=\"Leonora Armellini\" \/><\/a>\n<h4 class=\"pt-cv-title\"><a href=\"\" class=\"pt-cv-none cvplbd\" target=\"pt-cv-none\" >LEONORA ARMELLINI<\/a><\/h4><\/div><\/div>\n<div class=\"col-md-4 col-sm-6 col-xs-12 pt-cv-content-item pt-cv-1-col\"  data-pid=\"5598\"><div class='pt-cv-ifield'><a href=\"\" class=\"pt-cv-none pt-cv-href-thumbnail pt-cv-thumb-default cvplbd\" target=\"pt-cv-none\" ><img loading=\"lazy\" decoding=\"async\" width=\"1140\" height=\"858\" src=\"https:\/\/www.fazioli.com\/wp-content\/uploads\/2021\/12\/sito_1140x858_kholodenko.png\" class=\"pt-cv-thumbnail img-none skip-lazy \" alt=\"Vadym Kholodenko\" \/><\/a>\n<h4 class=\"pt-cv-title\"><a href=\"\" class=\"pt-cv-none cvplbd\" target=\"pt-cv-none\" >VADYM KHOLODENKO<\/a><\/h4><\/div><\/div>\n<div class=\"col-md-4 col-sm-6 col-xs-12 pt-cv-content-item pt-cv-1-col\"  data-pid=\"5604\"><div class='pt-cv-ifield'><a href=\"\" class=\"pt-cv-none pt-cv-href-thumbnail pt-cv-thumb-default cvplbd\" target=\"pt-cv-none\" ><img loading=\"lazy\" decoding=\"async\" width=\"1140\" height=\"858\" src=\"https:\/\/www.fazioli.com\/wp-content\/uploads\/2021\/12\/sito_1140x858_garcia_garcia.png\" class=\"pt-cv-thumbnail img-none skip-lazy \" alt=\"MART\u00cdN GARC\u00cdA GARC\u00cdA\" \/><\/a>\n<h4 class=\"pt-cv-title\"><a href=\"\" class=\"pt-cv-none cvplbd\" target=\"pt-cv-none\" >MART\u00cdN GARC\u00cdA GARC\u00cdA<\/a><\/h4><\/div><\/div>\n<div class=\"col-md-4 col-sm-6 col-xs-12 pt-cv-content-item pt-cv-1-col\"  data-pid=\"5610\"><div class='pt-cv-ifield'><a href=\"\" class=\"pt-cv-none pt-cv-href-thumbnail pt-cv-thumb-default cvplbd\" target=\"pt-cv-none\" ><img loading=\"lazy\" decoding=\"async\" width=\"1140\" height=\"858\" src=\"https:\/\/www.fazioli.com\/wp-content\/uploads\/2021\/12\/sito_1140x858_vacatello_0.png\" class=\"pt-cv-thumbnail img-none skip-lazy \" alt=\"Mariangela Vacatello\" \/><\/a>\n<h4 class=\"pt-cv-title\"><a href=\"\" class=\"pt-cv-none cvplbd\" target=\"pt-cv-none\" >MARIANGELA VACATELLO<\/a><\/h4><\/div><\/div>\n<div class=\"col-md-4 col-sm-6 col-xs-12 pt-cv-content-item pt-cv-1-col\"  data-pid=\"5651\"><div class='pt-cv-ifield'><a href=\"\" class=\"pt-cv-none pt-cv-href-thumbnail pt-cv-thumb-default cvplbd\" target=\"pt-cv-none\" ><img loading=\"lazy\" decoding=\"async\" width=\"1375\" height=\"1035\" src=\"https:\/\/www.fazioli.com\/wp-content\/uploads\/2022\/02\/sito_1375x1035_annullo_lortie_en_3.jpg\" class=\"pt-cv-thumbnail img-none skip-lazy \" alt=\"sito_1375x1035_annullo_lortie_en\" \/><\/a>\n<h4 class=\"pt-cv-title\"><a href=\"\" class=\"pt-cv-none cvplbd\" target=\"pt-cv-none\" >LOUIS LORTIE<\/a><\/h4><\/div><\/div>\n<div class=\"col-md-4 col-sm-6 col-xs-12 pt-cv-content-item pt-cv-1-col\"  data-pid=\"5664\"><div class='pt-cv-ifield'><a href=\"\" class=\"pt-cv-none pt-cv-href-thumbnail pt-cv-thumb-default cvplbd\" target=\"pt-cv-none\" ><img loading=\"lazy\" decoding=\"async\" width=\"1140\" height=\"858\" src=\"https:\/\/www.fazioli.com\/wp-content\/uploads\/2021\/12\/sito_1140x858_berman.png\" class=\"pt-cv-thumbnail img-none skip-lazy \" alt=\"Boris Berman\" \/><\/a>\n<h4 class=\"pt-cv-title\"><a href=\"\" class=\"pt-cv-none cvplbd\" target=\"pt-cv-none\" >BORIS BERMAN<\/a><\/h4><\/div><\/div>\n<div class=\"col-md-4 col-sm-6 col-xs-12 pt-cv-content-item pt-cv-1-col\"  data-pid=\"5670\"><div class='pt-cv-ifield'><a href=\"\" class=\"pt-cv-none pt-cv-href-thumbnail pt-cv-thumb-default cvplbd\" target=\"pt-cv-none\" ><img loading=\"lazy\" decoding=\"async\" width=\"1140\" height=\"858\" src=\"https:\/\/www.fazioli.com\/wp-content\/uploads\/2021\/12\/sito_1140x858_giltburg.png\" class=\"pt-cv-thumbnail img-none skip-lazy \" alt=\"Boris Giltburg\" \/><\/a>\n<h4 class=\"pt-cv-title\"><a href=\"\" class=\"pt-cv-none cvplbd\" target=\"pt-cv-none\" >BORIS GILTBURG<\/a><\/h4><\/div><\/div>\n<div class=\"col-md-4 col-sm-6 col-xs-12 pt-cv-content-item pt-cv-1-col\"  data-pid=\"5676\"><div class='pt-cv-ifield'><a href=\"\" class=\"pt-cv-none pt-cv-href-thumbnail pt-cv-thumb-default cvplbd\" target=\"pt-cv-none\" ><img loading=\"lazy\" decoding=\"async\" width=\"1140\" height=\"858\" src=\"https:\/\/www.fazioli.com\/wp-content\/uploads\/2021\/12\/sito_1140x858_taverna.png\" class=\"pt-cv-thumbnail img-none skip-lazy \" alt=\"Alessandro Taverna\" \/><\/a>\n<h4 class=\"pt-cv-title\"><a href=\"\" class=\"pt-cv-none cvplbd\" target=\"pt-cv-none\" >ALESSANDRO TAVERNA<\/a><\/h4><\/div><\/div>\n<div class=\"col-md-4 col-sm-6 col-xs-12 pt-cv-content-item pt-cv-1-col\"  data-pid=\"5682\"><div class='pt-cv-ifield'><a href=\"\" class=\"pt-cv-none pt-cv-href-thumbnail pt-cv-thumb-default cvplbd\" target=\"pt-cv-none\" ><img loading=\"lazy\" decoding=\"async\" width=\"1140\" height=\"858\" src=\"https:\/\/www.fazioli.com\/wp-content\/uploads\/2021\/12\/sito_1140x858_plano.png\" class=\"pt-cv-thumbnail img-none skip-lazy \" alt=\"Roberto Plano\" \/><\/a>\n<h4 class=\"pt-cv-title\"><a href=\"\" class=\"pt-cv-none cvplbd\" target=\"pt-cv-none\" >ROBERTO PLANO<\/a><\/h4><\/div><\/div>\n<div class=\"col-md-4 col-sm-6 col-xs-12 pt-cv-content-item pt-cv-1-col\"  data-pid=\"5688\"><div class='pt-cv-ifield'><a href=\"\" class=\"pt-cv-none pt-cv-href-thumbnail pt-cv-thumb-default cvplbd\" target=\"pt-cv-none\" ><img loading=\"lazy\" decoding=\"async\" width=\"1140\" height=\"858\" src=\"https:\/\/www.fazioli.com\/wp-content\/uploads\/2021\/12\/sito_1140x858_cepoveckis_schirmer.png\" class=\"pt-cv-thumbnail img-none skip-lazy \" alt=\"sito_1140x858_cepoveckis_schirmer\" \/><\/a>\n<h4 class=\"pt-cv-title\"><a href=\"\" class=\"pt-cv-none cvplbd\" target=\"pt-cv-none\" >JEVG\u0112NIJS \u010cEPOVECKIS &#8212; MARKUS SCHIRMER<\/a><\/h4><\/div><\/div>\n<div class=\"col-md-4 col-sm-6 col-xs-12 pt-cv-content-item pt-cv-1-col\"  data-pid=\"12246\"><div class='pt-cv-ifield'><a href=\"\" class=\"pt-cv-none pt-cv-href-thumbnail pt-cv-thumb-default cvplbd\" target=\"pt-cv-none\" ><img loading=\"lazy\" decoding=\"async\" width=\"1140\" height=\"858\" src=\"https:\/\/www.fazioli.com\/wp-content\/uploads\/2022\/09\/Bruce_LIU.png\" class=\"pt-cv-thumbnail img-none skip-lazy \" alt=\"Fazioli Concert Hall \/ Bruce Liu\" \/><\/a>\n<h4 class=\"pt-cv-title\"><a href=\"\" class=\"pt-cv-none cvplbd\" target=\"pt-cv-none\" >BRUCE LIU<\/a><\/h4><\/div><\/div>\n<div class=\"col-md-4 col-sm-6 col-xs-12 pt-cv-content-item pt-cv-1-col\"  data-pid=\"12261\"><div class='pt-cv-ifield'><a href=\"\" class=\"pt-cv-none pt-cv-href-thumbnail pt-cv-thumb-default cvplbd\" target=\"pt-cv-none\" ><img loading=\"lazy\" decoding=\"async\" width=\"1140\" height=\"858\" src=\"https:\/\/www.fazioli.com\/wp-content\/uploads\/2022\/09\/SO.png\" class=\"pt-cv-thumbnail img-none skip-lazy \" alt=\"Fazioli Concert Hall \/ Ernest So\" \/><\/a>\n<h4 class=\"pt-cv-title\"><a href=\"\" class=\"pt-cv-none cvplbd\" target=\"pt-cv-none\" >ERNEST SO<\/a><\/h4><\/div><\/div>\n<div class=\"col-md-4 col-sm-6 col-xs-12 pt-cv-content-item pt-cv-1-col\"  data-pid=\"12275\"><div class='pt-cv-ifield'><a href=\"\" class=\"pt-cv-none pt-cv-href-thumbnail pt-cv-thumb-default cvplbd\" target=\"pt-cv-none\" ><img loading=\"lazy\" decoding=\"async\" width=\"1140\" height=\"858\" src=\"https:\/\/www.fazioli.com\/wp-content\/uploads\/2022\/09\/LORTIE.png\" class=\"pt-cv-thumbnail img-none skip-lazy \" alt=\"Fazioli Concert Hall \/ Luis Lortie\" \/><\/a>\n<h4 class=\"pt-cv-title\"><a href=\"\" class=\"pt-cv-none cvplbd\" target=\"pt-cv-none\" >LOUIS LORTIE<\/a><\/h4><\/div><\/div>\n<div class=\"col-md-4 col-sm-6 col-xs-12 pt-cv-content-item pt-cv-1-col\"  data-pid=\"12306\"><div class='pt-cv-ifield'><a href=\"\" class=\"pt-cv-none pt-cv-href-thumbnail pt-cv-thumb-default cvplbd\" target=\"pt-cv-none\" ><img loading=\"lazy\" decoding=\"async\" width=\"1140\" height=\"858\" src=\"https:\/\/www.fazioli.com\/wp-content\/uploads\/2022\/09\/LI.png\" class=\"pt-cv-thumbnail img-none skip-lazy \" alt=\"Fazioli Concert Hall \/ Ying LI\" \/><\/a>\n<h4 class=\"pt-cv-title\"><a href=\"\" class=\"pt-cv-none cvplbd\" target=\"pt-cv-none\" >YING LI<\/a><\/h4><\/div><\/div>\n<div class=\"col-md-4 col-sm-6 col-xs-12 pt-cv-content-item pt-cv-1-col\"  data-pid=\"12320\"><div class='pt-cv-ifield'><a href=\"\" class=\"pt-cv-none pt-cv-href-thumbnail pt-cv-thumb-default cvplbd\" target=\"pt-cv-none\" ><img loading=\"lazy\" decoding=\"async\" width=\"1140\" height=\"858\" src=\"https:\/\/www.fazioli.com\/wp-content\/uploads\/2022\/09\/FILIPEC.png\" class=\"pt-cv-thumbnail img-none skip-lazy \" alt=\"Fazioli Concert Hall \/ Goran Filipec\" \/><\/a>\n<h4 class=\"pt-cv-title\"><a href=\"\" class=\"pt-cv-none cvplbd\" target=\"pt-cv-none\" >GORAN FILIPEC<\/a><\/h4><\/div><\/div>\n<div class=\"col-md-4 col-sm-6 col-xs-12 pt-cv-content-item pt-cv-1-col\"  data-pid=\"12334\"><div class='pt-cv-ifield'><a href=\"\" class=\"pt-cv-none pt-cv-href-thumbnail pt-cv-thumb-default cvplbd\" target=\"pt-cv-none\" ><img loading=\"lazy\" decoding=\"async\" width=\"1140\" height=\"858\" src=\"https:\/\/www.fazioli.com\/wp-content\/uploads\/2022\/09\/WANG.png\" class=\"pt-cv-thumbnail img-none skip-lazy \" alt=\"Fazioli Concert Hall \/ Derek Wang\" \/><\/a>\n<h4 class=\"pt-cv-title\"><a href=\"\" class=\"pt-cv-none cvplbd\" target=\"pt-cv-none\" >DEREK WANG<\/a><\/h4><\/div><\/div>\n<div class=\"col-md-4 col-sm-6 col-xs-12 pt-cv-content-item pt-cv-1-col\"  data-pid=\"12348\"><div class='pt-cv-ifield'><a href=\"\" class=\"pt-cv-none pt-cv-href-thumbnail pt-cv-thumb-default cvplbd\" target=\"pt-cv-none\" ><img loading=\"lazy\" decoding=\"async\" width=\"1140\" height=\"858\" src=\"https:\/\/www.fazioli.com\/wp-content\/uploads\/2022\/09\/MOUZA.png\" class=\"pt-cv-thumbnail img-none skip-lazy \" alt=\"Fazioli Concert Hall \/ Alexia Mouza\" \/><\/a>\n<h4 class=\"pt-cv-title\"><a href=\"\" class=\"pt-cv-none cvplbd\" target=\"pt-cv-none\" >ALEXIA MOUZA<\/a><\/h4><\/div><\/div>\n<div class=\"col-md-4 col-sm-6 col-xs-12 pt-cv-content-item pt-cv-1-col\"  data-pid=\"12362\"><div class='pt-cv-ifield'><a href=\"\" class=\"pt-cv-none pt-cv-href-thumbnail pt-cv-thumb-default cvplbd\" target=\"pt-cv-none\" ><img loading=\"lazy\" decoding=\"async\" width=\"1140\" height=\"858\" src=\"https:\/\/www.fazioli.com\/wp-content\/uploads\/2022\/09\/FRANCOIS-YANG.png\" class=\"pt-cv-thumbnail img-none skip-lazy \" alt=\"Fazioli Concert Hall \/ Marie Fran\u00e7ois - Tony Like Yang\" \/><\/a>\n<h4 class=\"pt-cv-title\"><a href=\"\" class=\"pt-cv-none cvplbd\" target=\"pt-cv-none\" >MARIE FRAN\u00c7OIS \/ TONY YIKE YANG<\/a><\/h4><\/div><\/div>\n<div class=\"col-md-4 col-sm-6 col-xs-12 pt-cv-content-item pt-cv-1-col\"  data-pid=\"12376\"><div class='pt-cv-ifield'><a href=\"\" class=\"pt-cv-none pt-cv-href-thumbnail pt-cv-thumb-default cvplbd\" target=\"pt-cv-none\" ><img loading=\"lazy\" decoding=\"async\" width=\"1140\" height=\"858\" src=\"https:\/\/www.fazioli.com\/wp-content\/uploads\/2022\/09\/PETRUSHANSKY.png\" class=\"pt-cv-thumbnail img-none skip-lazy \" alt=\"Fazioli Concert Hall \/ Boris Petrushansky\" \/><\/a>\n<h4 class=\"pt-cv-title\"><a href=\"\" class=\"pt-cv-none cvplbd\" target=\"pt-cv-none\" >BORIS PETRUSHANSKY<\/a><\/h4><\/div><\/div>\n<div class=\"col-md-4 col-sm-6 col-xs-12 pt-cv-content-item pt-cv-1-col\"  data-pid=\"13775\"><div class='pt-cv-ifield'><a href=\"\" class=\"pt-cv-none pt-cv-href-thumbnail pt-cv-thumb-default cvplbd\" target=\"pt-cv-none\" ><img loading=\"lazy\" decoding=\"async\" width=\"1140\" height=\"858\" src=\"https:\/\/www.fazioli.com\/wp-content\/uploads\/2023\/09\/Hewitt.png\" class=\"pt-cv-thumbnail img-none skip-lazy \" alt=\"ANGELA HEWITT\" \/><\/a>\n<h4 class=\"pt-cv-title\"><a href=\"\" class=\"pt-cv-none cvplbd\" target=\"pt-cv-none\" >ANGELA HEWITT<\/a><\/h4><\/div><\/div>\n<div class=\"col-md-4 col-sm-6 col-xs-12 pt-cv-content-item pt-cv-1-col\"  data-pid=\"13790\"><div class='pt-cv-ifield'><a href=\"\" class=\"pt-cv-none pt-cv-href-thumbnail pt-cv-thumb-default cvplbd\" target=\"pt-cv-none\" ><img loading=\"lazy\" decoding=\"async\" width=\"1140\" height=\"858\" src=\"https:\/\/www.fazioli.com\/wp-content\/uploads\/2023\/09\/Giltburg.png\" class=\"pt-cv-thumbnail img-none skip-lazy \" alt=\"BORIS GILTBURG\" \/><\/a>\n<h4 class=\"pt-cv-title\"><a href=\"\" class=\"pt-cv-none cvplbd\" target=\"pt-cv-none\" >BORIS GILTBURG<\/a><\/h4><\/div><\/div><\/div><\/div>\n<div class=\"text-center pt-cv-pagination-wrapper\"><ul class=\"pt-cv-pagination pt-cv-ajax pagination\" data-totalpages=\"3\" data-currentpage=\"1\" data-sid=\"c49c103qdb\" data-unid=\"\" data-isblock=\"\" data-postid=\"\"><li class=\"active\"><a href=\"#\">1<\/a><\/li>\n\t<li ><a class=\"\" href=\"https:\/\/www.fazioli.com\/ru\/wp-json\/wp\/v2\/pages\/11813\/?_page=2\">2<\/a><\/li>\n\t<li ><a class=\"\" href=\"https:\/\/www.fazioli.com\/ru\/wp-json\/wp\/v2\/pages\/11813\/?_page=3\">3<\/a><\/li>\n\t<li ><a class=\" \" href=\"https:\/\/www.fazioli.com\/ru\/wp-json\/wp\/v2\/pages\/11813\/?_page=2\">&rsaquo;<\/a><\/li>\n\t<\/ul><img loading=\"lazy\" decoding=\"async\" width=\"15\" height=\"15\" class=\"pt-cv-spinner\" alt=\"\u0417\u0430\u0433\u0440\u0443\u0437\u043a\u0430...\" src=\"data:image\/gif;base64,R0lGODlhDwAPALMPAMrKygwMDJOTkz09PZWVla+vr3p6euTk5M7OzuXl5TMzMwAAAJmZmWZmZszMzP\/\/\/yH\/C05FVFNDQVBFMi4wAwEAAAAh+QQFCgAPACwAAAAADwAPAAAEQvDJaZaZOIcV8iQK8VRX4iTYoAwZ4iCYoAjZ4RxejhVNoT+mRGP4cyF4Pp0N98sBGIBMEMOotl6YZ3S61Bmbkm4mAgAh+QQFCgAPACwAAAAADQANAAAENPDJSRSZeA418itN8QiK8BiLITVsFiyBBIoYqnoewAD4xPw9iY4XLGYSjkQR4UAUD45DLwIAIfkEBQoADwAsAAAAAA8ACQAABC\/wyVlamTi3nSdgwFNdhEJgTJoNyoB9ISYoQmdjiZPcj7EYCAeCF1gEDo4Dz2eIAAAh+QQFCgAPACwCAAAADQANAAAEM\/DJBxiYeLKdX3IJZT1FU0iIg2RNKx3OkZVnZ98ToRD4MyiDnkAh6BkNC0MvsAj0kMpHBAAh+QQFCgAPACwGAAAACQAPAAAEMDC59KpFDll73HkAA2wVY5KgiK5b0RRoI6MuzG6EQqCDMlSGheEhUAgqgUUAFRySIgAh+QQFCgAPACwCAAIADQANAAAEM\/DJKZNLND\/kkKaHc3xk+QAMYDKsiaqmZCxGVjSFFCxB1vwy2oOgIDxuucxAMTAJFAJNBAAh+QQFCgAPACwAAAYADwAJAAAEMNAs86q1yaWwwv2Ig0jUZx3OYa4XoRAfwADXoAwfo1+CIjyFRuEho60aSNYlOPxEAAAh+QQFCgAPACwAAAIADQANAAAENPA9s4y8+IUVcqaWJ4qEQozSoAzoIyhCK2NFU2SJk0hNnyEOhKR2AzAAj4Pj4GE4W0bkJQIAOw==\" \/><div class=\"clear pt-cv-clear-pagination\"><\/div><\/div><\/div>\t\t\t<style type=\"text\/css\" id=\"pt-cv-inline-style-cea084eiuw\">#pt-cv-view-c49c103qdb .pt-cv-title a, #pt-cv-view-c49c103qdb  .panel-title { display: block !important; text-align: center !important; clear: both !important; }\n#pt-cv-view-c49c103qdb .pt-cv-readmore  { color: #ffffff !important; background-color: #00aeef !important; }\n#pt-cv-view-c49c103qdb .pt-cv-readmore:hover  { color: #ffffff !important; background-color: #00aeef !important; }\n#pt-cv-view-c49c103qdb  + .pt-cv-pagination-wrapper .pt-cv-more-inactive , #pt-cv-view-c49c103qdb  + .pt-cv-pagination-wrapper .pagination a, .pt-cv-pagination[data-sid='c49c103qdb'] a { color: #8e744c !important; }\n#pt-cv-view-c49c103qdb  + .pt-cv-pagination-wrapper .pt-cv-more , #pt-cv-view-c49c103qdb  + .pt-cv-pagination-wrapper .pagination .active a, .pt-cv-pagination[data-sid='c49c103qdb'] .active a { color: #ffffff !important; background-color: #8e744c !important; }<\/style>\r\n\t\t\t\n","protected":false},"excerpt":{"rendered":"","protected":false},"author":1,"featured_media":0,"parent":0,"menu_order":0,"comment_status":"closed","ping_status":"closed","template":"","meta":{"_acf_changed":false,"inline_featured_image":false,"footnotes":""},"class_list":["post-11813","page","type-page","status-publish","hentry"],"acf":[],"_links":{"self":[{"href":"https:\/\/www.fazioli.com\/ru\/wp-json\/wp\/v2\/pages\/11813","targetHints":{"allow":["GET"]}}],"collection":[{"href":"https:\/\/www.fazioli.com\/ru\/wp-json\/wp\/v2\/pages"}],"about":[{"href":"https:\/\/www.fazioli.com\/ru\/wp-json\/wp\/v2\/types\/page"}],"author":[{"embeddable":true,"href":"https:\/\/www.fazioli.com\/ru\/wp-json\/wp\/v2\/users\/1"}],"replies":[{"embeddable":true,"href":"https:\/\/www.fazioli.com\/ru\/wp-json\/wp\/v2\/comments?post=11813"}],"version-history":[{"count":2,"href":"https:\/\/www.fazioli.com\/ru\/wp-json\/wp\/v2\/pages\/11813\/revisions"}],"predecessor-version":[{"id":11828,"href":"https:\/\/www.fazioli.com\/ru\/wp-json\/wp\/v2\/pages\/11813\/revisions\/11828"}],"wp:attachment":[{"href":"https:\/\/www.fazioli.com\/ru\/wp-json\/wp\/v2\/media?parent=11813"}],"curies":[{"name":"wp","href":"https:\/\/api.w.org\/{rel}","templated":true}]}}