{"id":11655,"date":"2022-08-27T10:28:02","date_gmt":"2022-08-27T08:28:02","guid":{"rendered":"http:\/\/www.fazioli.com\/?page_id=11655"},"modified":"2022-08-27T10:28:03","modified_gmt":"2022-08-27T08:28:03","slug":"%e4%b8%93%e4%b8%9a%e8%a7%81%e8%af%81","status":"publish","type":"page","link":"https:\/\/www.fazioli.com\/zh-hans\/%e4%b8%93%e4%b8%9a%e8%a7%81%e8%af%81\/","title":{"rendered":"\u4e13\u4e1a\u89c1\u8bc1"},"content":{"rendered":"\n<p>\u4fdd\u7f57\u00b7\u6cd5\u5947\u5965\u91cc\u62d2\u7edd\u5bf9\u827a\u672f\u5bb6\u65bd\u52a0\u9650\u5236\uff0c\u5e76\u8ba4\u4e3a\u4ed6\u4eec\u5e94\u8be5\u81ea\u7531\u9009\u62e9\u6700\u80fd\u8ba9\u4ed6\u4eec\u53d1\u6325\u6700\u4f73\u6c34\u51c6\u7684\u4e50\u5668\u3002\u57fa\u4e8e\u8fd9\u4e2a\u539f\u56e0\uff0c\u4fdd\u7f57\u00b7\u6cd5\u5947\u5965\u91cc\u4e00\u76f4\u53cd\u5bf9\u4e0e\u94a2\u7434\u5bb6\u7b7e\u8ba2\u72ec\u5bb6\u5408\u7ea6\uff0c\u53d6\u800c\u4ee3\u4e4b\u7684\u662f\u7eaf\u7cb9\u4e3a\u827a\u672f\u76ee\u7684\u5efa\u7acb\u4e92\u60e0\u4f19\u4f34\u5173\u7cfb\uff0c\u8fd9\u6bd4\u4efb\u4f55\u5546\u4e1a\u56e0\u7d20\u90fd\u66f4\u4e3a\u91cd\u8981\u3002<\/p>\n\n\n<div class=\"pt-cv-wrapper\"><div class=\"pt-cv-view pt-cv-grid pt-cv-colsys pt-cv-same-height referenze\" id=\"pt-cv-view-79972efbnk\"><div data-id=\"pt-cv-page-1\" class=\"pt-cv-page\" data-cvc=\"3\" data-cvct=\"2\" data-cvcm=\"1\"><div class=\"col-md-4 col-sm-6 col-xs-12 pt-cv-content-item pt-cv-1-col\"  data-pid=\"2157\"><div class='pt-cv-ifield'><a href=\"https:\/\/www.fazioli.com\/zh-hans\/artista\/chai-qiong-yan\/\" class=\"_self pt-cv-href-thumbnail pt-cv-thumb-default cvplbd\" target=\"_self\" ><img decoding=\"async\" src=\"https:\/\/www.fazioli.com\/wp-content\/uploads\/2022\/02\/jenny-q-chai-portrait.jpg\" class=\"pt-cv-thumbnail img-none cvp-substitute skip-lazy \" alt=\"\u67f4\u743c\u598d\" title=\"\" \/><\/a>\n<h4 class=\"pt-cv-title\"><a href=\"https:\/\/www.fazioli.com\/zh-hans\/artista\/chai-qiong-yan\/\" class=\"_self cvplbd\" target=\"_self\" >\u67f4\u743c\u598d<\/a><\/h4><\/div><\/div>\n<div class=\"col-md-4 col-sm-6 col-xs-12 pt-cv-content-item pt-cv-1-col\"  data-pid=\"1835\"><div class='pt-cv-ifield'><a href=\"https:\/\/www.fazioli.com\/zh-hans\/artista\/alma-deutscher\/\" class=\"_self pt-cv-href-thumbnail pt-cv-thumb-default cvplbd\" target=\"_self\" ><img decoding=\"async\" src=\"https:\/\/www.fazioli.com\/wp-content\/uploads\/2019\/09\/alma-deustcher-recording-at-fazioli-portait.jpg\" class=\"pt-cv-thumbnail img-none cvp-substitute skip-lazy \" alt=\"ALMA DEUTSCHER\" title=\"\" \/><\/a>\n<h4 class=\"pt-cv-title\"><a href=\"https:\/\/www.fazioli.com\/zh-hans\/artista\/alma-deutscher\/\" class=\"_self cvplbd\" target=\"_self\" >ALMA DEUTSCHER<\/a><\/h4><\/div><\/div>\n<div class=\"col-md-4 col-sm-6 col-xs-12 pt-cv-content-item pt-cv-1-col\"  data-pid=\"1891\"><div class='pt-cv-ifield'><a href=\"https:\/\/www.fazioli.com\/zh-hans\/artista\/alberto-ferro\/\" class=\"_self pt-cv-href-thumbnail pt-cv-thumb-default cvplbd\" target=\"_self\" ><img decoding=\"async\" src=\"https:\/\/www.fazioli.com\/wp-content\/uploads\/2020\/09\/alberto_ferro_dan_hannen_portrait.jpg\" class=\"pt-cv-thumbnail img-none cvp-substitute skip-lazy \" alt=\"Alberto Ferro\" title=\"\" \/><\/a>\n<h4 class=\"pt-cv-title\"><a href=\"https:\/\/www.fazioli.com\/zh-hans\/artista\/alberto-ferro\/\" class=\"_self cvplbd\" target=\"_self\" >Alberto Ferro<\/a><\/h4><\/div><\/div>\n<div class=\"col-md-4 col-sm-6 col-xs-12 pt-cv-content-item pt-cv-1-col\"  data-pid=\"1567\"><div class='pt-cv-ifield'><a href=\"https:\/\/www.fazioli.com\/zh-hans\/artista\/matteo-fossi\/\" class=\"_self pt-cv-href-thumbnail pt-cv-thumb-default cvplbd\" target=\"_self\" ><img decoding=\"async\" src=\"https:\/\/www.fazioli.com\/wp-content\/uploads\/2018\/05\/img-matteofossi.jpg\" class=\"pt-cv-thumbnail img-none cvp-substitute skip-lazy \" alt=\"\u9a6c\u8482\u5965\u798f\u897f\" title=\"\" \/><\/a>\n<h4 class=\"pt-cv-title\"><a href=\"https:\/\/www.fazioli.com\/zh-hans\/artista\/matteo-fossi\/\" class=\"_self cvplbd\" target=\"_self\" >\u9a6c\u8482\u5965\u798f\u897f<\/a><\/h4><\/div><\/div>\n<div class=\"col-md-4 col-sm-6 col-xs-12 pt-cv-content-item pt-cv-1-col\"  data-pid=\"2178\"><div class='pt-cv-ifield'><a href=\"https:\/\/www.fazioli.com\/zh-hans\/artista\/martin-garcia-garcia\/\" class=\"_self pt-cv-href-thumbnail pt-cv-thumb-default cvplbd\" target=\"_self\" ><img decoding=\"async\" src=\"https:\/\/www.fazioli.com\/wp-content\/uploads\/2022\/03\/garcia_garcia_copyright_darek_golik_nifc-portrait.jpg\" class=\"pt-cv-thumbnail img-none cvp-substitute skip-lazy \" alt=\"MART\u00cdN GARC\u00cdA GARC\u00cdA\" title=\"\" \/><\/a>\n<h4 class=\"pt-cv-title\"><a href=\"https:\/\/www.fazioli.com\/zh-hans\/artista\/martin-garcia-garcia\/\" class=\"_self cvplbd\" target=\"_self\" >MART\u00cdN GARC\u00cdA GARC\u00cdA<\/a><\/h4><\/div><\/div>\n<div class=\"col-md-4 col-sm-6 col-xs-12 pt-cv-content-item pt-cv-1-col\"  data-pid=\"1863\"><div class='pt-cv-ifield'><a href=\"https:\/\/www.fazioli.com\/zh-hans\/artista\/peter-jablonski\/\" class=\"_self pt-cv-href-thumbnail pt-cv-thumb-default cvplbd\" target=\"_self\" ><img decoding=\"async\" src=\"https:\/\/www.fazioli.com\/wp-content\/uploads\/2020\/02\/peter-jablonski-portrait.jpg\" class=\"pt-cv-thumbnail img-none cvp-substitute skip-lazy \" alt=\"PETER JABLONSKI\" title=\"\" \/><\/a>\n<h4 class=\"pt-cv-title\"><a href=\"https:\/\/www.fazioli.com\/zh-hans\/artista\/peter-jablonski\/\" class=\"_self cvplbd\" target=\"_self\" >PETER JABLONSKI<\/a><\/h4><\/div><\/div>\n<div class=\"col-md-4 col-sm-6 col-xs-12 pt-cv-content-item pt-cv-1-col\"  data-pid=\"11839\"><div class='pt-cv-ifield'><a href=\"https:\/\/www.fazioli.com\/zh-hans\/artista\/adam-kosmieja\/\" class=\"_self pt-cv-href-thumbnail pt-cv-thumb-default cvplbd\" target=\"_self\" ><img decoding=\"async\" src=\"https:\/\/www.fazioli.com\/wp-content\/uploads\/2021\/09\/adam-kosmieja-portrait.jpg\" class=\"pt-cv-thumbnail img-none cvp-substitute skip-lazy \" alt=\"ADAM KO\u015aMIEJA\" title=\"\" \/><\/a>\n<h4 class=\"pt-cv-title\"><a href=\"https:\/\/www.fazioli.com\/zh-hans\/artista\/adam-kosmieja\/\" class=\"_self cvplbd\" target=\"_self\" >ADAM KO\u015aMIEJA<\/a><\/h4><\/div><\/div>\n<div class=\"col-md-4 col-sm-6 col-xs-12 pt-cv-content-item pt-cv-1-col\"  data-pid=\"11867\"><div class='pt-cv-ifield'><a href=\"https:\/\/www.fazioli.com\/zh-hans\/artista\/alberto-nones\/\" class=\"_self pt-cv-href-thumbnail pt-cv-thumb-default cvplbd\" target=\"_self\" ><img decoding=\"async\" src=\"https:\/\/www.fazioli.com\/wp-content\/uploads\/2022\/08\/alberto-nones-portrait.jpg\" class=\"pt-cv-thumbnail img-none cvp-substitute skip-lazy \" alt=\"Alberto Nones\" title=\"\" \/><\/a>\n<h4 class=\"pt-cv-title\"><a href=\"https:\/\/www.fazioli.com\/zh-hans\/artista\/alberto-nones\/\" class=\"_self cvplbd\" target=\"_self\" >Alberto Nones<\/a><\/h4><\/div><\/div>\n<div class=\"col-md-4 col-sm-6 col-xs-12 pt-cv-content-item pt-cv-1-col\"  data-pid=\"1667\"><div class='pt-cv-ifield'><a href=\"https:\/\/www.fazioli.com\/zh-hans\/artista\/roberto-prosseda\/\" class=\"_self pt-cv-href-thumbnail pt-cv-thumb-default cvplbd\" target=\"_self\" ><img decoding=\"async\" src=\"https:\/\/www.fazioli.com\/wp-content\/uploads\/2019\/04\/roberto-prosseda-portrait_0.jpg\" class=\"pt-cv-thumbnail img-none cvp-substitute skip-lazy \" alt=\"ROBERTO PROSSEDA\" title=\"\" \/><\/a>\n<h4 class=\"pt-cv-title\"><a href=\"https:\/\/www.fazioli.com\/zh-hans\/artista\/roberto-prosseda\/\" class=\"_self cvplbd\" target=\"_self\" >ROBERTO PROSSEDA<\/a><\/h4><\/div><\/div>\n<div class=\"col-md-4 col-sm-6 col-xs-12 pt-cv-content-item pt-cv-1-col\"  data-pid=\"1560\"><div class='pt-cv-ifield'><a href=\"https:\/\/www.fazioli.com\/zh-hans\/artista\/iiro-rantala\/\" class=\"_self pt-cv-href-thumbnail pt-cv-thumb-default cvplbd\" target=\"_self\" ><img decoding=\"async\" src=\"https:\/\/www.fazioli.com\/wp-content\/uploads\/2018\/01\/img-iirorantala-01.jpg\" class=\"pt-cv-thumbnail img-none cvp-substitute skip-lazy \" alt=\"\u4f0a\u7f57\u00b7\u5170\u5854\u62c9\" title=\"\" \/><\/a>\n<h4 class=\"pt-cv-title\"><a href=\"https:\/\/www.fazioli.com\/zh-hans\/artista\/iiro-rantala\/\" class=\"_self cvplbd\" target=\"_self\" >\u4f0a\u7f57\u00b7\u5170\u5854\u62c9<\/a><\/h4><\/div><\/div>\n<div class=\"col-md-4 col-sm-6 col-xs-12 pt-cv-content-item pt-cv-1-col\"  data-pid=\"1568\"><div class='pt-cv-ifield'><a href=\"https:\/\/www.fazioli.com\/zh-hans\/artista\/eliane-rodrigues\/\" class=\"_self pt-cv-href-thumbnail pt-cv-thumb-default cvplbd\" target=\"_self\" ><img decoding=\"async\" src=\"https:\/\/www.fazioli.com\/wp-content\/uploads\/2018\/11\/rodrigues_eliane_portrait.jpg\" class=\"pt-cv-thumbnail img-none cvp-substitute skip-lazy \" alt=\"Eliane Rodrigues\" title=\"\" \/><\/a>\n<h4 class=\"pt-cv-title\"><a href=\"https:\/\/www.fazioli.com\/zh-hans\/artista\/eliane-rodrigues\/\" class=\"_self cvplbd\" target=\"_self\" >Eliane Rodrigues<\/a><\/h4><\/div><\/div>\n<div class=\"col-md-4 col-sm-6 col-xs-12 pt-cv-content-item pt-cv-1-col\"  data-pid=\"2045\"><div class='pt-cv-ifield'><a href=\"https:\/\/www.fazioli.com\/zh-hans\/artista\/markus-schirmer\/\" class=\"_self pt-cv-href-thumbnail pt-cv-thumb-default cvplbd\" target=\"_self\" ><img decoding=\"async\" src=\"https:\/\/www.fazioli.com\/wp-content\/uploads\/2021\/01\/markus_schirmer_-_shot_by_christian_jungwirth_-_teatro_verdi_trieste_-_portrait_.jpg\" class=\"pt-cv-thumbnail img-none cvp-substitute skip-lazy \" alt=\"MARKUS SCHIRMER\" title=\"\" \/><\/a>\n<h4 class=\"pt-cv-title\"><a href=\"https:\/\/www.fazioli.com\/zh-hans\/artista\/markus-schirmer\/\" class=\"_self cvplbd\" target=\"_self\" >MARKUS SCHIRMER<\/a><\/h4><\/div><\/div>\n<div class=\"col-md-4 col-sm-6 col-xs-12 pt-cv-content-item pt-cv-1-col\"  data-pid=\"1688\"><div class='pt-cv-ifield'><a href=\"https:\/\/www.fazioli.com\/zh-hans\/artista\/riccardo-schwartz\/\" class=\"_self pt-cv-href-thumbnail pt-cv-thumb-default cvplbd\" target=\"_self\" ><img decoding=\"async\" src=\"https:\/\/www.fazioli.com\/wp-content\/uploads\/2019\/04\/riccardo-schwartz-interna.jpg\" class=\"pt-cv-thumbnail img-none cvp-substitute skip-lazy \" alt=\"RICCARDO SCHWARTZ\" title=\"\" \/><\/a>\n<h4 class=\"pt-cv-title\"><a href=\"https:\/\/www.fazioli.com\/zh-hans\/artista\/riccardo-schwartz\/\" class=\"_self cvplbd\" target=\"_self\" >RICCARDO SCHWARTZ<\/a><\/h4><\/div><\/div>\n<div class=\"col-md-4 col-sm-6 col-xs-12 pt-cv-content-item pt-cv-1-col\"  data-pid=\"1954\"><div class='pt-cv-ifield'><a href=\"https:\/\/www.fazioli.com\/zh-hans\/artista\/ketevan-sepashvili\/\" class=\"_self pt-cv-href-thumbnail pt-cv-thumb-default cvplbd\" target=\"_self\" ><img decoding=\"async\" src=\"https:\/\/www.fazioli.com\/wp-content\/uploads\/2020\/11\/c_andrej_grilc-ketevan-sepashvili-portrait.jpg\" class=\"pt-cv-thumbnail img-none cvp-substitute skip-lazy \" alt=\"KETEVAN SEPASHVILI\" title=\"\" \/><\/a>\n<h4 class=\"pt-cv-title\"><a href=\"https:\/\/www.fazioli.com\/zh-hans\/artista\/ketevan-sepashvili\/\" class=\"_self cvplbd\" target=\"_self\" >KETEVAN SEPASHVILI<\/a><\/h4><\/div><\/div>\n<div class=\"col-md-4 col-sm-6 col-xs-12 pt-cv-content-item pt-cv-1-col\"  data-pid=\"11877\"><div class='pt-cv-ifield'><a href=\"https:\/\/www.fazioli.com\/zh-hans\/artista\/jiuming-shen\/\" class=\"_self pt-cv-href-thumbnail pt-cv-thumb-default cvplbd\" target=\"_self\" ><img decoding=\"async\" src=\"https:\/\/www.fazioli.com\/wp-content\/uploads\/2021\/10\/jiuming-shen-interna.jpg\" class=\"pt-cv-thumbnail img-none cvp-substitute skip-lazy \" alt=\"Jiuming Shen\" title=\"\" \/><\/a>\n<h4 class=\"pt-cv-title\"><a href=\"https:\/\/www.fazioli.com\/zh-hans\/artista\/jiuming-shen\/\" class=\"_self cvplbd\" target=\"_self\" >Jiuming Shen<\/a><\/h4><\/div><\/div>\n<div class=\"col-md-4 col-sm-6 col-xs-12 pt-cv-content-item pt-cv-1-col\"  data-pid=\"2199\"><div class='pt-cv-ifield'><a href=\"https:\/\/www.fazioli.com\/zh-hans\/artista\/song-yao-zong\/\" class=\"_self pt-cv-href-thumbnail pt-cv-thumb-default cvplbd\" target=\"_self\" ><img decoding=\"async\" src=\"https:\/\/www.fazioli.com\/wp-content\/uploads\/2022\/06\/yaozong-song-portrait.jpg\" class=\"pt-cv-thumbnail img-none cvp-substitute skip-lazy \" alt=\"\u5b8b\u8000\u5b97\" title=\"\" \/><\/a>\n<h4 class=\"pt-cv-title\"><a href=\"https:\/\/www.fazioli.com\/zh-hans\/artista\/song-yao-zong\/\" class=\"_self cvplbd\" target=\"_self\" >\u5b8b\u8000\u5b97<\/a><\/h4><\/div><\/div>\n<div class=\"col-md-4 col-sm-6 col-xs-12 pt-cv-content-item pt-cv-1-col\"  data-pid=\"1569\"><div class='pt-cv-ifield'><a href=\"https:\/\/www.fazioli.com\/zh-hans\/artista\/jasminka-stancul\/\" class=\"_self pt-cv-href-thumbnail pt-cv-thumb-default cvplbd\" target=\"_self\" ><img decoding=\"async\" src=\"https:\/\/www.fazioli.com\/wp-content\/uploads\/2019\/01\/stancul-portrait.jpg\" class=\"pt-cv-thumbnail img-none cvp-substitute skip-lazy \" alt=\"JASMINKA STANCUL\" title=\"\" \/><\/a>\n<h4 class=\"pt-cv-title\"><a href=\"https:\/\/www.fazioli.com\/zh-hans\/artista\/jasminka-stancul\/\" class=\"_self cvplbd\" target=\"_self\" >JASMINKA STANCUL<\/a><\/h4><\/div><\/div>\n<div class=\"col-md-4 col-sm-6 col-xs-12 pt-cv-content-item pt-cv-1-col\"  data-pid=\"2129\"><div class='pt-cv-ifield'><a href=\"https:\/\/www.fazioli.com\/zh-hans\/artista\/mariangela-vacatello\/\" class=\"_self pt-cv-href-thumbnail pt-cv-thumb-default cvplbd\" target=\"_self\" ><img decoding=\"async\" src=\"https:\/\/www.fazioli.com\/wp-content\/uploads\/2021\/11\/mariangela-vacatello-portrait.png\" class=\"pt-cv-thumbnail img-none cvp-substitute skip-lazy \" alt=\"MARIANGELA VACATELLO\" title=\"\" \/><\/a>\n<h4 class=\"pt-cv-title\"><a href=\"https:\/\/www.fazioli.com\/zh-hans\/artista\/mariangela-vacatello\/\" class=\"_self cvplbd\" target=\"_self\" >MARIANGELA VACATELLO<\/a><\/h4><\/div><\/div>\n<div class=\"col-md-4 col-sm-6 col-xs-12 pt-cv-content-item pt-cv-1-col\"  data-pid=\"1590\"><div class='pt-cv-ifield'><a href=\"https:\/\/www.fazioli.com\/zh-hans\/artista\/ming-xie\/\" class=\"_self pt-cv-href-thumbnail pt-cv-thumb-default cvplbd\" target=\"_self\" ><img decoding=\"async\" src=\"https:\/\/www.fazioli.com\/wp-content\/uploads\/2019\/03\/ming-xie-portait.jpg\" class=\"pt-cv-thumbnail img-none cvp-substitute skip-lazy \" alt=\"MING XIE\" title=\"\" \/><\/a>\n<h4 class=\"pt-cv-title\"><a href=\"https:\/\/www.fazioli.com\/zh-hans\/artista\/ming-xie\/\" class=\"_self cvplbd\" target=\"_self\" >MING XIE<\/a><\/h4><\/div><\/div>\n<div class=\"col-md-4 col-sm-6 col-xs-12 pt-cv-content-item pt-cv-1-col\"  data-pid=\"13130\"><div class='pt-cv-ifield'><a href=\"https:\/\/www.fazioli.com\/zh-hans\/artista\/%e5%be%90%e5%ad%90%e9%92%a7\/\" class=\"_self pt-cv-href-thumbnail pt-cv-thumb-default cvplbd\" target=\"_self\" ><img decoding=\"async\" src=\"https:\/\/www.fazioli.com\/wp-content\/uploads\/2023\/01\/zijun-xu-portrait.jpg\" class=\"pt-cv-thumbnail img-none cvp-substitute skip-lazy \" alt=\"\u5f90\u5b50\u94a7\" title=\"\" \/><\/a>\n<h4 class=\"pt-cv-title\"><a href=\"https:\/\/www.fazioli.com\/zh-hans\/artista\/%e5%be%90%e5%ad%90%e9%92%a7\/\" class=\"_self cvplbd\" target=\"_self\" >\u5f90\u5b50\u94a7<\/a><\/h4><\/div><\/div>\n<div class=\"col-md-4 col-sm-6 col-xs-12 pt-cv-content-item pt-cv-1-col\"  data-pid=\"16141\"><div class='pt-cv-ifield'><a href=\"https:\/\/www.fazioli.com\/zh-hans\/artista\/%e6%9d%a8%e4%b8%9c%e7%91%be\/\" class=\"_self pt-cv-href-thumbnail pt-cv-thumb-default cvplbd\" target=\"_self\" ><img decoding=\"async\" src=\"https:\/\/www.fazioli.com\/wp-content\/uploads\/2023\/06\/DONGJIN-YANG-portrait.jpg\" class=\"pt-cv-thumbnail img-none cvp-substitute skip-lazy \" alt=\"\u6768\u4e1c\u747e\" title=\"\" \/><\/a>\n<h4 class=\"pt-cv-title\"><a href=\"https:\/\/www.fazioli.com\/zh-hans\/artista\/%e6%9d%a8%e4%b8%9c%e7%91%be\/\" class=\"_self cvplbd\" target=\"_self\" >\u6768\u4e1c\u747e<\/a><\/h4><\/div><\/div>\n<div class=\"col-md-4 col-sm-6 col-xs-12 pt-cv-content-item pt-cv-1-col\"  data-pid=\"1807\"><div class='pt-cv-ifield'><a href=\"https:\/\/www.fazioli.com\/zh-hans\/artista\/bojan-z\/\" class=\"_self pt-cv-href-thumbnail pt-cv-thumb-default cvplbd\" target=\"_self\" ><img decoding=\"async\" src=\"https:\/\/www.fazioli.com\/wp-content\/uploads\/2019\/08\/bojaz-z-on-fazioli.jpg\" class=\"pt-cv-thumbnail img-none cvp-substitute skip-lazy \" alt=\"BOJAN Z\" title=\"\" \/><\/a>\n<h4 class=\"pt-cv-title\"><a href=\"https:\/\/www.fazioli.com\/zh-hans\/artista\/bojan-z\/\" class=\"_self cvplbd\" target=\"_self\" >BOJAN Z<\/a><\/h4><\/div><\/div>\n<div class=\"col-md-4 col-sm-6 col-xs-12 pt-cv-content-item pt-cv-1-col\"  data-pid=\"1912\"><div class='pt-cv-ifield'><a href=\"https:\/\/www.fazioli.com\/zh-hans\/artista\/zhang-dingyuan\/\" class=\"_self pt-cv-href-thumbnail pt-cv-thumb-default cvplbd\" target=\"_self\" ><img decoding=\"async\" src=\"https:\/\/www.fazioli.com\/wp-content\/uploads\/2020\/09\/zhang_dingyuan_portrait.jpg\" class=\"pt-cv-thumbnail img-none cvp-substitute skip-lazy \" alt=\"ZHANG DINGYUAN\" title=\"\" \/><\/a>\n<h4 class=\"pt-cv-title\"><a href=\"https:\/\/www.fazioli.com\/zh-hans\/artista\/zhang-dingyuan\/\" class=\"_self cvplbd\" target=\"_self\" >ZHANG DINGYUAN<\/a><\/h4><\/div><\/div>\n<div class=\"col-md-4 col-sm-6 col-xs-12 pt-cv-content-item pt-cv-1-col\"  data-pid=\"1556\"><div class='pt-cv-ifield'><a href=\"https:\/\/www.fazioli.com\/zh-hans\/artista\/angela-hewitt\/\" class=\"_self pt-cv-href-thumbnail pt-cv-thumb-default cvplbd\" target=\"_self\" ><img decoding=\"async\" src=\"https:\/\/www.fazioli.com\/wp-content\/uploads\/2018\/01\/img-angelahewitt-02.jpg\" class=\"pt-cv-thumbnail img-none cvp-substitute skip-lazy \" alt=\"\u5b89\u5409\u62c9\u00b7\u4f11\u4f0a\u7279\" title=\"\" \/><\/a>\n<h4 class=\"pt-cv-title\"><a href=\"https:\/\/www.fazioli.com\/zh-hans\/artista\/angela-hewitt\/\" class=\"_self cvplbd\" target=\"_self\" >\u5b89\u5409\u62c9\u00b7\u4f11\u4f0a\u7279<\/a><\/h4><\/div><\/div>\n<div class=\"col-md-4 col-sm-6 col-xs-12 pt-cv-content-item pt-cv-1-col\"  data-pid=\"1563\"><div class='pt-cv-ifield'><a href=\"https:\/\/www.fazioli.com\/zh-hans\/artista\/lucas-wong\/\" class=\"_self pt-cv-href-thumbnail pt-cv-thumb-default cvplbd\" target=\"_self\" ><img decoding=\"async\" src=\"https:\/\/www.fazioli.com\/wp-content\/uploads\/2018\/03\/img-lucaswong_0.jpg\" class=\"pt-cv-thumbnail img-none cvp-substitute skip-lazy \" alt=\"\u9ec4\u4fca\u8087\" title=\"\" \/><\/a>\n<h4 class=\"pt-cv-title\"><a href=\"https:\/\/www.fazioli.com\/zh-hans\/artista\/lucas-wong\/\" class=\"_self cvplbd\" target=\"_self\" >\u9ec4\u4fca\u8087<\/a><\/h4><\/div><\/div>\n<div class=\"col-md-4 col-sm-6 col-xs-12 pt-cv-content-item pt-cv-1-col\"  data-pid=\"1565\"><div class='pt-cv-ifield'><a href=\"https:\/\/www.fazioli.com\/zh-hans\/artista\/luka-okros\/\" class=\"_self pt-cv-href-thumbnail pt-cv-thumb-default cvplbd\" target=\"_self\" ><img decoding=\"async\" src=\"https:\/\/www.fazioli.com\/wp-content\/uploads\/2018\/01\/img-lukaokros.jpg\" class=\"pt-cv-thumbnail img-none cvp-substitute skip-lazy \" alt=\"\u5362\u5361\u5965\u514b\u7f57\u65af\" title=\"\" \/><\/a>\n<h4 class=\"pt-cv-title\"><a href=\"https:\/\/www.fazioli.com\/zh-hans\/artista\/luka-okros\/\" class=\"_self cvplbd\" target=\"_self\" >\u5362\u5361\u5965\u514b\u7f57\u65af<\/a><\/h4><\/div><\/div>\n<div class=\"col-md-4 col-sm-6 col-xs-12 pt-cv-content-item pt-cv-1-col\"  data-pid=\"1558\"><div class='pt-cv-ifield'><a href=\"https:\/\/www.fazioli.com\/zh-hans\/artista\/boris-giltburg\/\" class=\"_self pt-cv-href-thumbnail pt-cv-thumb-default cvplbd\" target=\"_self\" ><img decoding=\"async\" src=\"https:\/\/www.fazioli.com\/wp-content\/uploads\/2018\/03\/img-borisgiltburg04.jpg\" class=\"pt-cv-thumbnail img-none cvp-substitute skip-lazy \" alt=\"\u9c8d\u91cc\u65af\u00b7\u5409\u5c14\u7279\u5821\" title=\"\" \/><\/a>\n<h4 class=\"pt-cv-title\"><a href=\"https:\/\/www.fazioli.com\/zh-hans\/artista\/boris-giltburg\/\" class=\"_self cvplbd\" target=\"_self\" >\u9c8d\u91cc\u65af\u00b7\u5409\u5c14\u7279\u5821<\/a><\/h4><\/div><\/div>\n<div class=\"col-md-4 col-sm-6 col-xs-12 pt-cv-content-item pt-cv-1-col\"  data-pid=\"1561\"><div class='pt-cv-ifield'><a href=\"https:\/\/www.fazioli.com\/zh-hans\/artista\/nikolai-demidenko-2\/\" class=\"_self pt-cv-href-thumbnail pt-cv-thumb-default cvplbd\" target=\"_self\" ><img decoding=\"async\" src=\"https:\/\/www.fazioli.com\/wp-content\/uploads\/2018\/01\/img-nikolaidemidenko01.jpg\" class=\"pt-cv-thumbnail img-none cvp-substitute skip-lazy \" alt=\"\u5c3c\u514b\u83b1\u00b7\u5fb7\u660e\u79d1\" title=\"\" \/><\/a>\n<h4 class=\"pt-cv-title\"><a href=\"https:\/\/www.fazioli.com\/zh-hans\/artista\/nikolai-demidenko-2\/\" class=\"_self cvplbd\" target=\"_self\" >\u5c3c\u514b\u83b1\u00b7\u5fb7\u660e\u79d1<\/a><\/h4><\/div><\/div>\n<div class=\"col-md-4 col-sm-6 col-xs-12 pt-cv-content-item pt-cv-1-col\"  data-pid=\"1557\"><div class='pt-cv-ifield'><a href=\"https:\/\/www.fazioli.com\/zh-hans\/artista\/maurizio-baglini-2\/\" class=\"_self pt-cv-href-thumbnail pt-cv-thumb-default cvplbd\" target=\"_self\" ><img decoding=\"async\" src=\"https:\/\/www.fazioli.com\/wp-content\/uploads\/2017\/10\/img-mauriziobaglini-01.jpg\" class=\"pt-cv-thumbnail img-none cvp-substitute skip-lazy \" alt=\"\u9a6c\u5229\u897f\u5965\u00b7\u5df4\u683c\u5229\u5c3c\" title=\"\" \/><\/a>\n<h4 class=\"pt-cv-title\"><a href=\"https:\/\/www.fazioli.com\/zh-hans\/artista\/maurizio-baglini-2\/\" class=\"_self cvplbd\" target=\"_self\" >\u9a6c\u5229\u897f\u5965\u00b7\u5df4\u683c\u5229\u5c3c<\/a><\/h4><\/div><\/div>\n<div class=\"col-md-4 col-sm-6 col-xs-12 pt-cv-content-item pt-cv-1-col\"  data-pid=\"1562\"><div class='pt-cv-ifield'><a href=\"https:\/\/www.fazioli.com\/zh-hans\/artista\/emmanuel-despax\/\" class=\"_self pt-cv-href-thumbnail pt-cv-thumb-default cvplbd\" target=\"_self\" ><img decoding=\"async\" src=\"https:\/\/www.fazioli.com\/wp-content\/uploads\/2018\/01\/img-emmanueldespax.jpg\" class=\"pt-cv-thumbnail img-none cvp-substitute skip-lazy \" alt=\"\u827e\u66fc\u7ebd\u00b7\u5fb7\u65af\u5e15\u514b\u65af\" title=\"\" \/><\/a>\n<h4 class=\"pt-cv-title\"><a href=\"https:\/\/www.fazioli.com\/zh-hans\/artista\/emmanuel-despax\/\" class=\"_self cvplbd\" target=\"_self\" >\u827e\u66fc\u7ebd\u00b7\u5fb7\u65af\u5e15\u514b\u65af<\/a><\/h4><\/div><\/div>\n<div class=\"col-md-4 col-sm-6 col-xs-12 pt-cv-content-item pt-cv-1-col\"  data-pid=\"1559\"><div class='pt-cv-ifield'><a href=\"https:\/\/www.fazioli.com\/zh-hans\/artista\/roberto-plano\/\" class=\"_self pt-cv-href-thumbnail pt-cv-thumb-default cvplbd\" target=\"_self\" ><img decoding=\"async\" src=\"https:\/\/www.fazioli.com\/wp-content\/uploads\/2018\/03\/img-robertoplano-01.jpg\" class=\"pt-cv-thumbnail img-none cvp-substitute skip-lazy \" alt=\"\u7f57\u4f2f\u6258\u00b7\u666e\u83b1\u8bfa\" title=\"\" \/><\/a>\n<h4 class=\"pt-cv-title\"><a href=\"https:\/\/www.fazioli.com\/zh-hans\/artista\/roberto-plano\/\" class=\"_self cvplbd\" target=\"_self\" >\u7f57\u4f2f\u6258\u00b7\u666e\u83b1\u8bfa<\/a><\/h4><\/div><\/div>\n<div class=\"col-md-4 col-sm-6 col-xs-12 pt-cv-content-item pt-cv-1-col\"  data-pid=\"1555\"><div class='pt-cv-ifield'><a href=\"https:\/\/www.fazioli.com\/zh-hans\/artista\/herbie-hancock\/\" class=\"_self pt-cv-href-thumbnail pt-cv-thumb-default cvplbd\" target=\"_self\" ><img decoding=\"async\" src=\"https:\/\/www.fazioli.com\/wp-content\/uploads\/2017\/11\/img-herbiehancock-01.jpg\" class=\"pt-cv-thumbnail img-none cvp-substitute skip-lazy \" alt=\"\u8d6b\u6bd4\u00b7\" title=\"\" \/><\/a>\n<h4 class=\"pt-cv-title\"><a href=\"https:\/\/www.fazioli.com\/zh-hans\/artista\/herbie-hancock\/\" class=\"_self cvplbd\" target=\"_self\" >\u8d6b\u6bd4\u00b7<\/a><\/h4><\/div><\/div>\n<div class=\"col-md-4 col-sm-6 col-xs-12 pt-cv-content-item pt-cv-1-col\"  data-pid=\"1566\"><div class='pt-cv-ifield'><a href=\"https:\/\/www.fazioli.com\/zh-hans\/artista\/goran-filipec\/\" class=\"_self pt-cv-href-thumbnail pt-cv-thumb-default cvplbd\" target=\"_self\" ><img decoding=\"async\" src=\"https:\/\/www.fazioli.com\/wp-content\/uploads\/2018\/03\/GF_0082\u00a9ElisaCaldana-portrait.jpg\" class=\"pt-cv-thumbnail img-none cvp-substitute skip-lazy \" alt=\"\u6208\u5170\u00b7\u83f2\u5229\u666e\" title=\"\" \/><\/a>\n<h4 class=\"pt-cv-title\"><a href=\"https:\/\/www.fazioli.com\/zh-hans\/artista\/goran-filipec\/\" class=\"_self cvplbd\" target=\"_self\" >\u6208\u5170\u00b7\u83f2\u5229\u666e<\/a><\/h4><\/div><\/div><\/div><\/div><\/div>\t\t\t<style type=\"text\/css\" id=\"pt-cv-inline-style-7459ea35x6\">#pt-cv-view-79972efbnk .pt-cv-title a, #pt-cv-view-79972efbnk  .panel-title { text-transform: uppercase !important; display: block !important; text-align: center !important; clear: both !important; }\n#pt-cv-view-79972efbnk .pt-cv-readmore  { color: #ffffff !important; background-color: #00aeef !important; }\n#pt-cv-view-79972efbnk .pt-cv-readmore:hover  { color: #ffffff !important; background-color: #00aeef !important; }<\/style>\r\n\t\t\t\n","protected":false},"excerpt":{"rendered":"<p>\u4fdd\u7f57\u00b7\u6cd5\u5947\u5965\u91cc\u62d2\u7edd\u5bf9\u827a\u672f\u5bb6\u65bd\u52a0\u9650\u5236\uff0c\u5e76\u8ba4 [&hellip;]<\/p>\n","protected":false},"author":1,"featured_media":0,"parent":0,"menu_order":0,"comment_status":"closed","ping_status":"closed","template":"","meta":{"_acf_changed":false,"inline_featured_image":false,"footnotes":""},"class_list":["post-11655","page","type-page","status-publish","hentry"],"acf":[],"_links":{"self":[{"href":"https:\/\/www.fazioli.com\/zh-hans\/wp-json\/wp\/v2\/pages\/11655","targetHints":{"allow":["GET"]}}],"collection":[{"href":"https:\/\/www.fazioli.com\/zh-hans\/wp-json\/wp\/v2\/pages"}],"about":[{"href":"https:\/\/www.fazioli.com\/zh-hans\/wp-json\/wp\/v2\/types\/page"}],"author":[{"embeddable":true,"href":"https:\/\/www.fazioli.com\/zh-hans\/wp-json\/wp\/v2\/users\/1"}],"replies":[{"embeddable":true,"href":"https:\/\/www.fazioli.com\/zh-hans\/wp-json\/wp\/v2\/comments?post=11655"}],"version-history":[{"count":1,"href":"https:\/\/www.fazioli.com\/zh-hans\/wp-json\/wp\/v2\/pages\/11655\/revisions"}],"predecessor-version":[{"id":11656,"href":"https:\/\/www.fazioli.com\/zh-hans\/wp-json\/wp\/v2\/pages\/11655\/revisions\/11656"}],"wp:attachment":[{"href":"https:\/\/www.fazioli.com\/zh-hans\/wp-json\/wp\/v2\/media?parent=11655"}],"curies":[{"name":"wp","href":"https:\/\/api.w.org\/{rel}","templated":true}]}}