{"id":11815,"date":"2022-08-30T09:51:36","date_gmt":"2022-08-30T07:51:36","guid":{"rendered":"http:\/\/www.fazioli.com\/?page_id=11815"},"modified":"2022-08-31T10:35:16","modified_gmt":"2022-08-31T08:35:16","slug":"archive","status":"publish","type":"page","link":"https:\/\/www.fazioli.com\/zh-hans\/archive\/","title":{"rendered":"Archive"},"content":{"rendered":"<div class=\"pt-cv-wrapper\"><div class=\"cvp-live-filter cvp-dropdown \" id=\"\" data-name=\"tx_stagione_ch\" data-sid=\"c49c103qdb\" data-isblock=\"\" data-postid=\"\"><label class=\"cvp-label\">Select season<\/label><select name=\"tx_stagione_ch\"><option value=\"\">All seasons<\/option><option value=\"season-2024-25-zh-hans\" >Season 2024-25<\/option><option value=\"season-2025-26-zh-hans\" >Season 2025-26<\/option><option value=\"stagione-23-24\" >Stagione 2005-06<\/option><option value=\"stagione-2005-06-zh-hans\" >Stagione 2005-06<\/option><option value=\"stagione-2006-07-zh-hans\" >Stagione 2006-07<\/option><option value=\"stagione-2007-08-zh-hans\" >Stagione 2007-08<\/option><option value=\"stagione-2008-09-zh-hans\" >Stagione 2008-09<\/option><option value=\"stagione-2009-10-zh-hans\" >Stagione 2009-10<\/option><option value=\"stagione-2010-11-zh-hans\" >Stagione 2010-11<\/option><option value=\"stagione-2011-12-zh-hans\" >Stagione 2011-12<\/option><option value=\"stagione-2012-13-zh-hans\" >Stagione 2012-13<\/option><option value=\"stagione-2013-14-zh-hans\" >Stagione 2013-14<\/option><option value=\"stagione-2014-15-zh-hans\" >Stagione 2014-15<\/option><option value=\"stagione-2015-16-zh-hans\" >Stagione 2015-16<\/option><option value=\"stagione-2016-17-zh-hans\" >Stagione 2016-17<\/option><option value=\"stagione-2017-18-zh-hans\" >Stagione 2017-18<\/option><option value=\"stagione-2018-19-zh-hans\" >Stagione 2018-19<\/option><option value=\"stagione-2019-20-zh-hans\" >Stagione 2019-20<\/option><option value=\"stagione-2020-21-zh-hans\" >Stagione 2020-21<\/option><option value=\"stagione-2021-22-zh-hans\" >Stagione 2021-22<\/option><option value=\"stagione-2022-23-zh-hans\" >Stagione 2022-23<\/option><option value=\"stagione-2024-25-zh-hans\" >Stagione 2024-25<\/option><\/select><\/div><div class=\"pt-cv-view pt-cv-grid pt-cv-colsys cvp-lfres\" id=\"pt-cv-view-c49c103qdb\"><div data-id=\"pt-cv-page-1\" class=\"pt-cv-page\" data-cvc=\"3\"><div class=\"col-md-4 col-sm-6 col-xs-12 pt-cv-content-item pt-cv-1-col\"  data-pid=\"5593\"><div class='pt-cv-ifield'><a href=\"\" class=\"pt-cv-none pt-cv-href-thumbnail pt-cv-thumb-default cvplbd\" target=\"pt-cv-none\" ><img loading=\"lazy\" decoding=\"async\" width=\"1140\" height=\"858\" src=\"https:\/\/www.fazioli.com\/wp-content\/uploads\/2021\/12\/sito_1140x858_armellini.png\" class=\"pt-cv-thumbnail img-none skip-lazy \" alt=\"Leonora Armellini\" \/><\/a>\n<h4 class=\"pt-cv-title\"><a href=\"\" class=\"pt-cv-none cvplbd\" target=\"pt-cv-none\" >LEONORA ARMELLINI<\/a><\/h4><\/div><\/div>\n<div class=\"col-md-4 col-sm-6 col-xs-12 pt-cv-content-item pt-cv-1-col\"  data-pid=\"5599\"><div class='pt-cv-ifield'><a href=\"\" class=\"pt-cv-none pt-cv-href-thumbnail pt-cv-thumb-default cvplbd\" target=\"pt-cv-none\" ><img loading=\"lazy\" decoding=\"async\" width=\"1140\" height=\"858\" src=\"https:\/\/www.fazioli.com\/wp-content\/uploads\/2021\/12\/sito_1140x858_kholodenko.png\" class=\"pt-cv-thumbnail img-none skip-lazy \" alt=\"Vadym Kholodenko\" \/><\/a>\n<h4 class=\"pt-cv-title\"><a href=\"\" class=\"pt-cv-none cvplbd\" target=\"pt-cv-none\" >VADYM KHOLODENKO<\/a><\/h4><\/div><\/div>\n<div class=\"col-md-4 col-sm-6 col-xs-12 pt-cv-content-item pt-cv-1-col\"  data-pid=\"5605\"><div class='pt-cv-ifield'><a href=\"\" class=\"pt-cv-none pt-cv-href-thumbnail pt-cv-thumb-default cvplbd\" target=\"pt-cv-none\" ><img loading=\"lazy\" decoding=\"async\" width=\"1140\" height=\"858\" src=\"https:\/\/www.fazioli.com\/wp-content\/uploads\/2021\/12\/sito_1140x858_garcia_garcia.png\" class=\"pt-cv-thumbnail img-none skip-lazy \" alt=\"MART\u00cdN GARC\u00cdA GARC\u00cdA\" \/><\/a>\n<h4 class=\"pt-cv-title\"><a href=\"\" class=\"pt-cv-none cvplbd\" target=\"pt-cv-none\" >MART\u00cdN GARC\u00cdA GARC\u00cdA<\/a><\/h4><\/div><\/div>\n<div class=\"col-md-4 col-sm-6 col-xs-12 pt-cv-content-item pt-cv-1-col\"  data-pid=\"5611\"><div class='pt-cv-ifield'><a href=\"\" class=\"pt-cv-none pt-cv-href-thumbnail pt-cv-thumb-default cvplbd\" target=\"pt-cv-none\" ><img loading=\"lazy\" decoding=\"async\" width=\"1140\" height=\"858\" src=\"https:\/\/www.fazioli.com\/wp-content\/uploads\/2021\/12\/sito_1140x858_vacatello_0.png\" class=\"pt-cv-thumbnail img-none skip-lazy \" alt=\"Mariangela Vacatello\" \/><\/a>\n<h4 class=\"pt-cv-title\"><a href=\"\" class=\"pt-cv-none cvplbd\" target=\"pt-cv-none\" >MARIANGELA VACATELLO<\/a><\/h4><\/div><\/div>\n<div class=\"col-md-4 col-sm-6 col-xs-12 pt-cv-content-item pt-cv-1-col\"  data-pid=\"5659\"><div class='pt-cv-ifield'><a href=\"\" class=\"pt-cv-none pt-cv-href-thumbnail pt-cv-thumb-default cvplbd\" target=\"pt-cv-none\" ><img loading=\"lazy\" decoding=\"async\" width=\"1375\" height=\"1035\" src=\"https:\/\/www.fazioli.com\/wp-content\/uploads\/2022\/02\/sito_1375x1035_annullo_lortie_en_4.jpg\" class=\"pt-cv-thumbnail img-none skip-lazy \" alt=\"sito_1375x1035_annullo_lortie_en\" \/><\/a>\n<h4 class=\"pt-cv-title\"><a href=\"\" class=\"pt-cv-none cvplbd\" target=\"pt-cv-none\" >LOUIS LORTIE<\/a><\/h4><\/div><\/div>\n<div class=\"col-md-4 col-sm-6 col-xs-12 pt-cv-content-item pt-cv-1-col\"  data-pid=\"5665\"><div class='pt-cv-ifield'><a href=\"\" class=\"pt-cv-none pt-cv-href-thumbnail pt-cv-thumb-default cvplbd\" target=\"pt-cv-none\" ><img loading=\"lazy\" decoding=\"async\" width=\"1140\" height=\"858\" src=\"https:\/\/www.fazioli.com\/wp-content\/uploads\/2021\/12\/sito_1140x858_berman.png\" class=\"pt-cv-thumbnail img-none skip-lazy \" alt=\"Boris Berman\" \/><\/a>\n<h4 class=\"pt-cv-title\"><a href=\"\" class=\"pt-cv-none cvplbd\" target=\"pt-cv-none\" >BORIS BERMAN<\/a><\/h4><\/div><\/div>\n<div class=\"col-md-4 col-sm-6 col-xs-12 pt-cv-content-item pt-cv-1-col\"  data-pid=\"5671\"><div class='pt-cv-ifield'><a href=\"\" class=\"pt-cv-none pt-cv-href-thumbnail pt-cv-thumb-default cvplbd\" target=\"pt-cv-none\" ><img loading=\"lazy\" decoding=\"async\" width=\"1140\" height=\"858\" src=\"https:\/\/www.fazioli.com\/wp-content\/uploads\/2021\/12\/sito_1140x858_giltburg.png\" class=\"pt-cv-thumbnail img-none skip-lazy \" alt=\"Boris Giltburg\" \/><\/a>\n<h4 class=\"pt-cv-title\"><a href=\"\" class=\"pt-cv-none cvplbd\" target=\"pt-cv-none\" >BORIS GILTBURG<\/a><\/h4><\/div><\/div>\n<div class=\"col-md-4 col-sm-6 col-xs-12 pt-cv-content-item pt-cv-1-col\"  data-pid=\"5677\"><div class='pt-cv-ifield'><a href=\"\" class=\"pt-cv-none pt-cv-href-thumbnail pt-cv-thumb-default cvplbd\" target=\"pt-cv-none\" ><img loading=\"lazy\" decoding=\"async\" width=\"1140\" height=\"858\" src=\"https:\/\/www.fazioli.com\/wp-content\/uploads\/2021\/12\/sito_1140x858_taverna.png\" class=\"pt-cv-thumbnail img-none skip-lazy \" alt=\"Alessandro Taverna\" \/><\/a>\n<h4 class=\"pt-cv-title\"><a href=\"\" class=\"pt-cv-none cvplbd\" target=\"pt-cv-none\" >ALESSANDRO TAVERNA<\/a><\/h4><\/div><\/div>\n<div class=\"col-md-4 col-sm-6 col-xs-12 pt-cv-content-item pt-cv-1-col\"  data-pid=\"5683\"><div class='pt-cv-ifield'><a href=\"\" class=\"pt-cv-none pt-cv-href-thumbnail pt-cv-thumb-default cvplbd\" target=\"pt-cv-none\" ><img loading=\"lazy\" decoding=\"async\" width=\"1140\" height=\"858\" src=\"https:\/\/www.fazioli.com\/wp-content\/uploads\/2021\/12\/sito_1140x858_plano.png\" class=\"pt-cv-thumbnail img-none skip-lazy \" alt=\"Roberto Plano\" \/><\/a>\n<h4 class=\"pt-cv-title\"><a href=\"\" class=\"pt-cv-none cvplbd\" target=\"pt-cv-none\" >ROBERTO PLANO<\/a><\/h4><\/div><\/div>\n<div class=\"col-md-4 col-sm-6 col-xs-12 pt-cv-content-item pt-cv-1-col\"  data-pid=\"5689\"><div class='pt-cv-ifield'><a href=\"\" class=\"pt-cv-none pt-cv-href-thumbnail pt-cv-thumb-default cvplbd\" target=\"pt-cv-none\" ><img loading=\"lazy\" decoding=\"async\" width=\"1140\" height=\"858\" src=\"https:\/\/www.fazioli.com\/wp-content\/uploads\/2021\/12\/sito_1140x858_cepoveckis_schirmer.png\" class=\"pt-cv-thumbnail img-none skip-lazy \" alt=\"sito_1140x858_cepoveckis_schirmer\" \/><\/a>\n<h4 class=\"pt-cv-title\"><a href=\"\" class=\"pt-cv-none cvplbd\" target=\"pt-cv-none\" >JEVG\u0112NIJS \u010cEPOVECKIS &#8211; MARKUS SCHIRMER<\/a><\/h4><\/div><\/div>\n<div class=\"col-md-4 col-sm-6 col-xs-12 pt-cv-content-item pt-cv-1-col\"  data-pid=\"12243\"><div class='pt-cv-ifield'><a href=\"\" class=\"pt-cv-none pt-cv-href-thumbnail pt-cv-thumb-default cvplbd\" target=\"pt-cv-none\" ><img loading=\"lazy\" decoding=\"async\" width=\"1140\" height=\"858\" src=\"https:\/\/www.fazioli.com\/wp-content\/uploads\/2022\/09\/Bruce_LIU.png\" class=\"pt-cv-thumbnail img-none skip-lazy \" alt=\"Fazioli Concert Hall \/ Bruce Liu\" \/><\/a>\n<h4 class=\"pt-cv-title\"><a href=\"\" class=\"pt-cv-none cvplbd\" target=\"pt-cv-none\" >BRUCE LIU<\/a><\/h4><\/div><\/div>\n<div class=\"col-md-4 col-sm-6 col-xs-12 pt-cv-content-item pt-cv-1-col\"  data-pid=\"12258\"><div class='pt-cv-ifield'><a href=\"\" class=\"pt-cv-none pt-cv-href-thumbnail pt-cv-thumb-default cvplbd\" target=\"pt-cv-none\" ><img loading=\"lazy\" decoding=\"async\" width=\"1140\" height=\"858\" src=\"https:\/\/www.fazioli.com\/wp-content\/uploads\/2022\/09\/SO.png\" class=\"pt-cv-thumbnail img-none skip-lazy \" alt=\"Fazioli Concert Hall \/ Ernest So\" \/><\/a>\n<h4 class=\"pt-cv-title\"><a href=\"\" class=\"pt-cv-none cvplbd\" target=\"pt-cv-none\" >ERNEST SO<\/a><\/h4><\/div><\/div>\n<div class=\"col-md-4 col-sm-6 col-xs-12 pt-cv-content-item pt-cv-1-col\"  data-pid=\"12272\"><div class='pt-cv-ifield'><a href=\"\" class=\"pt-cv-none pt-cv-href-thumbnail pt-cv-thumb-default cvplbd\" target=\"pt-cv-none\" ><img loading=\"lazy\" decoding=\"async\" width=\"1140\" height=\"858\" src=\"https:\/\/www.fazioli.com\/wp-content\/uploads\/2022\/09\/LORTIE.png\" class=\"pt-cv-thumbnail img-none skip-lazy \" alt=\"Fazioli Concert Hall \/ Luis Lortie\" \/><\/a>\n<h4 class=\"pt-cv-title\"><a href=\"\" class=\"pt-cv-none cvplbd\" target=\"pt-cv-none\" >LOUIS LORTIE<\/a><\/h4><\/div><\/div>\n<div class=\"col-md-4 col-sm-6 col-xs-12 pt-cv-content-item pt-cv-1-col\"  data-pid=\"12303\"><div class='pt-cv-ifield'><a href=\"\" class=\"pt-cv-none pt-cv-href-thumbnail pt-cv-thumb-default cvplbd\" target=\"pt-cv-none\" ><img loading=\"lazy\" decoding=\"async\" width=\"1140\" height=\"858\" src=\"https:\/\/www.fazioli.com\/wp-content\/uploads\/2022\/09\/LI.png\" class=\"pt-cv-thumbnail img-none skip-lazy \" alt=\"Fazioli Concert Hall \/ Ying LI\" \/><\/a>\n<h4 class=\"pt-cv-title\"><a href=\"\" class=\"pt-cv-none cvplbd\" target=\"pt-cv-none\" >YING LI<\/a><\/h4><\/div><\/div>\n<div class=\"col-md-4 col-sm-6 col-xs-12 pt-cv-content-item pt-cv-1-col\"  data-pid=\"12317\"><div class='pt-cv-ifield'><a href=\"\" class=\"pt-cv-none pt-cv-href-thumbnail pt-cv-thumb-default cvplbd\" target=\"pt-cv-none\" ><img loading=\"lazy\" decoding=\"async\" width=\"1140\" height=\"858\" src=\"https:\/\/www.fazioli.com\/wp-content\/uploads\/2022\/09\/FILIPEC.png\" class=\"pt-cv-thumbnail img-none skip-lazy \" alt=\"Fazioli Concert Hall \/ Goran Filipec\" \/><\/a>\n<h4 class=\"pt-cv-title\"><a href=\"\" class=\"pt-cv-none cvplbd\" target=\"pt-cv-none\" >GORAN FILIPEC<\/a><\/h4><\/div><\/div>\n<div class=\"col-md-4 col-sm-6 col-xs-12 pt-cv-content-item pt-cv-1-col\"  data-pid=\"12331\"><div class='pt-cv-ifield'><a href=\"\" class=\"pt-cv-none pt-cv-href-thumbnail pt-cv-thumb-default cvplbd\" target=\"pt-cv-none\" ><img loading=\"lazy\" decoding=\"async\" width=\"1140\" height=\"858\" src=\"https:\/\/www.fazioli.com\/wp-content\/uploads\/2022\/09\/WANG.png\" class=\"pt-cv-thumbnail img-none skip-lazy \" alt=\"Fazioli Concert Hall \/ Derek Wang\" \/><\/a>\n<h4 class=\"pt-cv-title\"><a href=\"\" class=\"pt-cv-none cvplbd\" target=\"pt-cv-none\" >DEREK WANG<\/a><\/h4><\/div><\/div>\n<div class=\"col-md-4 col-sm-6 col-xs-12 pt-cv-content-item pt-cv-1-col\"  data-pid=\"12345\"><div class='pt-cv-ifield'><a href=\"\" class=\"pt-cv-none pt-cv-href-thumbnail pt-cv-thumb-default cvplbd\" target=\"pt-cv-none\" ><img loading=\"lazy\" decoding=\"async\" width=\"1140\" height=\"858\" src=\"https:\/\/www.fazioli.com\/wp-content\/uploads\/2022\/09\/MOUZA.png\" class=\"pt-cv-thumbnail img-none skip-lazy \" alt=\"Fazioli Concert Hall \/ Alexia Mouza\" \/><\/a>\n<h4 class=\"pt-cv-title\"><a href=\"\" class=\"pt-cv-none cvplbd\" target=\"pt-cv-none\" >ALEXIA MOUZA<\/a><\/h4><\/div><\/div>\n<div class=\"col-md-4 col-sm-6 col-xs-12 pt-cv-content-item pt-cv-1-col\"  data-pid=\"12359\"><div class='pt-cv-ifield'><a href=\"\" class=\"pt-cv-none pt-cv-href-thumbnail pt-cv-thumb-default cvplbd\" target=\"pt-cv-none\" ><img loading=\"lazy\" decoding=\"async\" width=\"1140\" height=\"858\" src=\"https:\/\/www.fazioli.com\/wp-content\/uploads\/2022\/09\/FRANCOIS-YANG.png\" class=\"pt-cv-thumbnail img-none skip-lazy \" alt=\"Fazioli Concert Hall \/ Marie Fran\u00e7ois - Tony Like Yang\" \/><\/a>\n<h4 class=\"pt-cv-title\"><a href=\"\" class=\"pt-cv-none cvplbd\" target=\"pt-cv-none\" >MARIE FRAN\u00c7OIS \/ TONY YIKE YANG<\/a><\/h4><\/div><\/div>\n<div class=\"col-md-4 col-sm-6 col-xs-12 pt-cv-content-item pt-cv-1-col\"  data-pid=\"12373\"><div class='pt-cv-ifield'><a href=\"\" class=\"pt-cv-none pt-cv-href-thumbnail pt-cv-thumb-default cvplbd\" target=\"pt-cv-none\" ><img loading=\"lazy\" decoding=\"async\" width=\"1140\" height=\"858\" src=\"https:\/\/www.fazioli.com\/wp-content\/uploads\/2022\/09\/PETRUSHANSKY.png\" class=\"pt-cv-thumbnail img-none skip-lazy \" alt=\"Fazioli Concert Hall \/ Boris Petrushansky\" \/><\/a>\n<h4 class=\"pt-cv-title\"><a href=\"\" class=\"pt-cv-none cvplbd\" target=\"pt-cv-none\" >BORIS PETRUSHANSKY<\/a><\/h4><\/div><\/div>\n<div class=\"col-md-4 col-sm-6 col-xs-12 pt-cv-content-item pt-cv-1-col\"  data-pid=\"13772\"><div class='pt-cv-ifield'><a href=\"\" class=\"pt-cv-none pt-cv-href-thumbnail pt-cv-thumb-default cvplbd\" target=\"pt-cv-none\" ><img loading=\"lazy\" decoding=\"async\" width=\"1140\" height=\"858\" src=\"https:\/\/www.fazioli.com\/wp-content\/uploads\/2023\/09\/Hewitt.png\" class=\"pt-cv-thumbnail img-none skip-lazy \" alt=\"ANGELA HEWITT\" \/><\/a>\n<h4 class=\"pt-cv-title\"><a href=\"\" class=\"pt-cv-none cvplbd\" target=\"pt-cv-none\" >ANGELA HEWITT<\/a><\/h4><\/div><\/div>\n<div class=\"col-md-4 col-sm-6 col-xs-12 pt-cv-content-item pt-cv-1-col\"  data-pid=\"13787\"><div class='pt-cv-ifield'><a href=\"\" class=\"pt-cv-none pt-cv-href-thumbnail pt-cv-thumb-default cvplbd\" target=\"pt-cv-none\" ><img loading=\"lazy\" decoding=\"async\" width=\"1140\" height=\"858\" src=\"https:\/\/www.fazioli.com\/wp-content\/uploads\/2023\/09\/Giltburg.png\" class=\"pt-cv-thumbnail img-none skip-lazy \" alt=\"BORIS GILTBURG\" \/><\/a>\n<h4 class=\"pt-cv-title\"><a href=\"\" class=\"pt-cv-none cvplbd\" target=\"pt-cv-none\" >BORIS GILTBURG<\/a><\/h4><\/div><\/div><\/div><\/div>\n<div class=\"text-center pt-cv-pagination-wrapper\"><ul class=\"pt-cv-pagination pt-cv-ajax pagination\" data-totalpages=\"3\" data-currentpage=\"1\" data-sid=\"c49c103qdb\" data-unid=\"\" data-isblock=\"\" data-postid=\"\"><li class=\"active\"><a href=\"#\">1<\/a><\/li>\n\t<li ><a class=\"\" href=\"https:\/\/www.fazioli.com\/zh-hans\/wp-json\/wp\/v2\/pages\/11815\/?_page=2\">2<\/a><\/li>\n\t<li ><a class=\"\" href=\"https:\/\/www.fazioli.com\/zh-hans\/wp-json\/wp\/v2\/pages\/11815\/?_page=3\">3<\/a><\/li>\n\t<li ><a class=\" \" href=\"https:\/\/www.fazioli.com\/zh-hans\/wp-json\/wp\/v2\/pages\/11815\/?_page=2\">&rsaquo;<\/a><\/li>\n\t<\/ul><img loading=\"lazy\" decoding=\"async\" width=\"15\" height=\"15\" class=\"pt-cv-spinner\" alt=\"\u52a0\u8f7d\u4e2d...\" src=\"data:image\/gif;base64,R0lGODlhDwAPALMPAMrKygwMDJOTkz09PZWVla+vr3p6euTk5M7OzuXl5TMzMwAAAJmZmWZmZszMzP\/\/\/yH\/C05FVFNDQVBFMi4wAwEAAAAh+QQFCgAPACwAAAAADwAPAAAEQvDJaZaZOIcV8iQK8VRX4iTYoAwZ4iCYoAjZ4RxejhVNoT+mRGP4cyF4Pp0N98sBGIBMEMOotl6YZ3S61Bmbkm4mAgAh+QQFCgAPACwAAAAADQANAAAENPDJSRSZeA418itN8QiK8BiLITVsFiyBBIoYqnoewAD4xPw9iY4XLGYSjkQR4UAUD45DLwIAIfkEBQoADwAsAAAAAA8ACQAABC\/wyVlamTi3nSdgwFNdhEJgTJoNyoB9ISYoQmdjiZPcj7EYCAeCF1gEDo4Dz2eIAAAh+QQFCgAPACwCAAAADQANAAAEM\/DJBxiYeLKdX3IJZT1FU0iIg2RNKx3OkZVnZ98ToRD4MyiDnkAh6BkNC0MvsAj0kMpHBAAh+QQFCgAPACwGAAAACQAPAAAEMDC59KpFDll73HkAA2wVY5KgiK5b0RRoI6MuzG6EQqCDMlSGheEhUAgqgUUAFRySIgAh+QQFCgAPACwCAAIADQANAAAEM\/DJKZNLND\/kkKaHc3xk+QAMYDKsiaqmZCxGVjSFFCxB1vwy2oOgIDxuucxAMTAJFAJNBAAh+QQFCgAPACwAAAYADwAJAAAEMNAs86q1yaWwwv2Ig0jUZx3OYa4XoRAfwADXoAwfo1+CIjyFRuEho60aSNYlOPxEAAAh+QQFCgAPACwAAAIADQANAAAENPA9s4y8+IUVcqaWJ4qEQozSoAzoIyhCK2NFU2SJk0hNnyEOhKR2AzAAj4Pj4GE4W0bkJQIAOw==\" \/><div class=\"clear pt-cv-clear-pagination\"><\/div><\/div><\/div>\t\t\t<style type=\"text\/css\" id=\"pt-cv-inline-style-cdb7963eq3\">#pt-cv-view-c49c103qdb .pt-cv-title a, #pt-cv-view-c49c103qdb  .panel-title { display: block !important; text-align: center !important; clear: both !important; }\n#pt-cv-view-c49c103qdb .pt-cv-readmore  { color: #ffffff !important; background-color: #00aeef !important; }\n#pt-cv-view-c49c103qdb .pt-cv-readmore:hover  { color: #ffffff !important; background-color: #00aeef !important; }\n#pt-cv-view-c49c103qdb  + .pt-cv-pagination-wrapper .pt-cv-more-inactive , #pt-cv-view-c49c103qdb  + .pt-cv-pagination-wrapper .pagination a, .pt-cv-pagination[data-sid='c49c103qdb'] a { color: #8e744c !important; }\n#pt-cv-view-c49c103qdb  + .pt-cv-pagination-wrapper .pt-cv-more , #pt-cv-view-c49c103qdb  + .pt-cv-pagination-wrapper .pagination .active a, .pt-cv-pagination[data-sid='c49c103qdb'] .active a { color: #ffffff !important; background-color: #8e744c !important; }<\/style>\r\n\t\t\t\n","protected":false},"excerpt":{"rendered":"","protected":false},"author":1,"featured_media":0,"parent":0,"menu_order":0,"comment_status":"closed","ping_status":"closed","template":"","meta":{"_acf_changed":false,"inline_featured_image":false,"footnotes":""},"class_list":["post-11815","page","type-page","status-publish","hentry"],"acf":[],"_links":{"self":[{"href":"https:\/\/www.fazioli.com\/zh-hans\/wp-json\/wp\/v2\/pages\/11815","targetHints":{"allow":["GET"]}}],"collection":[{"href":"https:\/\/www.fazioli.com\/zh-hans\/wp-json\/wp\/v2\/pages"}],"about":[{"href":"https:\/\/www.fazioli.com\/zh-hans\/wp-json\/wp\/v2\/types\/page"}],"author":[{"embeddable":true,"href":"https:\/\/www.fazioli.com\/zh-hans\/wp-json\/wp\/v2\/users\/1"}],"replies":[{"embeddable":true,"href":"https:\/\/www.fazioli.com\/zh-hans\/wp-json\/wp\/v2\/comments?post=11815"}],"version-history":[{"count":2,"href":"https:\/\/www.fazioli.com\/zh-hans\/wp-json\/wp\/v2\/pages\/11815\/revisions"}],"predecessor-version":[{"id":11829,"href":"https:\/\/www.fazioli.com\/zh-hans\/wp-json\/wp\/v2\/pages\/11815\/revisions\/11829"}],"wp:attachment":[{"href":"https:\/\/www.fazioli.com\/zh-hans\/wp-json\/wp\/v2\/media?parent=11815"}],"curies":[{"name":"wp","href":"https:\/\/api.w.org\/{rel}","templated":true}]}}